{"id":3948,"date":"2024-07-04T11:59:33","date_gmt":"2024-07-04T08:59:33","guid":{"rendered":"http:\/\/kaminameister.ee\/?post_type=product&#038;p=3948"},"modified":"2025-06-20T12:39:43","modified_gmt":"2025-06-20T09:39:43","slug":"kamin-rossella-plus-forno-evo-lanordica-extraflame","status":"publish","type":"product","link":"https:\/\/kaminameister.ee\/en\/tooted\/kaminad\/valmiskaminad\/kamin-rossella-plus-forno-evo-lanordica-extraflame\/","title":{"rendered":"kamin ROSSELLA Plus Forno Evo (LaNordica Extraflame)"},"content":{"rendered":"<p><i>Kamina korpusel on majoolika viimistlus ,k\u00fcpsetusahjuga,\u00a0k\u00f6etav ruumala: 260m\u00b3,suitsutoru diam.130 mm.<\/i><\/p>\n<p><i>kolle: malm kolde ukse m\u00f5\u00f5dud: 355x245mm,kolde m\u00f5\u00f5dud: 379x370x327 mm ,ahju m\u00f5\u00f5dud: 330x300x370 mm,<\/i><\/p>\n<p><i>korpuse majoolika viimistlus: liberty bordoo ja pergamena, voolukivi.<\/i><\/p>\n<p><em>Tehniline joonis: <a href=\"http:\/\/kaminameister.ee\/wp-content\/uploads\/2024\/07\/rossella-plus-forno-evo.pdf\">Rossella Plus Forno Evo<\/a><\/em><\/p>\n","protected":false},"excerpt":{"rendered":"<p><em>Kaal: 195-219 kg, nominaalv\u00f5imsus: 9.1 kW, k\u00f5rgus: 1359 mm, laius: 559 mm, s\u00fcgavus: 536 mm, kasutegur: 86%, suitsugaasi temperatuur: 215\u00b0C, CO: 0.07<\/em><\/p>\n<p><em><strong>Hind: 2 767\u20ac<\/strong><\/em><\/p>\n<p>&nbsp;<\/p>\n","protected":false},"featured_media":3952,"comment_status":"open","ping_status":"closed","template":"","meta":{"_et_pb_use_builder":"","_et_pb_old_content":"","_et_gb_content_width":""},"product_brand":[146],"product_cat":[24,46],"product_tag":[],"class_list":{"0":"post-3948","1":"product","2":"type-product","3":"status-publish","4":"has-post-thumbnail","6":"product_brand-lanordica-extraflame","7":"product_cat-kaminad","8":"product_cat-valmiskaminad","9":"pa_brand-lanordica-extraflame","11":"first","12":"instock","13":"shipping-taxable","14":"purchasable","15":"product-type-simple"},"_links":{"self":[{"href":"https:\/\/kaminameister.ee\/en\/wp-json\/wp\/v2\/product\/3948","targetHints":{"allow":["GET"]}}],"collection":[{"href":"https:\/\/kaminameister.ee\/en\/wp-json\/wp\/v2\/product"}],"about":[{"href":"https:\/\/kaminameister.ee\/en\/wp-json\/wp\/v2\/types\/product"}],"replies":[{"embeddable":true,"href":"https:\/\/kaminameister.ee\/en\/wp-json\/wp\/v2\/comments?post=3948"}],"wp:featuredmedia":[{"embeddable":true,"href":"https:\/\/kaminameister.ee\/en\/wp-json\/wp\/v2\/media\/3952"}],"wp:attachment":[{"href":"https:\/\/kaminameister.ee\/en\/wp-json\/wp\/v2\/media?parent=3948"}],"wp:term":[{"taxonomy":"product_brand","embeddable":true,"href":"https:\/\/kaminameister.ee\/en\/wp-json\/wp\/v2\/product_brand?post=3948"},{"taxonomy":"product_cat","embeddable":true,"href":"https:\/\/kaminameister.ee\/en\/wp-json\/wp\/v2\/product_cat?post=3948"},{"taxonomy":"product_tag","embeddable":true,"href":"https:\/\/kaminameister.ee\/en\/wp-json\/wp\/v2\/product_tag?post=3948"}],"curies":[{"name":"wp","href":"https:\/\/api.w.org\/{rel}","templated":true}]}}