{"id":3932,"date":"2024-07-04T11:40:43","date_gmt":"2024-07-04T08:40:43","guid":{"rendered":"http:\/\/kaminameister.ee\/?post_type=product&#038;p=3932"},"modified":"2025-08-13T17:02:31","modified_gmt":"2025-08-13T14:02:31","slug":"kamin-rossella-r1-bll-lanordica-extraflame","status":"publish","type":"product","link":"https:\/\/kaminameister.ee\/en\/tooted\/kaminad\/valmiskaminad\/kamin-rossella-r1-bll-lanordica-extraflame\/","title":{"rendered":"kamin ROSSELLA R1 Bll (LaNordica Extraflame)"},"content":{"rendered":"<p><i>V\u00e4liskorpus on valmistatud majoolikast v\u00f5i looduskivist .K\u00fcttev\u00f5imsus 252 m3.Suitsutoru d.130 mm.<\/i><\/p>\n<p><i>Kolde ava m\u00f5\u00f5dud: 315\u00d7285 mm\u00a0<\/i><i>\u00a0Kolde m\u00f5\u00f5dud: 377x420x385 mm\u00a0<\/i><\/p>\n<p><i>Suitsutoru \u00fchendus: pealt\u00a0 ,h<\/i><i>alu pikkus: 30 cm<\/i><\/p>\n<p><em>Tehniline joonis:\u00a0 <a href=\"http:\/\/kaminameister.ee\/wp-content\/uploads\/2024\/07\/rossella-r1.pdf\">Rossella R1<\/a><\/em><\/p>\n","protected":false},"excerpt":{"rendered":"<p><em>Kaal: 155 kg, nominaalv\u00f5imsus: 8.8 kW, k\u00f5rgus: 915 mm, laius: 578 mm, s\u00fcgavus: 586 mm, kasutegur: 80%, suitsugaasi temperatuur: 273\u00b0C, CO: 0.05<\/em><\/p>\n<p><b><i>Rossella R1 bordeaux Liberty, panna Liberty,hind 1 678\u20ac<\/i><\/b><\/p>\n<p><b><i>Rossella R1 voolukivi : 1 716\u20ac<\/i><\/b><\/p>\n","protected":false},"featured_media":3939,"comment_status":"open","ping_status":"closed","template":"","meta":{"_et_pb_use_builder":"","_et_pb_old_content":"","_et_gb_content_width":""},"product_brand":[146],"product_cat":[24,46],"product_tag":[],"class_list":{"0":"post-3932","1":"product","2":"type-product","3":"status-publish","4":"has-post-thumbnail","6":"product_brand-lanordica-extraflame","7":"product_cat-kaminad","8":"product_cat-valmiskaminad","9":"pa_brand-lanordica-extraflame","11":"first","12":"instock","13":"shipping-taxable","14":"purchasable","15":"product-type-simple"},"_links":{"self":[{"href":"https:\/\/kaminameister.ee\/en\/wp-json\/wp\/v2\/product\/3932","targetHints":{"allow":["GET"]}}],"collection":[{"href":"https:\/\/kaminameister.ee\/en\/wp-json\/wp\/v2\/product"}],"about":[{"href":"https:\/\/kaminameister.ee\/en\/wp-json\/wp\/v2\/types\/product"}],"replies":[{"embeddable":true,"href":"https:\/\/kaminameister.ee\/en\/wp-json\/wp\/v2\/comments?post=3932"}],"wp:featuredmedia":[{"embeddable":true,"href":"https:\/\/kaminameister.ee\/en\/wp-json\/wp\/v2\/media\/3939"}],"wp:attachment":[{"href":"https:\/\/kaminameister.ee\/en\/wp-json\/wp\/v2\/media?parent=3932"}],"wp:term":[{"taxonomy":"product_brand","embeddable":true,"href":"https:\/\/kaminameister.ee\/en\/wp-json\/wp\/v2\/product_brand?post=3932"},{"taxonomy":"product_cat","embeddable":true,"href":"https:\/\/kaminameister.ee\/en\/wp-json\/wp\/v2\/product_cat?post=3932"},{"taxonomy":"product_tag","embeddable":true,"href":"https:\/\/kaminameister.ee\/en\/wp-json\/wp\/v2\/product_tag?post=3932"}],"curies":[{"name":"wp","href":"https:\/\/api.w.org\/{rel}","templated":true}]}}