{"id":3916,"date":"2024-07-04T11:30:38","date_gmt":"2024-07-04T08:30:38","guid":{"rendered":"http:\/\/kaminameister.ee\/?post_type=product&#038;p=3916"},"modified":"2025-06-20T12:43:10","modified_gmt":"2025-06-20T09:43:10","slug":"kamin-fedoralanordica-extraflame","status":"publish","type":"product","link":"https:\/\/kaminameister.ee\/en\/tooted\/kaminad\/valmiskaminad\/kamin-fedoralanordica-extraflame\/","title":{"rendered":"kamin FEDORA(LaNordica Extraflame)"},"content":{"rendered":"<p><i>Valge ja bordoo ning must teras.Mudelil peal nn.pliidiplaat!\u00a0<\/i><i>k\u00f6etav ala : 238 m3, suitsutoru diam.130 mm.<\/i><\/p>\n<p><i>kolde ukse m\u00f5\u00f5dud: 315x285mm,kolde m\u00f5\u00f5dud: 377x368x362 mm<\/i><\/p>\n<p><em>Tehniline joonis:\u00a0 <a href=\"http:\/\/kaminameister.ee\/wp-content\/uploads\/2024\/07\/fedora.pdf\">Fedora \u00a0 \u00a0 <\/a><a href=\"http:\/\/kaminameister.ee\/wp-content\/uploads\/2024\/07\/fedora-steel.pdf\">Fedora Steel<\/a><\/em><\/p>\n","protected":false},"excerpt":{"rendered":"<p><em>Kaal: 175 kg, nominaalv\u00f5imsus: 8.3 kW, k\u00f5rgus: 1035 mm, laius: 559 mm, s\u00fcgavus: 547 mm, kasutegur: 86.4%, suitsugaasi temperatuur: 214\u00b0C, CO: 0.03\u00a0<\/em><\/p>\n<p><b><i>Fedora, hind 2 409\u20ac<\/i><\/b><\/p>\n<p><b><i>Fedora Steel, hind: 1 953\u20ac.\u00a0 <\/i><\/b><i>Kaal\u00a0 150 kg.<\/i><\/p>\n","protected":false},"featured_media":3923,"comment_status":"open","ping_status":"closed","template":"","meta":{"_et_pb_use_builder":"","_et_pb_old_content":"","_et_gb_content_width":""},"product_brand":[146],"product_cat":[24,46],"product_tag":[],"class_list":{"0":"post-3916","1":"product","2":"type-product","3":"status-publish","4":"has-post-thumbnail","6":"product_brand-lanordica-extraflame","7":"product_cat-kaminad","8":"product_cat-valmiskaminad","9":"pa_brand-lanordica-extraflame","11":"first","12":"instock","13":"shipping-taxable","14":"purchasable","15":"product-type-simple"},"_links":{"self":[{"href":"https:\/\/kaminameister.ee\/en\/wp-json\/wp\/v2\/product\/3916","targetHints":{"allow":["GET"]}}],"collection":[{"href":"https:\/\/kaminameister.ee\/en\/wp-json\/wp\/v2\/product"}],"about":[{"href":"https:\/\/kaminameister.ee\/en\/wp-json\/wp\/v2\/types\/product"}],"replies":[{"embeddable":true,"href":"https:\/\/kaminameister.ee\/en\/wp-json\/wp\/v2\/comments?post=3916"}],"wp:featuredmedia":[{"embeddable":true,"href":"https:\/\/kaminameister.ee\/en\/wp-json\/wp\/v2\/media\/3923"}],"wp:attachment":[{"href":"https:\/\/kaminameister.ee\/en\/wp-json\/wp\/v2\/media?parent=3916"}],"wp:term":[{"taxonomy":"product_brand","embeddable":true,"href":"https:\/\/kaminameister.ee\/en\/wp-json\/wp\/v2\/product_brand?post=3916"},{"taxonomy":"product_cat","embeddable":true,"href":"https:\/\/kaminameister.ee\/en\/wp-json\/wp\/v2\/product_cat?post=3916"},{"taxonomy":"product_tag","embeddable":true,"href":"https:\/\/kaminameister.ee\/en\/wp-json\/wp\/v2\/product_tag?post=3916"}],"curies":[{"name":"wp","href":"https:\/\/api.w.org\/{rel}","templated":true}]}}