{"id":3900,"date":"2024-07-04T11:25:07","date_gmt":"2024-07-04T08:25:07","guid":{"rendered":"http:\/\/kaminameister.ee\/?post_type=product&#038;p=3900"},"modified":"2025-06-20T12:44:48","modified_gmt":"2025-06-20T09:44:48","slug":"kamin-liu-lanordica-extraflame","status":"publish","type":"product","link":"https:\/\/kaminameister.ee\/en\/tooted\/kaminad\/valmiskaminad\/kamin-liu-lanordica-extraflame\/","title":{"rendered":"kamin LIU  (LaNordica Extraflame)"},"content":{"rendered":"<p><i>K\u00fcttev\u00f5imsus 215 m3.Suitsutoru diam.130 mm\u00a0\u00a0<\/i><i>Liu : punane v\u00f5i valge majoolika .<\/i><\/p>\n<p><i>kolde ukse m\u00f5\u00f5dud: 270x375mm,kolde m\u00f5\u00f5dud: 295x420x310 mm<\/i><\/p>\n<p><em>Tehniline joonis: <a href=\"http:\/\/kaminameister.ee\/wp-content\/uploads\/2024\/07\/liu.pdf\">Liu<\/a> <a href=\"http:\/\/kaminameister.ee\/wp-content\/uploads\/2024\/07\/liu-petra.pdf\">Liu Petra<\/a><\/em><\/p>\n","protected":false},"excerpt":{"rendered":"<p><em>Kaal: 170 kg, nominaalv\u00f5imsus: 7.5 kW, k\u00f5rgus: 1127 mm, laius: 537 mm, s\u00fcgavus: 490 mm, kasutegur: 86.5%, suitsugaasi temperatuur: 216\u00b0C, CO: 0.074\u00a0<\/em><\/p>\n<p><b><i>Liu, hind 2 570\u20ac<\/i><\/b><\/p>\n<p><b><i>Liu Petra: kamin voolukivist \u00fcmbrisega,hind 2 683\u20ac<\/i><\/b><\/p>\n","protected":false},"featured_media":3907,"comment_status":"open","ping_status":"closed","template":"","meta":{"_et_pb_use_builder":"","_et_pb_old_content":"","_et_gb_content_width":""},"product_brand":[146],"product_cat":[24,46],"product_tag":[],"class_list":{"0":"post-3900","1":"product","2":"type-product","3":"status-publish","4":"has-post-thumbnail","6":"product_brand-lanordica-extraflame","7":"product_cat-kaminad","8":"product_cat-valmiskaminad","9":"pa_brand-lanordica-extraflame","11":"first","12":"instock","13":"shipping-taxable","14":"purchasable","15":"product-type-simple"},"_links":{"self":[{"href":"https:\/\/kaminameister.ee\/en\/wp-json\/wp\/v2\/product\/3900","targetHints":{"allow":["GET"]}}],"collection":[{"href":"https:\/\/kaminameister.ee\/en\/wp-json\/wp\/v2\/product"}],"about":[{"href":"https:\/\/kaminameister.ee\/en\/wp-json\/wp\/v2\/types\/product"}],"replies":[{"embeddable":true,"href":"https:\/\/kaminameister.ee\/en\/wp-json\/wp\/v2\/comments?post=3900"}],"wp:featuredmedia":[{"embeddable":true,"href":"https:\/\/kaminameister.ee\/en\/wp-json\/wp\/v2\/media\/3907"}],"wp:attachment":[{"href":"https:\/\/kaminameister.ee\/en\/wp-json\/wp\/v2\/media?parent=3900"}],"wp:term":[{"taxonomy":"product_brand","embeddable":true,"href":"https:\/\/kaminameister.ee\/en\/wp-json\/wp\/v2\/product_brand?post=3900"},{"taxonomy":"product_cat","embeddable":true,"href":"https:\/\/kaminameister.ee\/en\/wp-json\/wp\/v2\/product_cat?post=3900"},{"taxonomy":"product_tag","embeddable":true,"href":"https:\/\/kaminameister.ee\/en\/wp-json\/wp\/v2\/product_tag?post=3900"}],"curies":[{"name":"wp","href":"https:\/\/api.w.org\/{rel}","templated":true}]}}