{"id":3887,"date":"2024-07-04T11:08:33","date_gmt":"2024-07-04T08:08:33","guid":{"rendered":"http:\/\/kaminameister.ee\/?post_type=product&#038;p=3887"},"modified":"2025-08-13T17:12:45","modified_gmt":"2025-08-13T14:12:45","slug":"kamin-emiliana-lanordica-extraflame","status":"publish","type":"product","link":"https:\/\/kaminameister.ee\/en\/tooted\/kaminad\/valmiskaminad\/kamin-emiliana-lanordica-extraflame\/","title":{"rendered":"kamin EMILIANA (LaNordica Extraflame)"},"content":{"rendered":"<p><i>Majoolika bordoo .Mudelil peal nn.pliidiplaat! K\u00fcttev\u00f5imsus 186 m3.Suitsutoru diam.120 mm.<\/i><\/p>\n<p><i>kolde ukse m\u00f5\u00f5dud: 210x255mm,kolde m\u00f5\u00f5dud: 273x330x320 mm\u00a0<\/i><\/p>\n<p><em>Tehniline joonis: <a href=\"http:\/\/kaminameister.ee\/wp-content\/uploads\/2024\/07\/emiliana.pdf\">Emiliana<\/a><\/em><\/p>\n","protected":false},"excerpt":{"rendered":"<p><em>Kaal: 140 kg, nominaalv\u00f5imsus: 6.5 kW, k\u00f5rgus: 950 mm, laius: 453 mm, s\u00fcgavus: 490 mm, kasutegur: 88.7%, suitsugaasi temperatuur: 207\u00b0C, CO: 0.03\u00a0<\/em><\/p>\n<p><b><i>Emiliana, hind: 1 947\u20ac<\/i><\/b><\/p>\n<p><b><i>Emiliana Steel, hind: 1 597\u20ac<\/i><\/b><\/p>\n","protected":false},"featured_media":5962,"comment_status":"open","ping_status":"closed","template":"","meta":{"_et_pb_use_builder":"","_et_pb_old_content":"","_et_gb_content_width":""},"product_brand":[146],"product_cat":[24,46],"product_tag":[],"class_list":{"0":"post-3887","1":"product","2":"type-product","3":"status-publish","4":"has-post-thumbnail","6":"product_brand-lanordica-extraflame","7":"product_cat-kaminad","8":"product_cat-valmiskaminad","9":"pa_brand-lanordica-extraflame","11":"first","12":"instock","13":"shipping-taxable","14":"purchasable","15":"product-type-simple"},"_links":{"self":[{"href":"https:\/\/kaminameister.ee\/en\/wp-json\/wp\/v2\/product\/3887","targetHints":{"allow":["GET"]}}],"collection":[{"href":"https:\/\/kaminameister.ee\/en\/wp-json\/wp\/v2\/product"}],"about":[{"href":"https:\/\/kaminameister.ee\/en\/wp-json\/wp\/v2\/types\/product"}],"replies":[{"embeddable":true,"href":"https:\/\/kaminameister.ee\/en\/wp-json\/wp\/v2\/comments?post=3887"}],"wp:featuredmedia":[{"embeddable":true,"href":"https:\/\/kaminameister.ee\/en\/wp-json\/wp\/v2\/media\/5962"}],"wp:attachment":[{"href":"https:\/\/kaminameister.ee\/en\/wp-json\/wp\/v2\/media?parent=3887"}],"wp:term":[{"taxonomy":"product_brand","embeddable":true,"href":"https:\/\/kaminameister.ee\/en\/wp-json\/wp\/v2\/product_brand?post=3887"},{"taxonomy":"product_cat","embeddable":true,"href":"https:\/\/kaminameister.ee\/en\/wp-json\/wp\/v2\/product_cat?post=3887"},{"taxonomy":"product_tag","embeddable":true,"href":"https:\/\/kaminameister.ee\/en\/wp-json\/wp\/v2\/product_tag?post=3887"}],"curies":[{"name":"wp","href":"https:\/\/api.w.org\/{rel}","templated":true}]}}