{"id":3874,"date":"2024-07-04T11:04:44","date_gmt":"2024-07-04T08:04:44","guid":{"rendered":"http:\/\/kaminameister.ee\/?post_type=product&#038;p=3874"},"modified":"2025-09-08T09:28:00","modified_gmt":"2025-09-08T06:28:00","slug":"kamin-concita-lanordica-extraflame","status":"publish","type":"product","link":"https:\/\/kaminameister.ee\/en\/tooted\/kaminad\/valmiskaminad\/kamin-concita-lanordica-extraflame\/","title":{"rendered":"kamin CONCITA (LaNordica Extraflame)"},"content":{"rendered":"<p><i>bordoo ,valge majoolika v\u00f5i must\u00a0 teras. K\u00fcttev\u00f5imsus 338 m3.Suitsutoru diam.120 mm.Mudelil peal nn.pliidiplaat.<\/i><\/p>\n<p><i>kolde ukse m\u00f5\u00f5dud: 315x285mm,kolde m\u00f5\u00f5dud: 357x450x362 mm\u00a0<\/i><\/p>\n<p><em>Tehniline joonis: <a href=\"http:\/\/kaminameister.ee\/wp-content\/uploads\/2024\/07\/concita-tehn.pdf\">Concita tehn<\/a><\/em><\/p>\n","protected":false},"excerpt":{"rendered":"<p><em>Kaal: 135 kg, nominaalv\u00f5imsus: 11.8 kW, k\u00f5rgus: 1545 mm, laius: 559 mm, s\u00fcgavus: 569 mm, kasutegur: 88.7%, suitsugaasi temperatuur: 212\u00b0C, CO: 0.039\u00a0<\/em><\/p>\n<p><b><i>Concita, hind : 2 453\u20ac<\/i><\/b><\/p>\n<p><b><i>Concita Steel,valge v\u00f5i must\u00a0 teras, hind: 2 035\u20ac<\/i><\/b><\/p>\n<p><i>\u00a0<\/i><\/p>\n","protected":false},"featured_media":3878,"comment_status":"open","ping_status":"closed","template":"","meta":{"_et_pb_use_builder":"","_et_pb_old_content":"","_et_gb_content_width":""},"product_brand":[146],"product_cat":[24,46],"product_tag":[],"class_list":{"0":"post-3874","1":"product","2":"type-product","3":"status-publish","4":"has-post-thumbnail","6":"product_brand-lanordica-extraflame","7":"product_cat-kaminad","8":"product_cat-valmiskaminad","9":"pa_brand-lanordica-extraflame","11":"first","12":"instock","13":"shipping-taxable","14":"purchasable","15":"product-type-simple"},"_links":{"self":[{"href":"https:\/\/kaminameister.ee\/en\/wp-json\/wp\/v2\/product\/3874","targetHints":{"allow":["GET"]}}],"collection":[{"href":"https:\/\/kaminameister.ee\/en\/wp-json\/wp\/v2\/product"}],"about":[{"href":"https:\/\/kaminameister.ee\/en\/wp-json\/wp\/v2\/types\/product"}],"replies":[{"embeddable":true,"href":"https:\/\/kaminameister.ee\/en\/wp-json\/wp\/v2\/comments?post=3874"}],"wp:featuredmedia":[{"embeddable":true,"href":"https:\/\/kaminameister.ee\/en\/wp-json\/wp\/v2\/media\/3878"}],"wp:attachment":[{"href":"https:\/\/kaminameister.ee\/en\/wp-json\/wp\/v2\/media?parent=3874"}],"wp:term":[{"taxonomy":"product_brand","embeddable":true,"href":"https:\/\/kaminameister.ee\/en\/wp-json\/wp\/v2\/product_brand?post=3874"},{"taxonomy":"product_cat","embeddable":true,"href":"https:\/\/kaminameister.ee\/en\/wp-json\/wp\/v2\/product_cat?post=3874"},{"taxonomy":"product_tag","embeddable":true,"href":"https:\/\/kaminameister.ee\/en\/wp-json\/wp\/v2\/product_tag?post=3874"}],"curies":[{"name":"wp","href":"https:\/\/api.w.org\/{rel}","templated":true}]}}