{"id":3867,"date":"2024-07-03T16:26:21","date_gmt":"2024-07-03T13:26:21","guid":{"rendered":"http:\/\/kaminameister.ee\/?post_type=product&#038;p=3867"},"modified":"2025-06-20T12:42:29","modified_gmt":"2025-06-20T09:42:29","slug":"kamin-marlenalanordica-extraflame","status":"publish","type":"product","link":"https:\/\/kaminameister.ee\/en\/tooted\/kaminad\/valmiskaminad\/kamin-marlenalanordica-extraflame\/","title":{"rendered":"kamin MARLENA(LaNordica Extraflame)"},"content":{"rendered":"<p><i>K\u00fcttev\u00f5imsus 215 m3.Suitsutoru d.130 mm.\u00a0Ergonoomilise k\u00e4epidemega mudel<\/i><\/p>\n<p><i>kolde ukse m\u00f5\u00f5dud: 270&#215;375 mm,kolde m\u00f5\u00f5dud: 273x330x320 mm<\/i><\/p>\n<p><em>Tehniline joonis: <a href=\"http:\/\/kaminameister.ee\/wp-content\/uploads\/2024\/07\/marlena.pdf\">Marlena<\/a><\/em><\/p>\n","protected":false},"excerpt":{"rendered":"<p><em>Kaal: 140 kg, nominaalv\u00f5imsus: 7.5 kW, kK\u00f5rgus: 1060 mm, laius: 450 mm, s\u00fcgavus: 475 mm, kKasutegur: 86.5%, suitsugaasi temperatuur: 216\u00b0C, CO: 0.074<\/em><\/p>\n<p><strong><em>Hind: 2 019\u20ac<\/em><\/strong><\/p>\n","protected":false},"featured_media":3871,"comment_status":"open","ping_status":"closed","template":"","meta":{"_et_pb_use_builder":"","_et_pb_old_content":"","_et_gb_content_width":""},"product_brand":[146],"product_cat":[24,46],"product_tag":[],"class_list":{"0":"post-3867","1":"product","2":"type-product","3":"status-publish","4":"has-post-thumbnail","6":"product_brand-lanordica-extraflame","7":"product_cat-kaminad","8":"product_cat-valmiskaminad","9":"pa_brand-lanordica-extraflame","11":"first","12":"instock","13":"shipping-taxable","14":"purchasable","15":"product-type-simple"},"_links":{"self":[{"href":"https:\/\/kaminameister.ee\/en\/wp-json\/wp\/v2\/product\/3867","targetHints":{"allow":["GET"]}}],"collection":[{"href":"https:\/\/kaminameister.ee\/en\/wp-json\/wp\/v2\/product"}],"about":[{"href":"https:\/\/kaminameister.ee\/en\/wp-json\/wp\/v2\/types\/product"}],"replies":[{"embeddable":true,"href":"https:\/\/kaminameister.ee\/en\/wp-json\/wp\/v2\/comments?post=3867"}],"wp:featuredmedia":[{"embeddable":true,"href":"https:\/\/kaminameister.ee\/en\/wp-json\/wp\/v2\/media\/3871"}],"wp:attachment":[{"href":"https:\/\/kaminameister.ee\/en\/wp-json\/wp\/v2\/media?parent=3867"}],"wp:term":[{"taxonomy":"product_brand","embeddable":true,"href":"https:\/\/kaminameister.ee\/en\/wp-json\/wp\/v2\/product_brand?post=3867"},{"taxonomy":"product_cat","embeddable":true,"href":"https:\/\/kaminameister.ee\/en\/wp-json\/wp\/v2\/product_cat?post=3867"},{"taxonomy":"product_tag","embeddable":true,"href":"https:\/\/kaminameister.ee\/en\/wp-json\/wp\/v2\/product_tag?post=3867"}],"curies":[{"name":"wp","href":"https:\/\/api.w.org\/{rel}","templated":true}]}}