{"id":3841,"date":"2024-07-03T15:38:00","date_gmt":"2024-07-03T12:38:00","guid":{"rendered":"http:\/\/kaminameister.ee\/?post_type=product&#038;p=3841"},"modified":"2025-06-20T12:41:51","modified_gmt":"2025-06-20T09:41:51","slug":"kamin-tahiti-ja-tahiti-eps-lanordica-extraflame","status":"publish","type":"product","link":"https:\/\/kaminameister.ee\/en\/tooted\/kaminad\/malmkaminad\/kamin-tahiti-ja-tahiti-eps-lanordica-extraflame\/","title":{"rendered":"kamin TAHITI ja TAHITI EPS (LaNordica Extraflame)"},"content":{"rendered":"<p><i>K\u00fcttev\u00f5imsus 220 m3.Suitsutoru d.150 mm.<\/i><\/p>\n<p><i>kolde ukse m\u00f5\u00f5dud: 532x212mm,kolde m\u00f5\u00f5dud: 585x290x255 mm<\/i><\/p>\n<p><i>Tahiti EPS,mudeli \u00fchendustorul radiaator : 8 kW,229 m3.<\/i><\/p>\n<p><em>Tehniline joonis: <a href=\"http:\/\/kaminameister.ee\/wp-content\/uploads\/2024\/07\/tahiti.pdf\">Tahiti<\/a>\u00a0 <a href=\"http:\/\/kaminameister.ee\/wp-content\/uploads\/2024\/07\/tahiti-eps-1.pdf\">Tahiti EPS<\/a><\/em><\/p>\n","protected":false},"excerpt":{"rendered":"<p><em>Kaal: 150 kg, nominaalv\u00f5imsus: 7.7 kW, k\u00f5rgus: 894 mm, laius: 746 mm, s\u00fcgavus: 483 mm, kasutegur: 81.8%, suitsugaasi temperatuur: 272\u00b0C, CO: 0.079<\/em><\/p>\n<p><b><i>Mudel Tahiti, hind 1 909\u20ac<\/i><\/b><\/p>\n<p><b><i>Tahiti EPS,mudelil \u00fchendustorul radiaator,hind 2 024\u20ac\u00a0<\/i><\/b><\/p>\n","protected":false},"featured_media":3851,"comment_status":"open","ping_status":"closed","template":"","meta":{"_et_pb_use_builder":"","_et_pb_old_content":"","_et_gb_content_width":""},"product_brand":[146],"product_cat":[24,47,46],"product_tag":[],"class_list":{"0":"post-3841","1":"product","2":"type-product","3":"status-publish","4":"has-post-thumbnail","6":"product_brand-lanordica-extraflame","7":"product_cat-kaminad","8":"product_cat-malmkaminad","9":"product_cat-valmiskaminad","10":"pa_brand-lanordica-extraflame","12":"first","13":"instock","14":"shipping-taxable","15":"purchasable","16":"product-type-simple"},"_links":{"self":[{"href":"https:\/\/kaminameister.ee\/en\/wp-json\/wp\/v2\/product\/3841","targetHints":{"allow":["GET"]}}],"collection":[{"href":"https:\/\/kaminameister.ee\/en\/wp-json\/wp\/v2\/product"}],"about":[{"href":"https:\/\/kaminameister.ee\/en\/wp-json\/wp\/v2\/types\/product"}],"replies":[{"embeddable":true,"href":"https:\/\/kaminameister.ee\/en\/wp-json\/wp\/v2\/comments?post=3841"}],"wp:featuredmedia":[{"embeddable":true,"href":"https:\/\/kaminameister.ee\/en\/wp-json\/wp\/v2\/media\/3851"}],"wp:attachment":[{"href":"https:\/\/kaminameister.ee\/en\/wp-json\/wp\/v2\/media?parent=3841"}],"wp:term":[{"taxonomy":"product_brand","embeddable":true,"href":"https:\/\/kaminameister.ee\/en\/wp-json\/wp\/v2\/product_brand?post=3841"},{"taxonomy":"product_cat","embeddable":true,"href":"https:\/\/kaminameister.ee\/en\/wp-json\/wp\/v2\/product_cat?post=3841"},{"taxonomy":"product_tag","embeddable":true,"href":"https:\/\/kaminameister.ee\/en\/wp-json\/wp\/v2\/product_tag?post=3841"}],"curies":[{"name":"wp","href":"https:\/\/api.w.org\/{rel}","templated":true}]}}