{"id":3834,"date":"2024-07-03T15:13:51","date_gmt":"2024-07-03T12:13:51","guid":{"rendered":"http:\/\/kaminameister.ee\/?post_type=product&#038;p=3834"},"modified":"2025-06-20T12:40:15","modified_gmt":"2025-06-20T09:40:15","slug":"kamin-jennifer-2-0-lanordica-extraflame","status":"publish","type":"product","link":"https:\/\/kaminameister.ee\/en\/tooted\/kaminad\/malmkaminad\/kamin-jennifer-2-0-lanordica-extraflame\/","title":{"rendered":"kamin JENNIFER 2.0 (LaNordica Extraflame)"},"content":{"rendered":"<p><i>\u00a0<\/i><i>\u00a0<\/i><i>K\u00f6etav pind: 220 m3 , suitsutoru ava diameeter: 150 mm , suitsutoru \u00fchendus: Pealt<br \/>\nkeskmine puidu tarbimine: 2.2 kg\/h , k\u00fctus: puu\u00a0,halu pikkus: 500 mm<br \/>\n<\/i><\/p>\n<p><i>Kolde ava m\u00f5\u00f5dud: 532\u00d7212 mm\u00a0 \u00a0Kolde m\u00f5\u00f5dud: 585x290x255 mm<\/i><\/p>\n<p><em>Tehniline joonis: <a href=\"http:\/\/kaminameister.ee\/wp-content\/uploads\/2024\/07\/jennifer-tehniline.pdf\">Jennifer tehniline<\/a><\/em><\/p>\n","protected":false},"excerpt":{"rendered":"<p><em>Kaal: 141 kg, nominaalv\u00f5imsus: 7.7 kW, k\u00f5rgus: 870 mm, laius: 702 mm, s\u00fcgavus: 478 mm, kasutegur: 81.8%, suitsugaasi temperatuur: 272\u00b0C, CO: 0.079<\/em><\/p>\n<p><strong><em>Hind: 1 859\u20ac<\/em><\/strong><\/p>\n","protected":false},"featured_media":3838,"comment_status":"open","ping_status":"closed","template":"","meta":{"_et_pb_use_builder":"","_et_pb_old_content":"","_et_gb_content_width":""},"product_brand":[146],"product_cat":[24,47,46],"product_tag":[],"class_list":{"0":"post-3834","1":"product","2":"type-product","3":"status-publish","4":"has-post-thumbnail","6":"product_brand-lanordica-extraflame","7":"product_cat-kaminad","8":"product_cat-malmkaminad","9":"product_cat-valmiskaminad","10":"pa_brand-lanordica-extraflame","12":"first","13":"instock","14":"shipping-taxable","15":"purchasable","16":"product-type-simple"},"_links":{"self":[{"href":"https:\/\/kaminameister.ee\/en\/wp-json\/wp\/v2\/product\/3834","targetHints":{"allow":["GET"]}}],"collection":[{"href":"https:\/\/kaminameister.ee\/en\/wp-json\/wp\/v2\/product"}],"about":[{"href":"https:\/\/kaminameister.ee\/en\/wp-json\/wp\/v2\/types\/product"}],"replies":[{"embeddable":true,"href":"https:\/\/kaminameister.ee\/en\/wp-json\/wp\/v2\/comments?post=3834"}],"wp:featuredmedia":[{"embeddable":true,"href":"https:\/\/kaminameister.ee\/en\/wp-json\/wp\/v2\/media\/3838"}],"wp:attachment":[{"href":"https:\/\/kaminameister.ee\/en\/wp-json\/wp\/v2\/media?parent=3834"}],"wp:term":[{"taxonomy":"product_brand","embeddable":true,"href":"https:\/\/kaminameister.ee\/en\/wp-json\/wp\/v2\/product_brand?post=3834"},{"taxonomy":"product_cat","embeddable":true,"href":"https:\/\/kaminameister.ee\/en\/wp-json\/wp\/v2\/product_cat?post=3834"},{"taxonomy":"product_tag","embeddable":true,"href":"https:\/\/kaminameister.ee\/en\/wp-json\/wp\/v2\/product_tag?post=3834"}],"curies":[{"name":"wp","href":"https:\/\/api.w.org\/{rel}","templated":true}]}}