{"id":3827,"date":"2024-07-03T15:07:13","date_gmt":"2024-07-03T12:07:13","guid":{"rendered":"http:\/\/kaminameister.ee\/?post_type=product&#038;p=3827"},"modified":"2024-07-16T16:27:13","modified_gmt":"2024-07-16T13:27:13","slug":"kamin-asia-bll-nordica-extraflame","status":"publish","type":"product","link":"https:\/\/kaminameister.ee\/en\/tooted\/kaminad\/valmiskaminad\/kamin-asia-bll-nordica-extraflame\/","title":{"rendered":"kamin ASIA Bll (Nordica Extraflame)"},"content":{"rendered":"<p><i>\u00a0V\u00e4liskorpus on valmistatud looduskivist.\u00a0K\u00f6etav ruumala: 172 m\u00b3.Suitsutoru ava diameeter: 120 mm. Suitsutoru \u00fchendus: pealt.K\u00fctuse tarbimine: 1,7 kg \/ h Halu pikkus: 30 cm<\/i><\/p>\n<p><i>Kolde ava m\u00f5\u00f5dud: 230\u00d7232 mm. Kolde m\u00f5\u00f5dud: 270x328x315 mm.\u00a0<\/i><\/p>\n<p><em>Tehniline joonis: <a href=\"http:\/\/kaminameister.ee\/wp-content\/uploads\/2024\/07\/asia-bll.pdf\">Asia Bll<\/a><\/em><\/p>\n","protected":false},"excerpt":{"rendered":"<p><em>Kaal: 159 kg, nominaalv\u00f5imsus: 6 kW, k\u00f5rgus: 930 mm, laius: 438 mm, s\u00fcgavus: 470 mm, kasutegur: 81.3%, suitsugaasi temperatuur: 258\u00b0C, CO: 0.07<\/em><\/p>\n<p><strong><em>Hind: 1 563\u20ac<\/em><\/strong><\/p>\n","protected":false},"featured_media":3831,"comment_status":"open","ping_status":"closed","template":"","meta":{"_et_pb_use_builder":"","_et_pb_old_content":"","_et_gb_content_width":""},"product_brand":[],"product_cat":[24,46],"product_tag":[],"class_list":{"0":"post-3827","1":"product","2":"type-product","3":"status-publish","4":"has-post-thumbnail","6":"product_cat-kaminad","7":"product_cat-valmiskaminad","8":"pa_brand-lanordica-extraflame","10":"first","11":"instock","12":"shipping-taxable","13":"purchasable","14":"product-type-simple"},"_links":{"self":[{"href":"https:\/\/kaminameister.ee\/en\/wp-json\/wp\/v2\/product\/3827","targetHints":{"allow":["GET"]}}],"collection":[{"href":"https:\/\/kaminameister.ee\/en\/wp-json\/wp\/v2\/product"}],"about":[{"href":"https:\/\/kaminameister.ee\/en\/wp-json\/wp\/v2\/types\/product"}],"replies":[{"embeddable":true,"href":"https:\/\/kaminameister.ee\/en\/wp-json\/wp\/v2\/comments?post=3827"}],"wp:featuredmedia":[{"embeddable":true,"href":"https:\/\/kaminameister.ee\/en\/wp-json\/wp\/v2\/media\/3831"}],"wp:attachment":[{"href":"https:\/\/kaminameister.ee\/en\/wp-json\/wp\/v2\/media?parent=3827"}],"wp:term":[{"taxonomy":"product_brand","embeddable":true,"href":"https:\/\/kaminameister.ee\/en\/wp-json\/wp\/v2\/product_brand?post=3827"},{"taxonomy":"product_cat","embeddable":true,"href":"https:\/\/kaminameister.ee\/en\/wp-json\/wp\/v2\/product_cat?post=3827"},{"taxonomy":"product_tag","embeddable":true,"href":"https:\/\/kaminameister.ee\/en\/wp-json\/wp\/v2\/product_tag?post=3827"}],"curies":[{"name":"wp","href":"https:\/\/api.w.org\/{rel}","templated":true}]}}