{"id":3820,"date":"2024-07-03T15:04:23","date_gmt":"2024-07-03T12:04:23","guid":{"rendered":"http:\/\/kaminameister.ee\/?post_type=product&#038;p=3820"},"modified":"2025-06-20T12:35:21","modified_gmt":"2025-06-20T09:35:21","slug":"kamin-brigitta-gb-lanordica-extraflame","status":"publish","type":"product","link":"https:\/\/kaminameister.ee\/en\/tooted\/kaminad\/malmkaminad\/kamin-brigitta-gb-lanordica-extraflame\/","title":{"rendered":"kamin BRIGITTA GB (LaNordica Extraflame)"},"content":{"rendered":"<p><i>Malmkamin.Energiaklass A.\u00a0<\/i><i>k\u00f6etav ala : 134 m3,suitsutoru diam.120 mm.<\/i><\/p>\n<p><i>kolde ukse m\u00f5\u00f5dud: 233&#215;214 mm,kolde m\u00f5\u00f5dud: 330x294x215 mm\u00a0<\/i><\/p>\n<p><em>Tehniline joonis: <a href=\"http:\/\/kaminameister.ee\/wp-content\/uploads\/2024\/07\/brigitta-gb.pdf\">Brigitta GB<\/a><\/em><\/p>\n","protected":false},"excerpt":{"rendered":"<p><em>Kaal: 70 kg, nominaalv\u00f5imsus: 4.7 kW, k\u00f5rgus: 640 mm, laius: 404 mm, s\u00fcgavus: 397 mm, kasutegur: 81%, suitsugaasi temperatuur: 226\u00b0C, CO: 0.08<\/em><\/p>\n<p><strong><em>Hind: 915\u20ac<\/em><\/strong><\/p>\n","protected":false},"featured_media":3824,"comment_status":"open","ping_status":"closed","template":"","meta":{"_et_pb_use_builder":"","_et_pb_old_content":"","_et_gb_content_width":""},"product_brand":[146],"product_cat":[24,47,46],"product_tag":[],"class_list":{"0":"post-3820","1":"product","2":"type-product","3":"status-publish","4":"has-post-thumbnail","6":"product_brand-lanordica-extraflame","7":"product_cat-kaminad","8":"product_cat-malmkaminad","9":"product_cat-valmiskaminad","10":"pa_brand-lanordica-extraflame","12":"first","13":"instock","14":"shipping-taxable","15":"purchasable","16":"product-type-simple"},"_links":{"self":[{"href":"https:\/\/kaminameister.ee\/en\/wp-json\/wp\/v2\/product\/3820","targetHints":{"allow":["GET"]}}],"collection":[{"href":"https:\/\/kaminameister.ee\/en\/wp-json\/wp\/v2\/product"}],"about":[{"href":"https:\/\/kaminameister.ee\/en\/wp-json\/wp\/v2\/types\/product"}],"replies":[{"embeddable":true,"href":"https:\/\/kaminameister.ee\/en\/wp-json\/wp\/v2\/comments?post=3820"}],"wp:featuredmedia":[{"embeddable":true,"href":"https:\/\/kaminameister.ee\/en\/wp-json\/wp\/v2\/media\/3824"}],"wp:attachment":[{"href":"https:\/\/kaminameister.ee\/en\/wp-json\/wp\/v2\/media?parent=3820"}],"wp:term":[{"taxonomy":"product_brand","embeddable":true,"href":"https:\/\/kaminameister.ee\/en\/wp-json\/wp\/v2\/product_brand?post=3820"},{"taxonomy":"product_cat","embeddable":true,"href":"https:\/\/kaminameister.ee\/en\/wp-json\/wp\/v2\/product_cat?post=3820"},{"taxonomy":"product_tag","embeddable":true,"href":"https:\/\/kaminameister.ee\/en\/wp-json\/wp\/v2\/product_tag?post=3820"}],"curies":[{"name":"wp","href":"https:\/\/api.w.org\/{rel}","templated":true}]}}