{"id":3717,"date":"2024-07-02T13:37:46","date_gmt":"2024-07-02T10:37:46","guid":{"rendered":"http:\/\/kaminameister.ee\/?post_type=product&#038;p=3717"},"modified":"2025-05-21T16:23:32","modified_gmt":"2025-05-21T13:23:32","slug":"kamin-aranda-integreeritav-hergom","status":"publish","type":"product","link":"https:\/\/kaminameister.ee\/en\/tooted\/kaminad\/valmiskaminad\/kamin-aranda-integreeritav-hergom\/","title":{"rendered":"kamin ARANDA, integreeritav (Hergom)"},"content":{"rendered":"<p><i>kolde m\u00f5\u00f5t:\u00a0 laius 570 x k\u00f5rgus 275 mm, k\u00fcpsetusahju m\u00f5\u00f5t: laius 520x k\u00f5rgus 275x s\u00fcgavus 369 mm<br \/>\n<\/i><\/p>\n<p><i>puuhalgude pikkus koldes 500mm\u00a0\u00a0<\/i><i>l\u00f5\u00f5ri\u00fchenduse diam.200mm<\/i><\/p>\n<p><em>Tooteleht:\u00a0 <a href=\"http:\/\/kaminameister.ee\/wp-content\/uploads\/2024\/07\/aranda-tooteleht.pdf\">Aranda tooteleht<\/a><\/em><\/p>\n","protected":false},"excerpt":{"rendered":"<p><em>Kaal: 150 kg, nominaalv\u00f5imsus: 12.7-16 kW, k\u00f5rgus: 1075 mm, laius: 705 mm, s\u00fcgavus: 477.7 mm, kasutegur: 80.1%, suitsugaasi temperatuur: 252*C, CO: 0.09%<\/em><\/p>\n<p><strong><em>Hind: 2 694\u20ac<\/em><\/strong><\/p>\n","protected":false},"featured_media":3721,"comment_status":"open","ping_status":"closed","template":"","meta":{"_et_pb_use_builder":"","_et_pb_old_content":"","_et_gb_content_width":""},"product_brand":[144],"product_cat":[24,46],"product_tag":[],"class_list":{"0":"post-3717","1":"product","2":"type-product","3":"status-publish","4":"has-post-thumbnail","6":"product_brand-hergom","7":"product_cat-kaminad","8":"product_cat-valmiskaminad","9":"pa_brand-hergom","11":"first","12":"instock","13":"shipping-taxable","14":"purchasable","15":"product-type-simple"},"_links":{"self":[{"href":"https:\/\/kaminameister.ee\/en\/wp-json\/wp\/v2\/product\/3717","targetHints":{"allow":["GET"]}}],"collection":[{"href":"https:\/\/kaminameister.ee\/en\/wp-json\/wp\/v2\/product"}],"about":[{"href":"https:\/\/kaminameister.ee\/en\/wp-json\/wp\/v2\/types\/product"}],"replies":[{"embeddable":true,"href":"https:\/\/kaminameister.ee\/en\/wp-json\/wp\/v2\/comments?post=3717"}],"wp:featuredmedia":[{"embeddable":true,"href":"https:\/\/kaminameister.ee\/en\/wp-json\/wp\/v2\/media\/3721"}],"wp:attachment":[{"href":"https:\/\/kaminameister.ee\/en\/wp-json\/wp\/v2\/media?parent=3717"}],"wp:term":[{"taxonomy":"product_brand","embeddable":true,"href":"https:\/\/kaminameister.ee\/en\/wp-json\/wp\/v2\/product_brand?post=3717"},{"taxonomy":"product_cat","embeddable":true,"href":"https:\/\/kaminameister.ee\/en\/wp-json\/wp\/v2\/product_cat?post=3717"},{"taxonomy":"product_tag","embeddable":true,"href":"https:\/\/kaminameister.ee\/en\/wp-json\/wp\/v2\/product_tag?post=3717"}],"curies":[{"name":"wp","href":"https:\/\/api.w.org\/{rel}","templated":true}]}}