{"id":3710,"date":"2024-07-02T13:24:47","date_gmt":"2024-07-02T10:24:47","guid":{"rendered":"http:\/\/kaminameister.ee\/?post_type=product&#038;p=3710"},"modified":"2025-05-21T16:23:32","modified_gmt":"2025-05-21T13:23:32","slug":"kamin-arce-r-grilliga-nurgamudel-hergom","status":"publish","type":"product","link":"https:\/\/kaminameister.ee\/en\/tooted\/kaminad\/valmiskaminad\/kamin-arce-r-grilliga-nurgamudel-hergom\/","title":{"rendered":"kamin ARCE R grilliga, nurgamudel (Hergom)"},"content":{"rendered":"<p><i>L\u00f5\u00f5ri\u00fchenduse diam. 150mm.<\/i><\/p>\n<p><em>Tooteleht:\u00a0 <a href=\"http:\/\/kaminameister.ee\/wp-content\/uploads\/2024\/07\/arce-r-tooteleht.pdf\">Arce R tooteleht<\/a><\/em><\/p>\n","protected":false},"excerpt":{"rendered":"<p><em>Kaal: 158 kg, nominaalv\u00f5imsus: 12 kW, k\u00f5rgus: 1075 mm, laius: 1030 mm, s\u00fcgavus: 798 mm, kasutegur: 80.1%, suitsugaasi temperatuur: 252*C, CO: 0.09%<\/em><\/p>\n<p><strong><em>Hind: 2 484\u20ac<\/em><\/strong><\/p>\n","protected":false},"featured_media":3714,"comment_status":"open","ping_status":"closed","template":"","meta":{"_et_pb_use_builder":"","_et_pb_old_content":"","_et_gb_content_width":""},"product_brand":[144],"product_cat":[24,46],"product_tag":[],"class_list":{"0":"post-3710","1":"product","2":"type-product","3":"status-publish","4":"has-post-thumbnail","6":"product_brand-hergom","7":"product_cat-kaminad","8":"product_cat-valmiskaminad","9":"pa_brand-hergom","11":"first","12":"instock","13":"shipping-taxable","14":"purchasable","15":"product-type-simple"},"_links":{"self":[{"href":"https:\/\/kaminameister.ee\/en\/wp-json\/wp\/v2\/product\/3710","targetHints":{"allow":["GET"]}}],"collection":[{"href":"https:\/\/kaminameister.ee\/en\/wp-json\/wp\/v2\/product"}],"about":[{"href":"https:\/\/kaminameister.ee\/en\/wp-json\/wp\/v2\/types\/product"}],"replies":[{"embeddable":true,"href":"https:\/\/kaminameister.ee\/en\/wp-json\/wp\/v2\/comments?post=3710"}],"wp:featuredmedia":[{"embeddable":true,"href":"https:\/\/kaminameister.ee\/en\/wp-json\/wp\/v2\/media\/3714"}],"wp:attachment":[{"href":"https:\/\/kaminameister.ee\/en\/wp-json\/wp\/v2\/media?parent=3710"}],"wp:term":[{"taxonomy":"product_brand","embeddable":true,"href":"https:\/\/kaminameister.ee\/en\/wp-json\/wp\/v2\/product_brand?post=3710"},{"taxonomy":"product_cat","embeddable":true,"href":"https:\/\/kaminameister.ee\/en\/wp-json\/wp\/v2\/product_cat?post=3710"},{"taxonomy":"product_tag","embeddable":true,"href":"https:\/\/kaminameister.ee\/en\/wp-json\/wp\/v2\/product_tag?post=3710"}],"curies":[{"name":"wp","href":"https:\/\/api.w.org\/{rel}","templated":true}]}}