{"id":3693,"date":"2024-07-02T13:16:16","date_gmt":"2024-07-02T10:16:16","guid":{"rendered":"http:\/\/kaminameister.ee\/?post_type=product&#038;p=3693"},"modified":"2025-06-30T14:17:28","modified_gmt":"2025-06-30T11:17:28","slug":"kamin-e-40-hergom","status":"publish","type":"product","link":"https:\/\/kaminameister.ee\/en\/tooted\/kaminad\/malmkaminad\/kamin-e-40-hergom\/","title":{"rendered":"kamin E-40 (Hergom)"},"content":{"rendered":"<p><i>L\u00f5\u00f5ri\u00fchenduse diam. 150mm. \u00dchendus: pealt v\u00f5i tagant\u00fchendus\u00a0 Puuhalgude pikkus koldes: 47cm<\/i><\/p>\n<p><em>Tooteleht: <a href=\"http:\/\/kaminameister.ee\/wp-content\/uploads\/2024\/07\/e-40-tooteleht.pdf\">E 40 tooteleht<\/a><\/em><\/p>\n","protected":false},"excerpt":{"rendered":"<p><em>Kaal: 150 kg, nominaalv\u00f5imsus: 9-13 kW, k\u00f5rgus: 910 mm, laius: 600 mm, s\u00fcgavus: 460 mm, kasutegur: 79.2%, suitsugaasi temperatuur: 281\u00b0C, CO: 0.1<\/em><\/p>\n<p><em><strong>Hind: 2 076\u20ac<\/strong><\/em><\/p>\n","protected":false},"featured_media":3700,"comment_status":"open","ping_status":"closed","template":"","meta":{"_et_pb_use_builder":"","_et_pb_old_content":"","_et_gb_content_width":""},"product_brand":[144],"product_cat":[24,47,46],"product_tag":[],"class_list":{"0":"post-3693","1":"product","2":"type-product","3":"status-publish","4":"has-post-thumbnail","6":"product_brand-hergom","7":"product_cat-kaminad","8":"product_cat-malmkaminad","9":"product_cat-valmiskaminad","10":"pa_brand-hergom","12":"first","13":"instock","14":"shipping-taxable","15":"purchasable","16":"product-type-simple"},"_links":{"self":[{"href":"https:\/\/kaminameister.ee\/en\/wp-json\/wp\/v2\/product\/3693","targetHints":{"allow":["GET"]}}],"collection":[{"href":"https:\/\/kaminameister.ee\/en\/wp-json\/wp\/v2\/product"}],"about":[{"href":"https:\/\/kaminameister.ee\/en\/wp-json\/wp\/v2\/types\/product"}],"replies":[{"embeddable":true,"href":"https:\/\/kaminameister.ee\/en\/wp-json\/wp\/v2\/comments?post=3693"}],"wp:featuredmedia":[{"embeddable":true,"href":"https:\/\/kaminameister.ee\/en\/wp-json\/wp\/v2\/media\/3700"}],"wp:attachment":[{"href":"https:\/\/kaminameister.ee\/en\/wp-json\/wp\/v2\/media?parent=3693"}],"wp:term":[{"taxonomy":"product_brand","embeddable":true,"href":"https:\/\/kaminameister.ee\/en\/wp-json\/wp\/v2\/product_brand?post=3693"},{"taxonomy":"product_cat","embeddable":true,"href":"https:\/\/kaminameister.ee\/en\/wp-json\/wp\/v2\/product_cat?post=3693"},{"taxonomy":"product_tag","embeddable":true,"href":"https:\/\/kaminameister.ee\/en\/wp-json\/wp\/v2\/product_tag?post=3693"}],"curies":[{"name":"wp","href":"https:\/\/api.w.org\/{rel}","templated":true}]}}