{"id":3674,"date":"2024-07-02T13:11:05","date_gmt":"2024-07-02T10:11:05","guid":{"rendered":"http:\/\/kaminameister.ee\/?post_type=product&#038;p=3674"},"modified":"2025-06-30T14:16:53","modified_gmt":"2025-06-30T11:16:53","slug":"kaminad-seeriast-e-30s-m-ja-lhergom","status":"publish","type":"product","link":"https:\/\/kaminameister.ee\/en\/tooted\/kaminad\/malmkaminad\/kaminad-seeriast-e-30s-m-ja-lhergom\/","title":{"rendered":"kaminad seeriast E 30:S, M ja L(Hergom)"},"content":{"rendered":"<p><i>puuhalgude pikkus 40cm, l\u00f5\u00f5ri\u00fchendus \u00d8150mm<\/i><\/p>\n<p><em>Tooteleht S:\u00a0 <a href=\"http:\/\/kaminameister.ee\/wp-content\/uploads\/2024\/07\/e30s.pdf\">E30S<\/a><\/em><\/p>\n<p><em>Tooteleht M: <a href=\"http:\/\/kaminameister.ee\/wp-content\/uploads\/2024\/07\/e30m.pdf\">E30M<\/a><\/em><\/p>\n<p><em>Tooteleht L: <a href=\"http:\/\/kaminameister.ee\/wp-content\/uploads\/2024\/07\/e30l.pdf\">E30L<\/a><\/em><\/p>\n","protected":false},"excerpt":{"rendered":"<p><em>Kaal: 110 kg, nominaalv\u00f5imsus: 7-11 kW, k\u00f5rgus: 741 mm, laius: 590 mm, s\u00fcgavus: 492 mm, kasutegur: 79.1%, suitsugaasi temperatuur: 288\u00b0C, CO: 0.1<\/em><\/p>\n<p><strong><em>E-30 S, hind: 1 609\u20ac\u00a0 \u00a0\u00a0<\/em><\/strong><strong><em>E-30 M, hind:1 891\u20ac\u00a0 \u00a0 \u00a0 <\/em><\/strong><strong><em>E 30 L, hind: 2 195\u20ac<\/em><\/strong><\/p>\n","protected":false},"featured_media":3684,"comment_status":"open","ping_status":"closed","template":"","meta":{"_et_pb_use_builder":"","_et_pb_old_content":"","_et_gb_content_width":""},"product_brand":[144],"product_cat":[24,47,46],"product_tag":[],"class_list":{"0":"post-3674","1":"product","2":"type-product","3":"status-publish","4":"has-post-thumbnail","6":"product_brand-hergom","7":"product_cat-kaminad","8":"product_cat-malmkaminad","9":"product_cat-valmiskaminad","10":"pa_brand-hergom","12":"first","13":"instock","14":"shipping-taxable","15":"purchasable","16":"product-type-simple"},"_links":{"self":[{"href":"https:\/\/kaminameister.ee\/en\/wp-json\/wp\/v2\/product\/3674","targetHints":{"allow":["GET"]}}],"collection":[{"href":"https:\/\/kaminameister.ee\/en\/wp-json\/wp\/v2\/product"}],"about":[{"href":"https:\/\/kaminameister.ee\/en\/wp-json\/wp\/v2\/types\/product"}],"replies":[{"embeddable":true,"href":"https:\/\/kaminameister.ee\/en\/wp-json\/wp\/v2\/comments?post=3674"}],"wp:featuredmedia":[{"embeddable":true,"href":"https:\/\/kaminameister.ee\/en\/wp-json\/wp\/v2\/media\/3684"}],"wp:attachment":[{"href":"https:\/\/kaminameister.ee\/en\/wp-json\/wp\/v2\/media?parent=3674"}],"wp:term":[{"taxonomy":"product_brand","embeddable":true,"href":"https:\/\/kaminameister.ee\/en\/wp-json\/wp\/v2\/product_brand?post=3674"},{"taxonomy":"product_cat","embeddable":true,"href":"https:\/\/kaminameister.ee\/en\/wp-json\/wp\/v2\/product_cat?post=3674"},{"taxonomy":"product_tag","embeddable":true,"href":"https:\/\/kaminameister.ee\/en\/wp-json\/wp\/v2\/product_tag?post=3674"}],"curies":[{"name":"wp","href":"https:\/\/api.w.org\/{rel}","templated":true}]}}