{"id":3667,"date":"2024-07-02T13:04:24","date_gmt":"2024-07-02T10:04:24","guid":{"rendered":"http:\/\/kaminameister.ee\/?post_type=product&#038;p=3667"},"modified":"2025-06-30T14:15:58","modified_gmt":"2025-06-30T11:15:58","slug":"kamin-e-20-se-ecodesign-hergom","status":"publish","type":"product","link":"https:\/\/kaminameister.ee\/en\/tooted\/kaminad\/malmkaminad\/kamin-e-20-se-ecodesign-hergom\/","title":{"rendered":"kamin E-20 SE Ecodesign (Hergom)"},"content":{"rendered":"<p><i>puuhalgude pikkus: 42 cm, l\u00f5\u00f5ri\u00fchendus \u00d8 150mm<\/i><\/p>\n<p><em>Tooteleht: <a href=\"http:\/\/kaminameister.ee\/wp-content\/uploads\/2024\/07\/e20-se.pdf\">E20 SE<\/a><\/em><\/p>\n","protected":false},"excerpt":{"rendered":"<p><em>Kaal: 90 kg, nominaalv\u00f5imsus: 5.7-10 kW, k\u00f5rgus: 752 mm, laius: 580 mm, s\u00fcgavus: 455 mm, kasutegur: 80%, suitsugaasi temperatuur: 253\u00b0C, CO: 0.1%<\/em><\/p>\n<p><strong><em>Hind: 1 121\u20ac<\/em><\/strong><\/p>\n","protected":false},"featured_media":3671,"comment_status":"open","ping_status":"closed","template":"","meta":{"_et_pb_use_builder":"","_et_pb_old_content":"","_et_gb_content_width":""},"product_brand":[144],"product_cat":[24,47,46],"product_tag":[],"class_list":{"0":"post-3667","1":"product","2":"type-product","3":"status-publish","4":"has-post-thumbnail","6":"product_brand-hergom","7":"product_cat-kaminad","8":"product_cat-malmkaminad","9":"product_cat-valmiskaminad","10":"pa_brand-hergom","12":"first","13":"instock","14":"shipping-taxable","15":"purchasable","16":"product-type-simple"},"_links":{"self":[{"href":"https:\/\/kaminameister.ee\/en\/wp-json\/wp\/v2\/product\/3667","targetHints":{"allow":["GET"]}}],"collection":[{"href":"https:\/\/kaminameister.ee\/en\/wp-json\/wp\/v2\/product"}],"about":[{"href":"https:\/\/kaminameister.ee\/en\/wp-json\/wp\/v2\/types\/product"}],"replies":[{"embeddable":true,"href":"https:\/\/kaminameister.ee\/en\/wp-json\/wp\/v2\/comments?post=3667"}],"wp:featuredmedia":[{"embeddable":true,"href":"https:\/\/kaminameister.ee\/en\/wp-json\/wp\/v2\/media\/3671"}],"wp:attachment":[{"href":"https:\/\/kaminameister.ee\/en\/wp-json\/wp\/v2\/media?parent=3667"}],"wp:term":[{"taxonomy":"product_brand","embeddable":true,"href":"https:\/\/kaminameister.ee\/en\/wp-json\/wp\/v2\/product_brand?post=3667"},{"taxonomy":"product_cat","embeddable":true,"href":"https:\/\/kaminameister.ee\/en\/wp-json\/wp\/v2\/product_cat?post=3667"},{"taxonomy":"product_tag","embeddable":true,"href":"https:\/\/kaminameister.ee\/en\/wp-json\/wp\/v2\/product_tag?post=3667"}],"curies":[{"name":"wp","href":"https:\/\/api.w.org\/{rel}","templated":true}]}}