{"id":3654,"date":"2024-07-02T13:01:16","date_gmt":"2024-07-02T10:01:16","guid":{"rendered":"http:\/\/kaminameister.ee\/?post_type=product&#038;p=3654"},"modified":"2025-06-30T14:23:49","modified_gmt":"2025-06-30T11:23:49","slug":"kamin-glance-mvp-ja-lvp-seinale-kinnitatav-hergom","status":"publish","type":"product","link":"https:\/\/kaminameister.ee\/en\/tooted\/kaminad\/malmkaminad\/kamin-glance-mvp-ja-lvp-seinale-kinnitatav-hergom\/","title":{"rendered":"kamin GLANCE MVP ja LVP, seinale kinnitatav (Hergom)"},"content":{"rendered":"<p><i>l\u00f5\u00f5ri\u00fchendus\u00a0\u00d8150mm<\/i><\/p>\n<p><em>Tooteleht MVP:\u00a0 <a href=\"http:\/\/kaminameister.ee\/wp-content\/uploads\/2024\/07\/glance-mvp.pdf\">Glance MVP<\/a><\/em><\/p>\n<p><em>Tooteleht LVP: <a href=\"http:\/\/kaminameister.ee\/wp-content\/uploads\/2024\/07\/glance-lvp.pdf\">Glance LVP<\/a><\/em><\/p>\n","protected":false},"excerpt":{"rendered":"<p><em>Kaal: 188 kg, nominaalv\u00f5imsus: 7-11 kW, k\u00f5rgus: 586 mm, laius: 700 mm, s\u00fcgavus: 415 mm, kasutegur: 80%, suitsugaasi temperatuur: 252\u00b0C, CO: 0.07%<\/em><\/p>\n<p><i>Glance MVP, pealt\u00fchendusega v\u00f5i tagant\u00fchendusega, seinale kinnitatav:<\/i><b><i>2 793\u20ac<\/i><\/b><\/p>\n<p><i>Glance LVP, pealt\u00fchendusega v\u00f5i tagant\u00fchendusega, seinale kinnitatav:\u00a0<\/i><b><i>3 457\u20ac<\/i><\/b><\/p>\n","protected":false},"featured_media":3661,"comment_status":"open","ping_status":"closed","template":"","meta":{"_et_pb_use_builder":"","_et_pb_old_content":"","_et_gb_content_width":""},"product_brand":[144],"product_cat":[24,47,46],"product_tag":[],"class_list":{"0":"post-3654","1":"product","2":"type-product","3":"status-publish","4":"has-post-thumbnail","6":"product_brand-hergom","7":"product_cat-kaminad","8":"product_cat-malmkaminad","9":"product_cat-valmiskaminad","10":"pa_brand-hergom","12":"first","13":"instock","14":"shipping-taxable","15":"purchasable","16":"product-type-simple"},"_links":{"self":[{"href":"https:\/\/kaminameister.ee\/en\/wp-json\/wp\/v2\/product\/3654","targetHints":{"allow":["GET"]}}],"collection":[{"href":"https:\/\/kaminameister.ee\/en\/wp-json\/wp\/v2\/product"}],"about":[{"href":"https:\/\/kaminameister.ee\/en\/wp-json\/wp\/v2\/types\/product"}],"replies":[{"embeddable":true,"href":"https:\/\/kaminameister.ee\/en\/wp-json\/wp\/v2\/comments?post=3654"}],"wp:featuredmedia":[{"embeddable":true,"href":"https:\/\/kaminameister.ee\/en\/wp-json\/wp\/v2\/media\/3661"}],"wp:attachment":[{"href":"https:\/\/kaminameister.ee\/en\/wp-json\/wp\/v2\/media?parent=3654"}],"wp:term":[{"taxonomy":"product_brand","embeddable":true,"href":"https:\/\/kaminameister.ee\/en\/wp-json\/wp\/v2\/product_brand?post=3654"},{"taxonomy":"product_cat","embeddable":true,"href":"https:\/\/kaminameister.ee\/en\/wp-json\/wp\/v2\/product_cat?post=3654"},{"taxonomy":"product_tag","embeddable":true,"href":"https:\/\/kaminameister.ee\/en\/wp-json\/wp\/v2\/product_tag?post=3654"}],"curies":[{"name":"wp","href":"https:\/\/api.w.org\/{rel}","templated":true}]}}