{"id":3641,"date":"2024-07-02T12:56:27","date_gmt":"2024-07-02T09:56:27","guid":{"rendered":"http:\/\/kaminameister.ee\/?post_type=product&#038;p=3641"},"modified":"2025-06-30T14:22:56","modified_gmt":"2025-06-30T11:22:56","slug":"kamin-glance-mv-ja-lv-mudel-jalgadel-hergom","status":"publish","type":"product","link":"https:\/\/kaminameister.ee\/en\/tooted\/kaminad\/malmkaminad\/kamin-glance-mv-ja-lv-mudel-jalgadel-hergom\/","title":{"rendered":"kamin GLANCE  MV ja LV mudel jalgadel (Hergom)"},"content":{"rendered":"<p><i>l\u00f5\u00f5ri\u00fchendus \u00d8150mm , v\u00e4iksem ja suurem mudel.<\/i><\/p>\n<p><i>Tooteleht MV: <a href=\"http:\/\/kaminameister.ee\/wp-content\/uploads\/2024\/07\/glance-mv.pdf\">Glance MV<\/a><\/i><\/p>\n<p><i>Tooteleht LV:\u00a0 <a href=\"http:\/\/kaminameister.ee\/wp-content\/uploads\/2024\/07\/glance-lv.pdf\">Glance LV<\/a>\u00a0<\/i><\/p>\n","protected":false},"excerpt":{"rendered":"<p><em>Kaal: 160 kg, nominaalv\u00f5imsus: 7-9 kW, k\u00f5rgus: 825 mm, laius: 550 mm, s\u00fcgavus: 415 mm, kasutegur: 80%, suitsugaasi temperatuur: 270\u00b0C, CO: 0.07%<\/em><\/p>\n<p><i>Glance MV , pealt\u00fchendusega v\u00f5i tagant\u00fchendusega, mudel jalgadel,hind\u00a0<\/i><b><i>2 882\u20ac<\/i><\/b><\/p>\n<p><i>Glance LV, pealt\u00fchendusega , mudel jalgadel,hind\u00a0<\/i><b><i>3 444\u20ac<\/i><\/b><\/p>\n","protected":false},"featured_media":3648,"comment_status":"open","ping_status":"closed","template":"","meta":{"_et_pb_use_builder":"","_et_pb_old_content":"","_et_gb_content_width":""},"product_brand":[144],"product_cat":[24,47,46],"product_tag":[],"class_list":{"0":"post-3641","1":"product","2":"type-product","3":"status-publish","4":"has-post-thumbnail","6":"product_brand-hergom","7":"product_cat-kaminad","8":"product_cat-malmkaminad","9":"product_cat-valmiskaminad","10":"pa_brand-hergom","12":"first","13":"instock","14":"shipping-taxable","15":"purchasable","16":"product-type-simple"},"_links":{"self":[{"href":"https:\/\/kaminameister.ee\/en\/wp-json\/wp\/v2\/product\/3641","targetHints":{"allow":["GET"]}}],"collection":[{"href":"https:\/\/kaminameister.ee\/en\/wp-json\/wp\/v2\/product"}],"about":[{"href":"https:\/\/kaminameister.ee\/en\/wp-json\/wp\/v2\/types\/product"}],"replies":[{"embeddable":true,"href":"https:\/\/kaminameister.ee\/en\/wp-json\/wp\/v2\/comments?post=3641"}],"wp:featuredmedia":[{"embeddable":true,"href":"https:\/\/kaminameister.ee\/en\/wp-json\/wp\/v2\/media\/3648"}],"wp:attachment":[{"href":"https:\/\/kaminameister.ee\/en\/wp-json\/wp\/v2\/media?parent=3641"}],"wp:term":[{"taxonomy":"product_brand","embeddable":true,"href":"https:\/\/kaminameister.ee\/en\/wp-json\/wp\/v2\/product_brand?post=3641"},{"taxonomy":"product_cat","embeddable":true,"href":"https:\/\/kaminameister.ee\/en\/wp-json\/wp\/v2\/product_cat?post=3641"},{"taxonomy":"product_tag","embeddable":true,"href":"https:\/\/kaminameister.ee\/en\/wp-json\/wp\/v2\/product_tag?post=3641"}],"curies":[{"name":"wp","href":"https:\/\/api.w.org\/{rel}","templated":true}]}}