{"id":3618,"date":"2024-07-02T12:42:20","date_gmt":"2024-07-02T09:42:20","guid":{"rendered":"http:\/\/kaminameister.ee\/?post_type=product&#038;p=3618"},"modified":"2025-05-21T16:23:32","modified_gmt":"2025-05-21T13:23:32","slug":"kamin-shelburne-hf-hergom","status":"publish","type":"product","link":"https:\/\/kaminameister.ee\/en\/tooted\/kaminad\/malmkaminad\/kamin-shelburne-hf-hergom\/","title":{"rendered":"kamin SHELBURNE HF (Hergom)"},"content":{"rendered":"<p><i>puuhalgude pikkus 48cm, l\u00f5\u00f5ri\u00fchendus \u00d8150mm<\/i><\/p>\n<p><em>Tooteleht:\u00a0 <a href=\"http:\/\/kaminameister.ee\/wp-content\/uploads\/2024\/07\/shelburne-hf.pdf\">Shelburne HF<\/a><\/em><\/p>\n","protected":false},"excerpt":{"rendered":"<p><em>Kaal: 150 kg, nominaalv\u00f5imsus: 9-13 kW, k\u00f5rgus: 724 mm, laius: 670 mm, s\u00fcgavus: 554 mm, kasutegur: 79.2%, suitsugaasi temperatuur: 281\u00b0C, CO: 0.08%<\/em><\/p>\n<p><i>Shelburne HF, viimistlus: must malm,\u00a0<b>hind: 2 212\u20ac<\/b><br \/>\nShelburne HF, viimistlus: pruun majoolika,\u00a0<\/i><b><i>hind: 2 804\u20ac<\/i><\/b><\/p>\n","protected":false},"featured_media":3619,"comment_status":"open","ping_status":"closed","template":"","meta":{"_et_pb_use_builder":"","_et_pb_old_content":"","_et_gb_content_width":""},"product_brand":[144],"product_cat":[24,47,46],"product_tag":[],"class_list":{"0":"post-3618","1":"product","2":"type-product","3":"status-publish","4":"has-post-thumbnail","6":"product_brand-hergom","7":"product_cat-kaminad","8":"product_cat-malmkaminad","9":"product_cat-valmiskaminad","10":"pa_brand-hergom","12":"first","13":"instock","14":"shipping-taxable","15":"purchasable","16":"product-type-simple"},"_links":{"self":[{"href":"https:\/\/kaminameister.ee\/en\/wp-json\/wp\/v2\/product\/3618","targetHints":{"allow":["GET"]}}],"collection":[{"href":"https:\/\/kaminameister.ee\/en\/wp-json\/wp\/v2\/product"}],"about":[{"href":"https:\/\/kaminameister.ee\/en\/wp-json\/wp\/v2\/types\/product"}],"replies":[{"embeddable":true,"href":"https:\/\/kaminameister.ee\/en\/wp-json\/wp\/v2\/comments?post=3618"}],"wp:featuredmedia":[{"embeddable":true,"href":"https:\/\/kaminameister.ee\/en\/wp-json\/wp\/v2\/media\/3619"}],"wp:attachment":[{"href":"https:\/\/kaminameister.ee\/en\/wp-json\/wp\/v2\/media?parent=3618"}],"wp:term":[{"taxonomy":"product_brand","embeddable":true,"href":"https:\/\/kaminameister.ee\/en\/wp-json\/wp\/v2\/product_brand?post=3618"},{"taxonomy":"product_cat","embeddable":true,"href":"https:\/\/kaminameister.ee\/en\/wp-json\/wp\/v2\/product_cat?post=3618"},{"taxonomy":"product_tag","embeddable":true,"href":"https:\/\/kaminameister.ee\/en\/wp-json\/wp\/v2\/product_tag?post=3618"}],"curies":[{"name":"wp","href":"https:\/\/api.w.org\/{rel}","templated":true}]}}