{"id":3608,"date":"2024-07-02T12:38:32","date_gmt":"2024-07-02T09:38:32","guid":{"rendered":"http:\/\/kaminameister.ee\/?post_type=product&#038;p=3608"},"modified":"2025-05-21T16:23:32","modified_gmt":"2025-05-21T13:23:32","slug":"kamin-craftsbury-hf-hergom","status":"publish","type":"product","link":"https:\/\/kaminameister.ee\/en\/tooted\/kaminad\/malmkaminad\/kamin-craftsbury-hf-hergom\/","title":{"rendered":"kamin CRAFTSBURY HF (Hergom)"},"content":{"rendered":"<p><i>\u00f5\u00f5ri\u00fchendus \u00d8150mm, puuhalgude pikkus 45cm.<\/i><\/p>\n<p><i>Tooteleht: <a href=\"http:\/\/kaminameister.ee\/wp-content\/uploads\/2024\/07\/craftsbury-hf-tooteleht.pdf\">Craftsbury HF tooteleht<\/a>\u00a0<\/i><\/p>\n","protected":false},"excerpt":{"rendered":"<p><em>Kaal: 130 kg, nominaalv\u00f5imsus: 7-11 kW, k\u00f5rgus: 774 mm, laius: 602 mm, s\u00fcgavus: 447 mm, kasutegur: 79.1%, suitsugaasi temperatuur: 288\u00b0C, CO: 0.17<\/em><\/p>\n<p><i>Craftsbury HF, viimistlus: must malm,\u00a0<b>hind: 1 752\u20ac<\/b><br \/>\nCraftsbury HF, viimistlus: pruun majoolika,\u00a0<\/i><b><i>hind: 2 339\u20ac<\/i><\/b><\/p>\n","protected":false},"featured_media":3612,"comment_status":"open","ping_status":"closed","template":"","meta":{"_et_pb_use_builder":"","_et_pb_old_content":"","_et_gb_content_width":""},"product_brand":[144],"product_cat":[24,47,46],"product_tag":[],"class_list":{"0":"post-3608","1":"product","2":"type-product","3":"status-publish","4":"has-post-thumbnail","6":"product_brand-hergom","7":"product_cat-kaminad","8":"product_cat-malmkaminad","9":"product_cat-valmiskaminad","10":"pa_brand-hergom","12":"first","13":"instock","14":"shipping-taxable","15":"purchasable","16":"product-type-simple"},"_links":{"self":[{"href":"https:\/\/kaminameister.ee\/en\/wp-json\/wp\/v2\/product\/3608","targetHints":{"allow":["GET"]}}],"collection":[{"href":"https:\/\/kaminameister.ee\/en\/wp-json\/wp\/v2\/product"}],"about":[{"href":"https:\/\/kaminameister.ee\/en\/wp-json\/wp\/v2\/types\/product"}],"replies":[{"embeddable":true,"href":"https:\/\/kaminameister.ee\/en\/wp-json\/wp\/v2\/comments?post=3608"}],"wp:featuredmedia":[{"embeddable":true,"href":"https:\/\/kaminameister.ee\/en\/wp-json\/wp\/v2\/media\/3612"}],"wp:attachment":[{"href":"https:\/\/kaminameister.ee\/en\/wp-json\/wp\/v2\/media?parent=3608"}],"wp:term":[{"taxonomy":"product_brand","embeddable":true,"href":"https:\/\/kaminameister.ee\/en\/wp-json\/wp\/v2\/product_brand?post=3608"},{"taxonomy":"product_cat","embeddable":true,"href":"https:\/\/kaminameister.ee\/en\/wp-json\/wp\/v2\/product_cat?post=3608"},{"taxonomy":"product_tag","embeddable":true,"href":"https:\/\/kaminameister.ee\/en\/wp-json\/wp\/v2\/product_tag?post=3608"}],"curies":[{"name":"wp","href":"https:\/\/api.w.org\/{rel}","templated":true}]}}