{"id":3594,"date":"2024-07-02T10:56:59","date_gmt":"2024-07-02T07:56:59","guid":{"rendered":"http:\/\/kaminameister.ee\/?post_type=product&#038;p=3594"},"modified":"2026-03-25T12:09:57","modified_gmt":"2026-03-25T10:09:57","slug":"kamin-sto-max-14-l-r-kuljeklaasiga-dorako","status":"publish","type":"product","link":"https:\/\/kaminameister.ee\/en\/tooted\/kaminad\/malmkaminad\/kamin-sto-max-14-l-r-kuljeklaasiga-dorako\/","title":{"rendered":"kamin STO MAX 14 L \/ R , k\u00fcljeklaasiga (Dorako)"},"content":{"rendered":"<p><i>ukse m\u00f5\u00f5t 691*535 mm,k\u00fcljepaneeli m\u00f5\u00f5t 372*535 mm.K\u00fcljeklaasid avanevad k\u00fclgedele,esiklaas j\u00e4\u00e4b suletuks!<\/i><\/p>\n<p><i>\u00a0esiklaasi m\u00f5\u00f5t 578*404 mm.\u00a0<\/i>\u00a0<i>k\u00fcljeklaasi m\u00f5\u00f5t 309*343 mm<\/i><\/p>\n<p><i>Suitsutoru d.180 mm.\u00d5hutoru m\u00f5\u00f5t d.100 mm.Puude pikkus koldes 50 cm.<\/i><\/p>\n<p><em>Tehniline joonis: KFD_STO_MAX_14_3F<\/em><\/p>\n","protected":false},"excerpt":{"rendered":"<p><em>Kaal: 170 kg, nominaalv\u00f5imsus: 3-15 kW, k\u00f5rgus: 894 mm, laius: 1096 mm, s\u00fcgavus: 470 mm, kasutegur: 82.5%, suitsugaasi temperatuur: 235\u00b0C<\/em><\/p>\n<p><b><i>Mudel STO Max 14 L v\u00f5i R,<\/i><\/b><i>k\u00fcljepingiga mudel,\u00a0<\/i><b><i>hind 2 069\u20ac<\/i><\/b><\/p>\n","protected":false},"featured_media":3598,"comment_status":"open","ping_status":"closed","template":"","meta":{"_et_pb_use_builder":"","_et_pb_old_content":"","_et_gb_content_width":""},"product_brand":[139],"product_cat":[24,47,46],"product_tag":[],"class_list":{"0":"post-3594","1":"product","2":"type-product","3":"status-publish","4":"has-post-thumbnail","6":"product_brand-dorako","7":"product_cat-kaminad","8":"product_cat-malmkaminad","9":"product_cat-valmiskaminad","10":"pa_brand-endine-kfd-ja-gabriel","12":"first","13":"instock","14":"shipping-taxable","15":"purchasable","16":"product-type-simple"},"_links":{"self":[{"href":"https:\/\/kaminameister.ee\/en\/wp-json\/wp\/v2\/product\/3594","targetHints":{"allow":["GET"]}}],"collection":[{"href":"https:\/\/kaminameister.ee\/en\/wp-json\/wp\/v2\/product"}],"about":[{"href":"https:\/\/kaminameister.ee\/en\/wp-json\/wp\/v2\/types\/product"}],"replies":[{"embeddable":true,"href":"https:\/\/kaminameister.ee\/en\/wp-json\/wp\/v2\/comments?post=3594"}],"wp:featuredmedia":[{"embeddable":true,"href":"https:\/\/kaminameister.ee\/en\/wp-json\/wp\/v2\/media\/3598"}],"wp:attachment":[{"href":"https:\/\/kaminameister.ee\/en\/wp-json\/wp\/v2\/media?parent=3594"}],"wp:term":[{"taxonomy":"product_brand","embeddable":true,"href":"https:\/\/kaminameister.ee\/en\/wp-json\/wp\/v2\/product_brand?post=3594"},{"taxonomy":"product_cat","embeddable":true,"href":"https:\/\/kaminameister.ee\/en\/wp-json\/wp\/v2\/product_cat?post=3594"},{"taxonomy":"product_tag","embeddable":true,"href":"https:\/\/kaminameister.ee\/en\/wp-json\/wp\/v2\/product_tag?post=3594"}],"curies":[{"name":"wp","href":"https:\/\/api.w.org\/{rel}","templated":true}]}}