{"id":3584,"date":"2024-07-02T10:47:15","date_gmt":"2024-07-02T07:47:15","guid":{"rendered":"http:\/\/kaminameister.ee\/?post_type=product&#038;p=3584"},"modified":"2026-03-25T12:10:52","modified_gmt":"2026-03-25T10:10:52","slug":"kamin-sto-max-14-ja-imax-pingiga-dorako","status":"publish","type":"product","link":"https:\/\/kaminameister.ee\/en\/tooted\/kaminad\/malmkaminad\/kamin-sto-max-14-ja-imax-pingiga-dorako\/","title":{"rendered":"kamin STO MAX 14 ja iMAX, pingiga (Dorako)"},"content":{"rendered":"<p><i>ukse m\u00f5\u00f5t 691*535 mm ,klaasi m\u00f5\u00f5t 578*404 mm.\u00a0<\/i><\/p>\n<p><i>Suitsutoru d.180 mm.\u00d5hutoru m\u00f5\u00f5t d.100 mm.Puude pikkus koldes 50 cm.<\/i><\/p>\n<p><em>Tehniline joonis: <a href=\"http:\/\/kaminameister.ee\/wp-content\/uploads\/2024\/07\/kfd_sto_max_14-pingiga-kamin.pdf\">KFD_STO_MAX_14 ,pingiga kamin<\/a><\/em><\/p>\n","protected":false},"excerpt":{"rendered":"<p><em>Kaal: 145 kg, nominaalv\u00f5imsus: 3-15 kW, k\u00f5rgus: 894 mm,\u00a0 laius: 1096 m, s\u00fcgavus: 470 mm, kasutegur: 82.5%, suitsugaasi temperatuur: 235\u00b0C<\/em><\/p>\n<p><b><i>Mudel STO Max 14,<\/i><\/b><b><i>hind 2 013\u20ac<\/i><\/b><\/p>\n<p><b><i>Mudel STO iMax 14 ,<\/i><\/b><i>taustv\u00e4rvitud ukseklaasiga\u00a0<\/i><b><i>,hind 2 078\u20ac<\/i><\/b><\/p>\n<p><i>\u00d5huliides STO mudelitele, hind 95\u20ac<\/i><\/p>\n","protected":false},"featured_media":3588,"comment_status":"open","ping_status":"closed","template":"","meta":{"_et_pb_use_builder":"","_et_pb_old_content":"","_et_gb_content_width":""},"product_brand":[139],"product_cat":[24,47,46],"product_tag":[],"class_list":{"0":"post-3584","1":"product","2":"type-product","3":"status-publish","4":"has-post-thumbnail","6":"product_brand-dorako","7":"product_cat-kaminad","8":"product_cat-malmkaminad","9":"product_cat-valmiskaminad","10":"pa_brand-endine-kfd-ja-gabriel","12":"first","13":"instock","14":"shipping-taxable","15":"purchasable","16":"product-type-simple"},"_links":{"self":[{"href":"https:\/\/kaminameister.ee\/en\/wp-json\/wp\/v2\/product\/3584","targetHints":{"allow":["GET"]}}],"collection":[{"href":"https:\/\/kaminameister.ee\/en\/wp-json\/wp\/v2\/product"}],"about":[{"href":"https:\/\/kaminameister.ee\/en\/wp-json\/wp\/v2\/types\/product"}],"replies":[{"embeddable":true,"href":"https:\/\/kaminameister.ee\/en\/wp-json\/wp\/v2\/comments?post=3584"}],"wp:featuredmedia":[{"embeddable":true,"href":"https:\/\/kaminameister.ee\/en\/wp-json\/wp\/v2\/media\/3588"}],"wp:attachment":[{"href":"https:\/\/kaminameister.ee\/en\/wp-json\/wp\/v2\/media?parent=3584"}],"wp:term":[{"taxonomy":"product_brand","embeddable":true,"href":"https:\/\/kaminameister.ee\/en\/wp-json\/wp\/v2\/product_brand?post=3584"},{"taxonomy":"product_cat","embeddable":true,"href":"https:\/\/kaminameister.ee\/en\/wp-json\/wp\/v2\/product_cat?post=3584"},{"taxonomy":"product_tag","embeddable":true,"href":"https:\/\/kaminameister.ee\/en\/wp-json\/wp\/v2\/product_tag?post=3584"}],"curies":[{"name":"wp","href":"https:\/\/api.w.org\/{rel}","templated":true}]}}