{"id":3577,"date":"2024-07-02T10:40:44","date_gmt":"2024-07-02T07:40:44","guid":{"rendered":"http:\/\/kaminameister.ee\/?post_type=product&#038;p=3577"},"modified":"2026-03-25T12:11:34","modified_gmt":"2026-03-25T10:11:34","slug":"sto-m-3f-3-klaasiga-dorako","status":"publish","type":"product","link":"https:\/\/kaminameister.ee\/en\/tooted\/kaminad\/malmkaminad\/sto-m-3f-3-klaasiga-dorako\/","title":{"rendered":"kamin STO M 14 3F, 3 klaasiga (Dorako)"},"content":{"rendered":"<p><i>ukse m\u00f5\u00f5t 691*535 mm,k\u00fcljepaneeli m\u00f5\u00f5t 372*535 mm.K\u00fcljeklaasid avanevad k\u00fclgedele,esimene klaas j\u00e4\u00e4b suletuks.\u00a0<\/i><\/p>\n<p><i>esiklaasi m\u00f5\u00f5t 578*404 mm. k\u00fcljeklaasi m\u00f5\u00f5t 309*343 mm<\/i><\/p>\n<p><i>Suitsutoru d.180 mm.\u00d5hutoru m\u00f5\u00f5t d.100 mm.Puude pikkus koldes 50 cm.<\/i><\/p>\n<p><em>Tehniline joonis:\u00a0<\/em><a href=\"http:\/\/kaminameister.ee\/wp-content\/uploads\/2024\/07\/kfd_sto_m_14_3f-uhendusemooduga.pdf\">KFD_STO_M_14_3F \u00fchendusem\u00f5\u00f5duga<\/a><\/p>\n<p>&nbsp;<\/p>\n","protected":false},"excerpt":{"rendered":"<p><em>Kaal: 150 kg, nominaalv\u00f5imsus: 11.5 kW, k\u00f5rgus: 891 mm, laius: 1096 mm, s\u00fcgavus: 470 mm, kasutegur: 73.5%, suitsugaasi temperatuur: 235\u00b0C.<\/em><\/p>\n<p><strong><em>Hind: 2 177\u20ac<\/em><\/strong><\/p>\n","protected":false},"featured_media":3581,"comment_status":"open","ping_status":"closed","template":"","meta":{"_et_pb_use_builder":"","_et_pb_old_content":"","_et_gb_content_width":""},"product_brand":[139],"product_cat":[24,47,46],"product_tag":[],"class_list":{"0":"post-3577","1":"product","2":"type-product","3":"status-publish","4":"has-post-thumbnail","6":"product_brand-dorako","7":"product_cat-kaminad","8":"product_cat-malmkaminad","9":"product_cat-valmiskaminad","10":"pa_brand-endine-kfd-ja-gabriel","12":"first","13":"instock","14":"shipping-taxable","15":"purchasable","16":"product-type-simple"},"_links":{"self":[{"href":"https:\/\/kaminameister.ee\/en\/wp-json\/wp\/v2\/product\/3577","targetHints":{"allow":["GET"]}}],"collection":[{"href":"https:\/\/kaminameister.ee\/en\/wp-json\/wp\/v2\/product"}],"about":[{"href":"https:\/\/kaminameister.ee\/en\/wp-json\/wp\/v2\/types\/product"}],"replies":[{"embeddable":true,"href":"https:\/\/kaminameister.ee\/en\/wp-json\/wp\/v2\/comments?post=3577"}],"wp:featuredmedia":[{"embeddable":true,"href":"https:\/\/kaminameister.ee\/en\/wp-json\/wp\/v2\/media\/3581"}],"wp:attachment":[{"href":"https:\/\/kaminameister.ee\/en\/wp-json\/wp\/v2\/media?parent=3577"}],"wp:term":[{"taxonomy":"product_brand","embeddable":true,"href":"https:\/\/kaminameister.ee\/en\/wp-json\/wp\/v2\/product_brand?post=3577"},{"taxonomy":"product_cat","embeddable":true,"href":"https:\/\/kaminameister.ee\/en\/wp-json\/wp\/v2\/product_cat?post=3577"},{"taxonomy":"product_tag","embeddable":true,"href":"https:\/\/kaminameister.ee\/en\/wp-json\/wp\/v2\/product_tag?post=3577"}],"curies":[{"name":"wp","href":"https:\/\/api.w.org\/{rel}","templated":true}]}}