{"id":3567,"date":"2024-07-02T10:35:01","date_gmt":"2024-07-02T07:35:01","guid":{"rendered":"http:\/\/kaminameister.ee\/?post_type=product&#038;p=3567"},"modified":"2026-03-25T12:12:11","modified_gmt":"2026-03-25T10:12:11","slug":"sto-m-14-l-r-kuljeklaasiga-dorako","status":"publish","type":"product","link":"https:\/\/kaminameister.ee\/en\/tooted\/kaminad\/malmkaminad\/sto-m-14-l-r-kuljeklaasiga-dorako\/","title":{"rendered":"kamin STO M 14 L \/ R , k\u00fcljeklaasiga (Dorako)"},"content":{"rendered":"<p><i>ukse m\u00f5\u00f5t 691*535 mm,k\u00fcljepaneeli m\u00f5\u00f5t 372*535 mm.K\u00fcljeklaasid avanevad k\u00fclgedele,esiklaas j\u00e4\u00e4b suletuks!<\/i><\/p>\n<p><i>\u00a0esiklaasi m\u00f5\u00f5t 578*404 mm.\u00a0<\/i>\u00a0<i>k\u00fcljeklaasi m\u00f5\u00f5t 309*343 mm<\/i><\/p>\n<p><i>Suitsutoru d.180 mm.\u00d5hutoru m\u00f5\u00f5t d.100 mm.Puude pikkus koldes 50 cm.<\/i><\/p>\n<p><em>Tehniline joonis: <a href=\"http:\/\/kaminameister.ee\/wp-content\/uploads\/2024\/07\/kfd_sto_m_14_l_r.pdf\">KFD_STO_M_14_L_R<\/a><\/em><\/p>\n","protected":false},"excerpt":{"rendered":"<p><em>Kaal: 145 kg, nominaalv\u00f5imsus: 11.5 kW, k\u00f5rgus: 891 mm, laius: 691 mm, s\u00fcgavus: 470 mm, kasutegur: 73.5%, suitsugaasi temperatuur: 235\u00b0C<\/em><\/p>\n<p><b><i>Mudel STO M\u00a0 14 L v\u00f5i R, hind 2 022\u20ac<\/i><\/b><\/p>\n<p><i>\u00d5huliides 95\u20ac<\/i><\/p>\n","protected":false},"featured_media":3571,"comment_status":"open","ping_status":"closed","template":"","meta":{"_et_pb_use_builder":"","_et_pb_old_content":"","_et_gb_content_width":""},"product_brand":[139],"product_cat":[24,47,46],"product_tag":[],"class_list":{"0":"post-3567","1":"product","2":"type-product","3":"status-publish","4":"has-post-thumbnail","6":"product_brand-dorako","7":"product_cat-kaminad","8":"product_cat-malmkaminad","9":"product_cat-valmiskaminad","10":"pa_brand-endine-kfd-ja-gabriel","12":"first","13":"instock","14":"shipping-taxable","15":"purchasable","16":"product-type-simple"},"_links":{"self":[{"href":"https:\/\/kaminameister.ee\/en\/wp-json\/wp\/v2\/product\/3567","targetHints":{"allow":["GET"]}}],"collection":[{"href":"https:\/\/kaminameister.ee\/en\/wp-json\/wp\/v2\/product"}],"about":[{"href":"https:\/\/kaminameister.ee\/en\/wp-json\/wp\/v2\/types\/product"}],"replies":[{"embeddable":true,"href":"https:\/\/kaminameister.ee\/en\/wp-json\/wp\/v2\/comments?post=3567"}],"wp:featuredmedia":[{"embeddable":true,"href":"https:\/\/kaminameister.ee\/en\/wp-json\/wp\/v2\/media\/3571"}],"wp:attachment":[{"href":"https:\/\/kaminameister.ee\/en\/wp-json\/wp\/v2\/media?parent=3567"}],"wp:term":[{"taxonomy":"product_brand","embeddable":true,"href":"https:\/\/kaminameister.ee\/en\/wp-json\/wp\/v2\/product_brand?post=3567"},{"taxonomy":"product_cat","embeddable":true,"href":"https:\/\/kaminameister.ee\/en\/wp-json\/wp\/v2\/product_cat?post=3567"},{"taxonomy":"product_tag","embeddable":true,"href":"https:\/\/kaminameister.ee\/en\/wp-json\/wp\/v2\/product_tag?post=3567"}],"curies":[{"name":"wp","href":"https:\/\/api.w.org\/{rel}","templated":true}]}}