{"id":3557,"date":"2024-07-02T10:30:07","date_gmt":"2024-07-02T07:30:07","guid":{"rendered":"http:\/\/kaminameister.ee\/?post_type=product&#038;p=3557"},"modified":"2026-03-25T12:12:55","modified_gmt":"2026-03-25T10:12:55","slug":"kamin-sto-m-14-ja-im-14-dorako","status":"publish","type":"product","link":"https:\/\/kaminameister.ee\/en\/tooted\/kaminad\/malmkaminad\/kamin-sto-m-14-ja-im-14-dorako\/","title":{"rendered":"kamin STO M 14 ja iM 14 (Dorako)"},"content":{"rendered":"<p><i>ukse m\u00f5\u00f5t 691*531 mm,klaasi m\u00f5\u00f5t 578*404 mm.<\/i><\/p>\n<p><i>Suitsutoru d.180 mm.\u00d5hutoru m\u00f5\u00f5t d.100 mm.Puude pikkus koldes 50 cm.<\/i><\/p>\n<p><em>Tehniline joonis:\u00a0 <a href=\"http:\/\/kaminameister.ee\/wp-content\/uploads\/2024\/07\/kfd_sto_m_14-joonis.pdf\">KFD_STO_M_14 joonis<\/a><\/em><\/p>\n","protected":false},"excerpt":{"rendered":"<p><em>Kaal: 140 kg, nominaalv\u00f5imsus: 11.5 kW, k\u00f5rgus: 894 mm, laius: 691 mm, s\u00fcgavus: 470 mm, kasutegur: 82.5%, suitsugaasi temperatuur: 235\u00b0C\u00a0<\/em><\/p>\n<p><b><i>Mudel STO M 14, hind 1 905\u20ac<\/i><\/b><\/p>\n<p><b><i>Mudel STO iM 14<\/i><\/b><i>,taustv\u00e4rvitud klaasiga,<\/i><b><i>hind 1 968\u20ac<\/i><\/b><\/p>\n<p><i>\u00d5huliides 95\u20ac<\/i><\/p>\n","protected":false},"featured_media":3561,"comment_status":"open","ping_status":"closed","template":"","meta":{"_et_pb_use_builder":"","_et_pb_old_content":"","_et_gb_content_width":""},"product_brand":[139],"product_cat":[24,47,46],"product_tag":[],"class_list":{"0":"post-3557","1":"product","2":"type-product","3":"status-publish","4":"has-post-thumbnail","6":"product_brand-dorako","7":"product_cat-kaminad","8":"product_cat-malmkaminad","9":"product_cat-valmiskaminad","10":"pa_brand-endine-kfd-ja-gabriel","12":"first","13":"instock","14":"shipping-taxable","15":"purchasable","16":"product-type-simple"},"_links":{"self":[{"href":"https:\/\/kaminameister.ee\/en\/wp-json\/wp\/v2\/product\/3557","targetHints":{"allow":["GET"]}}],"collection":[{"href":"https:\/\/kaminameister.ee\/en\/wp-json\/wp\/v2\/product"}],"about":[{"href":"https:\/\/kaminameister.ee\/en\/wp-json\/wp\/v2\/types\/product"}],"replies":[{"embeddable":true,"href":"https:\/\/kaminameister.ee\/en\/wp-json\/wp\/v2\/comments?post=3557"}],"wp:featuredmedia":[{"embeddable":true,"href":"https:\/\/kaminameister.ee\/en\/wp-json\/wp\/v2\/media\/3561"}],"wp:attachment":[{"href":"https:\/\/kaminameister.ee\/en\/wp-json\/wp\/v2\/media?parent=3557"}],"wp:term":[{"taxonomy":"product_brand","embeddable":true,"href":"https:\/\/kaminameister.ee\/en\/wp-json\/wp\/v2\/product_brand?post=3557"},{"taxonomy":"product_cat","embeddable":true,"href":"https:\/\/kaminameister.ee\/en\/wp-json\/wp\/v2\/product_cat?post=3557"},{"taxonomy":"product_tag","embeddable":true,"href":"https:\/\/kaminameister.ee\/en\/wp-json\/wp\/v2\/product_tag?post=3557"}],"curies":[{"name":"wp","href":"https:\/\/api.w.org\/{rel}","templated":true}]}}