{"id":3508,"date":"2024-07-01T16:06:43","date_gmt":"2024-07-01T13:06:43","guid":{"rendered":"http:\/\/kaminameister.ee\/?post_type=product&#038;p=3508"},"modified":"2026-02-19T14:00:10","modified_gmt":"2026-02-19T12:00:10","slug":"kamin-masterflamme-piccolo-i-hs-flamingo","status":"publish","type":"product","link":"https:\/\/kaminameister.ee\/en\/tooted\/kaminad\/valmiskaminad\/kamin-masterflamme-piccolo-i-hs-flamingo\/","title":{"rendered":"kamin Masterflamme PICCOLO I (HS Flamingo)"},"content":{"rendered":"<p><i>\u00a0l\u00f5\u00f5ri\u00fchendus: \u00d8150mm, puuhalgude pikkus: 46cm, k\u00f6etav ruumala:75 &#8211; 275m\u00b3,<\/i><\/p>\n<p><i>v\u00e4rvid : \u00a0must,pruun samet,kreem metallik,oliiv,hall.<\/i><\/p>\n<p><i>mudel j\u00e4relp\u00f5lemisega<\/i><\/p>\n<p>Tehniline joonis:\u00a0 <a href=\"http:\/\/kaminameister.ee\/wp-content\/uploads\/2024\/07\/piccolo-i-ja-piccolo-ii.pdf\">Piccolo I ja Piccolo II<\/a><\/p>\n","protected":false},"excerpt":{"rendered":"<p><em>Kaal: 128 kg, nominaalv\u00f5imsus: 3-11 kW, k\u00f5rgus: 901 mm, laius: 596 mm, s\u00fcgavus: 536 mm, kasutegur: 79%, suitsugaasi temperatuur: 278\u00b0C<\/em><\/p>\n<p><strong><em>Hind 2 324\u20ac<\/em><\/strong><\/p>\n","protected":false},"featured_media":3512,"comment_status":"open","ping_status":"closed","template":"","meta":{"_et_pb_use_builder":"","_et_pb_old_content":"","_et_gb_content_width":""},"product_brand":[145],"product_cat":[24,46],"product_tag":[],"class_list":{"0":"post-3508","1":"product","2":"type-product","3":"status-publish","4":"has-post-thumbnail","6":"product_brand-hs-flamingo","7":"product_cat-kaminad","8":"product_cat-valmiskaminad","9":"pa_brand-hs-flamingo","11":"first","12":"instock","13":"shipping-taxable","14":"purchasable","15":"product-type-simple"},"_links":{"self":[{"href":"https:\/\/kaminameister.ee\/en\/wp-json\/wp\/v2\/product\/3508","targetHints":{"allow":["GET"]}}],"collection":[{"href":"https:\/\/kaminameister.ee\/en\/wp-json\/wp\/v2\/product"}],"about":[{"href":"https:\/\/kaminameister.ee\/en\/wp-json\/wp\/v2\/types\/product"}],"replies":[{"embeddable":true,"href":"https:\/\/kaminameister.ee\/en\/wp-json\/wp\/v2\/comments?post=3508"}],"wp:featuredmedia":[{"embeddable":true,"href":"https:\/\/kaminameister.ee\/en\/wp-json\/wp\/v2\/media\/3512"}],"wp:attachment":[{"href":"https:\/\/kaminameister.ee\/en\/wp-json\/wp\/v2\/media?parent=3508"}],"wp:term":[{"taxonomy":"product_brand","embeddable":true,"href":"https:\/\/kaminameister.ee\/en\/wp-json\/wp\/v2\/product_brand?post=3508"},{"taxonomy":"product_cat","embeddable":true,"href":"https:\/\/kaminameister.ee\/en\/wp-json\/wp\/v2\/product_cat?post=3508"},{"taxonomy":"product_tag","embeddable":true,"href":"https:\/\/kaminameister.ee\/en\/wp-json\/wp\/v2\/product_tag?post=3508"}],"curies":[{"name":"wp","href":"https:\/\/api.w.org\/{rel}","templated":true}]}}