{"id":3473,"date":"2024-07-01T13:57:56","date_gmt":"2024-07-01T10:57:56","guid":{"rendered":"http:\/\/kaminameister.ee\/?post_type=product&#038;p=3473"},"modified":"2026-02-19T14:36:06","modified_gmt":"2026-02-19T12:36:06","slug":"kamin-malia-flamingo-deluxe","status":"publish","type":"product","link":"https:\/\/kaminameister.ee\/en\/tooted\/kaminad\/valmiskaminad\/kamin-malia-flamingo-deluxe\/","title":{"rendered":"kamin MALIA, Flamingo DeLuxe(HS Flamingo)"},"content":{"rendered":"<p><i>Suitsutoru d.150 mm.V\u00e4rv:must\u00a0<\/i><\/p>\n<p><i>K\u00f6etav ruum: 60-220 m3,puude pikkus 35 cm. K\u00fcttepuude kogus: 2,9 kg\/tunnis.<\/i><\/p>\n<p><i>Mudel j\u00e4relp\u00f5lemisega.<\/i><\/p>\n","protected":false},"excerpt":{"rendered":"<p><em>Kaal: 151 kg, nominaalv\u00f5imsus: 3-11 kW, k\u00f5rgus: 794 mm, laius: 547 mm, s\u00fcgavus: 450 mm, kasutegur: 80%, suitsugaasi temperatuur: 287\u00b0C, CO: 0.077%.<\/em><\/p>\n<p><strong><em>Hind: 2 681\u20ac<\/em><\/strong><\/p>\n","protected":false},"featured_media":3474,"comment_status":"open","ping_status":"closed","template":"","meta":{"_et_pb_use_builder":"","_et_pb_old_content":"","_et_gb_content_width":""},"product_brand":[145],"product_cat":[24,46],"product_tag":[],"class_list":{"0":"post-3473","1":"product","2":"type-product","3":"status-publish","4":"has-post-thumbnail","6":"product_brand-hs-flamingo","7":"product_cat-kaminad","8":"product_cat-valmiskaminad","9":"pa_brand-hs-flamingo","11":"first","12":"instock","13":"shipping-taxable","14":"purchasable","15":"product-type-simple"},"_links":{"self":[{"href":"https:\/\/kaminameister.ee\/en\/wp-json\/wp\/v2\/product\/3473","targetHints":{"allow":["GET"]}}],"collection":[{"href":"https:\/\/kaminameister.ee\/en\/wp-json\/wp\/v2\/product"}],"about":[{"href":"https:\/\/kaminameister.ee\/en\/wp-json\/wp\/v2\/types\/product"}],"replies":[{"embeddable":true,"href":"https:\/\/kaminameister.ee\/en\/wp-json\/wp\/v2\/comments?post=3473"}],"wp:featuredmedia":[{"embeddable":true,"href":"https:\/\/kaminameister.ee\/en\/wp-json\/wp\/v2\/media\/3474"}],"wp:attachment":[{"href":"https:\/\/kaminameister.ee\/en\/wp-json\/wp\/v2\/media?parent=3473"}],"wp:term":[{"taxonomy":"product_brand","embeddable":true,"href":"https:\/\/kaminameister.ee\/en\/wp-json\/wp\/v2\/product_brand?post=3473"},{"taxonomy":"product_cat","embeddable":true,"href":"https:\/\/kaminameister.ee\/en\/wp-json\/wp\/v2\/product_cat?post=3473"},{"taxonomy":"product_tag","embeddable":true,"href":"https:\/\/kaminameister.ee\/en\/wp-json\/wp\/v2\/product_tag?post=3473"}],"curies":[{"name":"wp","href":"https:\/\/api.w.org\/{rel}","templated":true}]}}