{"id":3449,"date":"2024-07-01T13:37:07","date_gmt":"2024-07-01T10:37:07","guid":{"rendered":"http:\/\/kaminameister.ee\/?post_type=product&#038;p=3449"},"modified":"2026-02-19T14:42:01","modified_gmt":"2026-02-19T12:42:01","slug":"kamin-meland-hs-flamingo","status":"publish","type":"product","link":"https:\/\/kaminameister.ee\/en\/tooted\/kaminad\/valmiskaminad\/kamin-meland-hs-flamingo\/","title":{"rendered":"kamin MELAND (HS Flamingo)"},"content":{"rendered":"<p><i>\u00a0V\u00e4rvitoonid : vaher, p\u00e4hkel, valge, hele tamm, bee\u017e.<\/i><\/p>\n<p><i>Suitsutoru d.150 mm.K\u00f6etav ruum: 60-240 m3,puude pikkus 35 cm. K\u00fcttepuude kogus: 2,5 kg\/tunnis.<\/i><\/p>\n<p><i>Mudel j\u00e4relp\u00f5lemisega.<\/i><\/p>\n","protected":false},"excerpt":{"rendered":"<p><em>Kaal: 118.5 kg, nominaalv\u00f5imsus: 3-12 kW, k\u00f5rgus: 1019 mm, laius: 562 mm, s\u00fcgavus: 465 mm, kasutegur: 80.72%, suitsugaasi temperatuur: 293\u00b0C, CO: 0.08%<\/em><\/p>\n<p><strong><em>Hind: 1 576\u20ac<\/em><\/strong><\/p>\n","protected":false},"featured_media":3450,"comment_status":"open","ping_status":"closed","template":"","meta":{"_et_pb_use_builder":"","_et_pb_old_content":"","_et_gb_content_width":""},"product_brand":[145],"product_cat":[24,46],"product_tag":[],"class_list":{"0":"post-3449","1":"product","2":"type-product","3":"status-publish","4":"has-post-thumbnail","6":"product_brand-hs-flamingo","7":"product_cat-kaminad","8":"product_cat-valmiskaminad","9":"pa_brand-hs-flamingo","11":"first","12":"instock","13":"shipping-taxable","14":"purchasable","15":"product-type-simple"},"_links":{"self":[{"href":"https:\/\/kaminameister.ee\/en\/wp-json\/wp\/v2\/product\/3449","targetHints":{"allow":["GET"]}}],"collection":[{"href":"https:\/\/kaminameister.ee\/en\/wp-json\/wp\/v2\/product"}],"about":[{"href":"https:\/\/kaminameister.ee\/en\/wp-json\/wp\/v2\/types\/product"}],"replies":[{"embeddable":true,"href":"https:\/\/kaminameister.ee\/en\/wp-json\/wp\/v2\/comments?post=3449"}],"wp:featuredmedia":[{"embeddable":true,"href":"https:\/\/kaminameister.ee\/en\/wp-json\/wp\/v2\/media\/3450"}],"wp:attachment":[{"href":"https:\/\/kaminameister.ee\/en\/wp-json\/wp\/v2\/media?parent=3449"}],"wp:term":[{"taxonomy":"product_brand","embeddable":true,"href":"https:\/\/kaminameister.ee\/en\/wp-json\/wp\/v2\/product_brand?post=3449"},{"taxonomy":"product_cat","embeddable":true,"href":"https:\/\/kaminameister.ee\/en\/wp-json\/wp\/v2\/product_cat?post=3449"},{"taxonomy":"product_tag","embeddable":true,"href":"https:\/\/kaminameister.ee\/en\/wp-json\/wp\/v2\/product_tag?post=3449"}],"curies":[{"name":"wp","href":"https:\/\/api.w.org\/{rel}","templated":true}]}}