{"id":3337,"date":"2024-06-28T16:21:25","date_gmt":"2024-06-28T13:21:25","guid":{"rendered":"http:\/\/kaminameister.ee\/?post_type=product&#038;p=3337"},"modified":"2025-06-20T15:42:20","modified_gmt":"2025-06-20T12:42:20","slug":"pliit-termorosa-xxl-dsa-keskkute-lanordica-extraflame","status":"publish","type":"product","link":"https:\/\/kaminameister.ee\/en\/tooted\/pliidid\/keskkuttepliidid\/pliit-termorosa-xxl-dsa-keskkute-lanordica-extraflame\/","title":{"rendered":"pliit TERMOROSA XXL DSA keskk\u00fcte (LaNordica Extraflame)"},"content":{"rendered":"<p><i>\u00a0Energiaklass A+.V\u00e4liskorpus on valmistatud s\u00e4ravast terasest.\u00a0<\/i><i>Uks ja fassaad poleeritud malmist.\u00a0<\/i><i>\u00a0Kahekordse klaasiga uks.\u00a0<\/i><i>\u00a0Suur emailitud k\u00fcpsetusahi 60L.<\/i><\/p>\n<p><i>\u00dclemine k\u00fcpsetusplaat ja r\u00f5ngad poleeritud malmist.\u00a0<\/i><i> Puude sahtel.\u00a0<\/i><i>Reguleeritav primaarne ja sekundaarne p\u00f5lemis\u00f5hk.<\/i><\/p>\n<p><i>K\u00fcttev\u00f5imsus veele: 15,1 KW.\u00a0<\/i><i>\u00a0K\u00fcttev\u00f5imsus ruumile: 3,3 kW.\u00a0<\/i><i> V\u00f5imsus (maks.): 22,2 kW. T\u00f5mme: 17-20 Pa Lisa\u00f5hutoru: D100\u00a0 \u00a0\u00a0<\/i><\/p>\n<p><i>Vees\u00e4rgi maht 22 L..\u00a0<\/i><i>\u00a0Maks. t\u00f6\u00f6r\u00f5hk: 3 bar.<\/i><\/p>\n<p><i>Optimaalne t\u00f6\u00f6temperatuur: 70\u00b0-75\u00b0C.\u00a0<\/i><i>\u00a0Katla \u00fchendus D: 1\u2033 F Gas.<\/i><\/p>\n<p><i>K\u00f6etav pind: 527 m\u00b3. Suitsutoru ava diameeter: 160 mm. Suitsutoru \u00fchendus: Pealt, Tagant. Miinimum t\u00f5mme: 17 Pa. Keskmine puidu tarbimine: 5.2 kg\/h. Veek\u00fcte.<\/i><\/p>\n<p><i>Kolde ava m\u00f5\u00f5dud: 225\u00d7158 mm. Kolde m\u00f5\u00f5dud: 257x350x405 mm. K\u00fcpsetusahju m\u00f5\u00f5dud: 306x418x430 mm.<\/i><\/p>\n<p><em>Tehniline joonis: <a href=\"http:\/\/kaminameister.ee\/wp-content\/uploads\/2024\/06\/termorosa-xxl-tehniline.pdf\">TermoRosa XXL tehniline<\/a><\/em><\/p>\n<p>&nbsp;<\/p>\n","protected":false},"excerpt":{"rendered":"<p><em>Kaal: 275 kg, nominaalv\u00f5imsus: 18.4 kW, k\u00f5rgus: 861 mm, laius: 1074 mm, s\u00fcgavus: 690 mm, kasutegur: 83%, suitsugaasi temperatuur: 177\u00b0C, CO: 0.12%<\/em><\/p>\n<p><strong><em>Hind: 4 597\u20ac<\/em><\/strong><\/p>\n","protected":false},"featured_media":3341,"comment_status":"open","ping_status":"closed","template":"","meta":{"_et_pb_use_builder":"","_et_pb_old_content":"","_et_gb_content_width":""},"product_brand":[146],"product_cat":[58,28],"product_tag":[],"class_list":{"0":"post-3337","1":"product","2":"type-product","3":"status-publish","4":"has-post-thumbnail","6":"product_brand-lanordica-extraflame","7":"product_cat-keskkuttepliidid","8":"product_cat-pliidid","9":"pa_brand-lanordica-extraflame","11":"first","12":"instock","13":"shipping-taxable","14":"purchasable","15":"product-type-simple"},"_links":{"self":[{"href":"https:\/\/kaminameister.ee\/en\/wp-json\/wp\/v2\/product\/3337","targetHints":{"allow":["GET"]}}],"collection":[{"href":"https:\/\/kaminameister.ee\/en\/wp-json\/wp\/v2\/product"}],"about":[{"href":"https:\/\/kaminameister.ee\/en\/wp-json\/wp\/v2\/types\/product"}],"replies":[{"embeddable":true,"href":"https:\/\/kaminameister.ee\/en\/wp-json\/wp\/v2\/comments?post=3337"}],"wp:featuredmedia":[{"embeddable":true,"href":"https:\/\/kaminameister.ee\/en\/wp-json\/wp\/v2\/media\/3341"}],"wp:attachment":[{"href":"https:\/\/kaminameister.ee\/en\/wp-json\/wp\/v2\/media?parent=3337"}],"wp:term":[{"taxonomy":"product_brand","embeddable":true,"href":"https:\/\/kaminameister.ee\/en\/wp-json\/wp\/v2\/product_brand?post=3337"},{"taxonomy":"product_cat","embeddable":true,"href":"https:\/\/kaminameister.ee\/en\/wp-json\/wp\/v2\/product_cat?post=3337"},{"taxonomy":"product_tag","embeddable":true,"href":"https:\/\/kaminameister.ee\/en\/wp-json\/wp\/v2\/product_tag?post=3337"}],"curies":[{"name":"wp","href":"https:\/\/api.w.org\/{rel}","templated":true}]}}