{"id":3323,"date":"2024-06-28T16:12:45","date_gmt":"2024-06-28T13:12:45","guid":{"rendered":"http:\/\/kaminameister.ee\/?post_type=product&#038;p=3323"},"modified":"2025-06-20T15:43:26","modified_gmt":"2025-06-20T12:43:26","slug":"pliit-termosovrana-dsa-keskkute-lanordica-extraflame","status":"publish","type":"product","link":"https:\/\/kaminameister.ee\/en\/tooted\/pliidid\/keskkuttepliidid\/pliit-termosovrana-dsa-keskkute-lanordica-extraflame\/","title":{"rendered":"pliit TERMOSOVRANA DSA keskk\u00fcte (LaNordica Extraflame)"},"content":{"rendered":"<p><i>Energiaklass\u00a0 A+. K\u00f6etav ruumala: 387m\u00b3\u00a0<\/i><i>vee vaheti nom. v\u00f5imsus : 9kW\u00a0\u00a0<\/i><i>kiirgusv\u00f5imsus: 4,5kW<\/i><\/p>\n<p><i>korpuse v\u00e4rvitoonid: valge,\u00a0 must .\u00a0<\/i><i>Suitsutoru ava diameeter: 130 mm .Suitsutoru \u00fchendus: pealt ja tagant.<\/i><\/p>\n<p><i>Kolde ava m\u00f5\u00f5dud: 217\u00d7172 mm Kolde m\u00f5\u00f5dud: 275x250x395 mm,praeahju m\u00f5\u00f5dud: 330 x 300 x 410 mm<\/i><\/p>\n<p><em>Tehniline joonis: <a href=\"http:\/\/kaminameister.ee\/wp-content\/uploads\/2024\/06\/termosovrana-tehniline.pdf\">TermoSovrana tehniline<\/a><\/em><\/p>\n","protected":false},"excerpt":{"rendered":"<p><em>Kaal: 166 kg, nominaalv\u00f5imsus: 13.5 kW, k\u00f5rgus: 889 mm, laius: 964 mm, s\u00fcgavus: 640 mm, kasutegur: 81.2%, suitsugaasi temperatuur: 172\u00b0C, CO: 0.12<\/em><\/p>\n<p><strong><em>Hind: 3 016\u20ac<\/em><\/strong><\/p>\n","protected":false},"featured_media":3327,"comment_status":"open","ping_status":"closed","template":"","meta":{"_et_pb_use_builder":"","_et_pb_old_content":"","_et_gb_content_width":""},"product_brand":[146],"product_cat":[58,28],"product_tag":[],"class_list":{"0":"post-3323","1":"product","2":"type-product","3":"status-publish","4":"has-post-thumbnail","6":"product_brand-lanordica-extraflame","7":"product_cat-keskkuttepliidid","8":"product_cat-pliidid","9":"pa_brand-lanordica-extraflame","11":"first","12":"instock","13":"shipping-taxable","14":"purchasable","15":"product-type-simple"},"_links":{"self":[{"href":"https:\/\/kaminameister.ee\/en\/wp-json\/wp\/v2\/product\/3323","targetHints":{"allow":["GET"]}}],"collection":[{"href":"https:\/\/kaminameister.ee\/en\/wp-json\/wp\/v2\/product"}],"about":[{"href":"https:\/\/kaminameister.ee\/en\/wp-json\/wp\/v2\/types\/product"}],"replies":[{"embeddable":true,"href":"https:\/\/kaminameister.ee\/en\/wp-json\/wp\/v2\/comments?post=3323"}],"wp:featuredmedia":[{"embeddable":true,"href":"https:\/\/kaminameister.ee\/en\/wp-json\/wp\/v2\/media\/3327"}],"wp:attachment":[{"href":"https:\/\/kaminameister.ee\/en\/wp-json\/wp\/v2\/media?parent=3323"}],"wp:term":[{"taxonomy":"product_brand","embeddable":true,"href":"https:\/\/kaminameister.ee\/en\/wp-json\/wp\/v2\/product_brand?post=3323"},{"taxonomy":"product_cat","embeddable":true,"href":"https:\/\/kaminameister.ee\/en\/wp-json\/wp\/v2\/product_cat?post=3323"},{"taxonomy":"product_tag","embeddable":true,"href":"https:\/\/kaminameister.ee\/en\/wp-json\/wp\/v2\/product_tag?post=3323"}],"curies":[{"name":"wp","href":"https:\/\/api.w.org\/{rel}","templated":true}]}}