{"id":3312,"date":"2024-06-28T15:54:12","date_gmt":"2024-06-28T12:54:12","guid":{"rendered":"http:\/\/kaminameister.ee\/?post_type=product&#038;p=3312"},"modified":"2025-06-30T14:09:12","modified_gmt":"2025-06-30T11:09:12","slug":"pliit-saja-7-90-cc-keskkutehergom","status":"publish","type":"product","link":"https:\/\/kaminameister.ee\/en\/tooted\/pliidid\/keskkuttepliidid\/pliit-saja-7-90-cc-keskkutehergom\/","title":{"rendered":"pliit SAJA 7\/90 CC keskk\u00fcte(Hergom)"},"content":{"rendered":"<p><i>\u00dclest\u00f5stetava keraamilise pliidiplaadiga,mille all malmplaat.Kroomosad.\u00a0<\/i><\/p>\n<p>V<i>\u00f5imsus 5,1-7kW\u00a0 <\/i><i>K\u00fcttev\u00f5imsus veele 5,3- 16 kW\u00a0\u00a0<\/i><\/p>\n<p><i>Kolde m\u00f5\u00f5dud: L 265 x H285 x S365 mm. Praeahju m\u00f5\u00f5dud L 350 x H385 x S425 mm Suitsutoru diameeter 150 mm.Tagant\u00fchendusega<\/i><\/p>\n<p><i>Vees\u00e4rgi maht 20 L, \u00a0max.t\u00f6\u00f6r\u00f5hk 1 bar, t\u00f5mme 12 PA.<\/i><\/p>\n<p><em>Tooteleht: <a href=\"http:\/\/kaminameister.ee\/wp-content\/uploads\/2024\/06\/saja-7_90-cctooteleht.pdf\">Saja 7_90 CCtooteleht<\/a><\/em><\/p>\n","protected":false},"excerpt":{"rendered":"<p><em>Kaal: 225 kg, nominaalv\u00f5imsus: 5.1-7 kW, k\u00f5rgus: 848 mm, laius: 922 mm, s\u00fcgavus: 613 mm, kasutegur: 83%, suitsugaasi temperatuur: 173\u00b0C, CO: 0.09<\/em><\/p>\n<p><i>Saja 7\/90 CC malmpliidiplaadiga,hind :4<\/i><b><i> 007\u20ac<\/i><\/b><\/p>\n<p><i>Saja 7\/90 CC keraamilise pliidiplaadiga,hind :<\/i><b><i>4 714\u20ac<\/i><\/b><\/p>\n<p>&nbsp;<\/p>\n","protected":false},"featured_media":3122,"comment_status":"open","ping_status":"closed","template":"","meta":{"_et_pb_use_builder":"","_et_pb_old_content":"","_et_gb_content_width":""},"product_brand":[144],"product_cat":[58,28],"product_tag":[],"class_list":{"0":"post-3312","1":"product","2":"type-product","3":"status-publish","4":"has-post-thumbnail","6":"product_brand-hergom","7":"product_cat-keskkuttepliidid","8":"product_cat-pliidid","9":"pa_brand-hergom","11":"first","12":"instock","13":"shipping-taxable","14":"purchasable","15":"product-type-simple"},"_links":{"self":[{"href":"https:\/\/kaminameister.ee\/en\/wp-json\/wp\/v2\/product\/3312","targetHints":{"allow":["GET"]}}],"collection":[{"href":"https:\/\/kaminameister.ee\/en\/wp-json\/wp\/v2\/product"}],"about":[{"href":"https:\/\/kaminameister.ee\/en\/wp-json\/wp\/v2\/types\/product"}],"replies":[{"embeddable":true,"href":"https:\/\/kaminameister.ee\/en\/wp-json\/wp\/v2\/comments?post=3312"}],"wp:featuredmedia":[{"embeddable":true,"href":"https:\/\/kaminameister.ee\/en\/wp-json\/wp\/v2\/media\/3122"}],"wp:attachment":[{"href":"https:\/\/kaminameister.ee\/en\/wp-json\/wp\/v2\/media?parent=3312"}],"wp:term":[{"taxonomy":"product_brand","embeddable":true,"href":"https:\/\/kaminameister.ee\/en\/wp-json\/wp\/v2\/product_brand?post=3312"},{"taxonomy":"product_cat","embeddable":true,"href":"https:\/\/kaminameister.ee\/en\/wp-json\/wp\/v2\/product_cat?post=3312"},{"taxonomy":"product_tag","embeddable":true,"href":"https:\/\/kaminameister.ee\/en\/wp-json\/wp\/v2\/product_tag?post=3312"}],"curies":[{"name":"wp","href":"https:\/\/api.w.org\/{rel}","templated":true}]}}