{"id":3308,"date":"2024-06-28T15:47:36","date_gmt":"2024-06-28T12:47:36","guid":{"rendered":"http:\/\/kaminameister.ee\/?post_type=product&#038;p=3308"},"modified":"2025-06-30T14:07:40","modified_gmt":"2025-06-30T11:07:40","slug":"pliit-l-07-90-cc-keskkute-hergom","status":"publish","type":"product","link":"https:\/\/kaminameister.ee\/en\/tooted\/pliidid\/keskkuttepliidid\/pliit-l-07-90-cc-keskkute-hergom\/","title":{"rendered":"pliit L- 07 90\/ CC keskk\u00fcte (Hergom)"},"content":{"rendered":"<p><i>Kas malmplaadiv\u00f5i keraamilise pliidiplaadiga,kroomi v\u00f5i messingosadega.<\/i><\/p>\n<p><i>V\u00f5imsus 5,1-7 kW\u00a0\u00a0<\/i><i>K\u00fcttev\u00f5imsus veele 5,3-16 kW\u00a0<\/i><\/p>\n<p><i>\u00a0<\/i><i>Suitsutoru diameeter 150 mm.,tagant\u00fchendusega.<\/i><\/p>\n<p><i>\u00a0Kolde m\u00f5\u00f5dud: 265 x 285 x 365 mm. Praeahju m\u00f5\u00f5dud L 350 x H385 x S425 mm<\/i><\/p>\n<p><i>Vees\u00e4rgi maht 20 L, max.t\u00f6\u00f6r\u00f5hk 1 bar, t\u00f5mme 12 PA.<\/i><\/p>\n<p><em>Tooteleht:<a href=\"http:\/\/kaminameister.ee\/wp-content\/uploads\/2024\/06\/l07_90cc-keskkute.pdf\">L07_90CC keskk\u00fcte<\/a><\/em><\/p>\n","protected":false},"excerpt":{"rendered":"<p><em>Kaal: 235 kg, nominaalv\u00f5imsus: 5.1-7 kW, k\u00f5rgus: 848 mm, laius: 922 mm, s\u00fcgavus: 613 mm, kasutegur: 83%, suitsugaasi temperatuur: 173\u00b0C, CO: 0.09<\/em><\/p>\n<p><i>Mudel L-07\/90 C-C, messingosad,malmplaadiga,<b>hind 4 438\u20ac \u00a0<\/b>Kroomosadega\u00a0\u00a0<\/i><b><i>4 494\u20ac<\/i><\/b><\/p>\n<p><i>Mudel L-07\/90 C-C, messingosad,keraamilise plaadiga,<b>hind 4 606\u20ac<\/b>. Kroomosadega\u00a0<\/i><b><i>4 742\u20ac.<\/i><\/b><\/p>\n","protected":false},"featured_media":3150,"comment_status":"open","ping_status":"closed","template":"","meta":{"_et_pb_use_builder":"","_et_pb_old_content":"","_et_gb_content_width":""},"product_brand":[144],"product_cat":[58,28],"product_tag":[],"class_list":{"0":"post-3308","1":"product","2":"type-product","3":"status-publish","4":"has-post-thumbnail","6":"product_brand-hergom","7":"product_cat-keskkuttepliidid","8":"product_cat-pliidid","9":"pa_brand-hergom","11":"first","12":"instock","13":"shipping-taxable","14":"purchasable","15":"product-type-simple"},"_links":{"self":[{"href":"https:\/\/kaminameister.ee\/en\/wp-json\/wp\/v2\/product\/3308","targetHints":{"allow":["GET"]}}],"collection":[{"href":"https:\/\/kaminameister.ee\/en\/wp-json\/wp\/v2\/product"}],"about":[{"href":"https:\/\/kaminameister.ee\/en\/wp-json\/wp\/v2\/types\/product"}],"replies":[{"embeddable":true,"href":"https:\/\/kaminameister.ee\/en\/wp-json\/wp\/v2\/comments?post=3308"}],"wp:featuredmedia":[{"embeddable":true,"href":"https:\/\/kaminameister.ee\/en\/wp-json\/wp\/v2\/media\/3150"}],"wp:attachment":[{"href":"https:\/\/kaminameister.ee\/en\/wp-json\/wp\/v2\/media?parent=3308"}],"wp:term":[{"taxonomy":"product_brand","embeddable":true,"href":"https:\/\/kaminameister.ee\/en\/wp-json\/wp\/v2\/product_brand?post=3308"},{"taxonomy":"product_cat","embeddable":true,"href":"https:\/\/kaminameister.ee\/en\/wp-json\/wp\/v2\/product_cat?post=3308"},{"taxonomy":"product_tag","embeddable":true,"href":"https:\/\/kaminameister.ee\/en\/wp-json\/wp\/v2\/product_tag?post=3308"}],"curies":[{"name":"wp","href":"https:\/\/api.w.org\/{rel}","templated":true}]}}