{"id":3301,"date":"2024-06-28T14:02:13","date_gmt":"2024-06-28T11:02:13","guid":{"rendered":"http:\/\/kaminameister.ee\/?post_type=product&#038;p=3301"},"modified":"2025-06-20T15:44:28","modified_gmt":"2025-06-20T12:44:28","slug":"pliit-rosa-5-0-majoolika-lanordica-extraflame","status":"publish","type":"product","link":"https:\/\/kaminameister.ee\/en\/tooted\/pliidid\/puukuttepliidid\/pliit-rosa-5-0-majoolika-lanordica-extraflame\/","title":{"rendered":"pliit ROSA 5.0 majoolika (LaNordica Extraflame)"},"content":{"rendered":"<p><i>Energiaklass A.V\u00e4rvitoon: bordoo , valge, tortora.\u00a0<\/i><i>k\u00f6etav ruumala 252 m\u00b3 .<\/i><\/p>\n<p><i>Kolde ava m\u00f5\u00f5dud: 210\u00d7265 mm Kolde m\u00f5\u00f5dud: 270x302x370 mm,praeahju m\u00f5\u00f5dud: 330 x 300 x 430 mm.<\/i><\/p>\n<p><em>Tehniline joonis: <a href=\"http:\/\/kaminameister.ee\/wp-content\/uploads\/2024\/06\/rosa-5.0-keraamika-ja-majoolika.pdf\">Rosa 5.0 keraamika ja majoolika<\/a><\/em><\/p>\n","protected":false},"excerpt":{"rendered":"<p><em>Kaal: 204 kg, nominaalv\u00f5imsus: 8.8 kW, k\u00f5rgus: 851 mm, laius: 1030 mm, s\u00fcgavus: 650 mm, kasutegur: 78.9%, suitsugaasi temperatuur: 200\u00b0C, CO: 0.048<\/em><\/p>\n<p><strong><em>Hind: 2 805\u20ac<\/em><\/strong><\/p>\n<p><i>Veen\u00f5u 3,5 L : 58\u20ac<\/i><\/p>\n","protected":false},"featured_media":3302,"comment_status":"open","ping_status":"closed","template":"","meta":{"_et_pb_use_builder":"","_et_pb_old_content":"","_et_gb_content_width":""},"product_brand":[146],"product_cat":[28,56],"product_tag":[],"class_list":{"0":"post-3301","1":"product","2":"type-product","3":"status-publish","4":"has-post-thumbnail","6":"product_brand-lanordica-extraflame","7":"product_cat-pliidid","8":"product_cat-puukuttepliidid","9":"pa_brand-lanordica-extraflame","11":"first","12":"instock","13":"shipping-taxable","14":"purchasable","15":"product-type-simple"},"_links":{"self":[{"href":"https:\/\/kaminameister.ee\/en\/wp-json\/wp\/v2\/product\/3301","targetHints":{"allow":["GET"]}}],"collection":[{"href":"https:\/\/kaminameister.ee\/en\/wp-json\/wp\/v2\/product"}],"about":[{"href":"https:\/\/kaminameister.ee\/en\/wp-json\/wp\/v2\/types\/product"}],"replies":[{"embeddable":true,"href":"https:\/\/kaminameister.ee\/en\/wp-json\/wp\/v2\/comments?post=3301"}],"wp:featuredmedia":[{"embeddable":true,"href":"https:\/\/kaminameister.ee\/en\/wp-json\/wp\/v2\/media\/3302"}],"wp:attachment":[{"href":"https:\/\/kaminameister.ee\/en\/wp-json\/wp\/v2\/media?parent=3301"}],"wp:term":[{"taxonomy":"product_brand","embeddable":true,"href":"https:\/\/kaminameister.ee\/en\/wp-json\/wp\/v2\/product_brand?post=3301"},{"taxonomy":"product_cat","embeddable":true,"href":"https:\/\/kaminameister.ee\/en\/wp-json\/wp\/v2\/product_cat?post=3301"},{"taxonomy":"product_tag","embeddable":true,"href":"https:\/\/kaminameister.ee\/en\/wp-json\/wp\/v2\/product_tag?post=3301"}],"curies":[{"name":"wp","href":"https:\/\/api.w.org\/{rel}","templated":true}]}}