{"id":3291,"date":"2024-06-28T13:45:58","date_gmt":"2024-06-28T10:45:58","guid":{"rendered":"http:\/\/kaminameister.ee\/?post_type=product&#038;p=3291"},"modified":"2025-06-20T15:45:25","modified_gmt":"2025-06-20T12:45:25","slug":"pliit-venezia-lanordica-extraflame","status":"publish","type":"product","link":"https:\/\/kaminameister.ee\/en\/tooted\/pliidid\/puukuttepliidid\/pliit-venezia-lanordica-extraflame\/","title":{"rendered":"pliit VENEZIA (LaNordica Extraflame)"},"content":{"rendered":"<p><i>Integreeritav v\u00f5i eraldiseisev pliit.K\u00f6etav ruumala 238 m\u00b3. l\u00f5\u00f5ri\u00fchenduse diam. 130mm.\u00dchendus korstnaga keskel pealt v\u00f5i paremalt-vasakult k\u00fcljelt (kasutades k\u00fcljev\u00e4ljundiga paneeli)<\/i><\/p>\n<p><i>kolde ava m\u00f5\u00f5t: 257&#215;250 mm, kolde m\u00f5\u00f5t: 298x320x425 mm, k\u00fcpsetusahju m\u00f5\u00f5t: 333 x313x428 mm \u00a0<\/i><\/p>\n<p><em>Tehniline joonis: <a href=\"http:\/\/kaminameister.ee\/wp-content\/uploads\/2024\/06\/venezia-tehniline-joonis.pdf\">Venezia tehniline joonis<\/a><\/em><\/p>\n","protected":false},"excerpt":{"rendered":"<p><em>Kaal: 175 kg, nominaalv\u00f5imsus: 8.3 kW, k\u00f5rgus: 910 mm, laius: 900 mm, s\u00fcgavus: 600 mm, kasutegur: 86.9%, suitsugaasi temperatuur: 190\u00b0C, CO: 0.047<\/em><\/p>\n<p><b><i>Antratsiitmust,hind 3 724\u20ac\u00a0 \u00a0 \u00a0inox ,hind 3 762\u20ac<\/i><\/b><\/p>\n<p><i>Keraamiline pliidiplaat: 400<strong>\u20ac,<\/strong> k\u00fcljev\u00e4ljundiga paneel :<strong> 101\u20ac<\/strong><\/i><\/p>\n","protected":false},"featured_media":3295,"comment_status":"open","ping_status":"closed","template":"","meta":{"_et_pb_use_builder":"","_et_pb_old_content":"","_et_gb_content_width":""},"product_brand":[146],"product_cat":[28,56],"product_tag":[],"class_list":{"0":"post-3291","1":"product","2":"type-product","3":"status-publish","4":"has-post-thumbnail","6":"product_brand-lanordica-extraflame","7":"product_cat-pliidid","8":"product_cat-puukuttepliidid","9":"pa_brand-lanordica-extraflame","11":"first","12":"instock","13":"shipping-taxable","14":"purchasable","15":"product-type-simple"},"_links":{"self":[{"href":"https:\/\/kaminameister.ee\/en\/wp-json\/wp\/v2\/product\/3291","targetHints":{"allow":["GET"]}}],"collection":[{"href":"https:\/\/kaminameister.ee\/en\/wp-json\/wp\/v2\/product"}],"about":[{"href":"https:\/\/kaminameister.ee\/en\/wp-json\/wp\/v2\/types\/product"}],"replies":[{"embeddable":true,"href":"https:\/\/kaminameister.ee\/en\/wp-json\/wp\/v2\/comments?post=3291"}],"wp:featuredmedia":[{"embeddable":true,"href":"https:\/\/kaminameister.ee\/en\/wp-json\/wp\/v2\/media\/3295"}],"wp:attachment":[{"href":"https:\/\/kaminameister.ee\/en\/wp-json\/wp\/v2\/media?parent=3291"}],"wp:term":[{"taxonomy":"product_brand","embeddable":true,"href":"https:\/\/kaminameister.ee\/en\/wp-json\/wp\/v2\/product_brand?post=3291"},{"taxonomy":"product_cat","embeddable":true,"href":"https:\/\/kaminameister.ee\/en\/wp-json\/wp\/v2\/product_cat?post=3291"},{"taxonomy":"product_tag","embeddable":true,"href":"https:\/\/kaminameister.ee\/en\/wp-json\/wp\/v2\/product_tag?post=3291"}],"curies":[{"name":"wp","href":"https:\/\/api.w.org\/{rel}","templated":true}]}}