{"id":3284,"date":"2024-06-28T13:05:11","date_gmt":"2024-06-28T10:05:11","guid":{"rendered":"http:\/\/kaminameister.ee\/?post_type=product&#038;p=3284"},"modified":"2025-06-20T15:46:21","modified_gmt":"2025-06-20T12:46:21","slug":"pliit-verona-xxl-majoolikalanordica-extraflame","status":"publish","type":"product","link":"https:\/\/kaminameister.ee\/en\/tooted\/pliidid\/puukuttepliidid\/pliit-verona-xxl-majoolikalanordica-extraflame\/","title":{"rendered":"pliit VERONA XXL majoolika(LaNordica Extraflame)"},"content":{"rendered":"<p><i>Energiaklass A+. l\u00f5\u00f5ri\u00fchenduse diam. 150mm,k\u00f6etav ruumala 200 m\u00b3 .Integreeritav v\u00f5i eraldiseisev pliit.<\/i><\/p>\n<p><i>kolde ava m\u00f5\u00f5t: 500&#215;160 mm, kolde m\u00f5\u00f5t: 568x215x240 mm, k\u00fcpsetusahju m\u00f5\u00f5t: 547 x275x450 mm\u00a0<\/i><\/p>\n<p><em>Tehniline joonis: <a href=\"http:\/\/kaminameister.ee\/wp-content\/uploads\/2024\/06\/verona-xxl-majoolika.pdf\">Verona XXL majoolika<\/a><\/em><\/p>\n","protected":false},"excerpt":{"rendered":"<p><em>Kaal: 206 kg, nominaalv\u00f5imsus: 7 kW, k\u00f5rgus: 910 mm, laius: 800 mm, s\u00fcgavus: 700 mm, kasutegur: 85.1%, suitsugaasi temperatuur: 207\u00b0C, CO: 0.084<\/em><\/p>\n<p><strong><em>Hind: 3 900\u20ac<\/em><\/strong><\/p>\n<p><i>keraamiline pliidiplaat : <b>365\u20ac\u00a0<\/b><\/i><\/p>\n","protected":false},"featured_media":3288,"comment_status":"open","ping_status":"closed","template":"","meta":{"_et_pb_use_builder":"","_et_pb_old_content":"","_et_gb_content_width":""},"product_brand":[146],"product_cat":[28,56],"product_tag":[],"class_list":{"0":"post-3284","1":"product","2":"type-product","3":"status-publish","4":"has-post-thumbnail","6":"product_brand-lanordica-extraflame","7":"product_cat-pliidid","8":"product_cat-puukuttepliidid","10":"first","11":"instock","12":"shipping-taxable","13":"purchasable","14":"product-type-simple"},"_links":{"self":[{"href":"https:\/\/kaminameister.ee\/en\/wp-json\/wp\/v2\/product\/3284","targetHints":{"allow":["GET"]}}],"collection":[{"href":"https:\/\/kaminameister.ee\/en\/wp-json\/wp\/v2\/product"}],"about":[{"href":"https:\/\/kaminameister.ee\/en\/wp-json\/wp\/v2\/types\/product"}],"replies":[{"embeddable":true,"href":"https:\/\/kaminameister.ee\/en\/wp-json\/wp\/v2\/comments?post=3284"}],"wp:featuredmedia":[{"embeddable":true,"href":"https:\/\/kaminameister.ee\/en\/wp-json\/wp\/v2\/media\/3288"}],"wp:attachment":[{"href":"https:\/\/kaminameister.ee\/en\/wp-json\/wp\/v2\/media?parent=3284"}],"wp:term":[{"taxonomy":"product_brand","embeddable":true,"href":"https:\/\/kaminameister.ee\/en\/wp-json\/wp\/v2\/product_brand?post=3284"},{"taxonomy":"product_cat","embeddable":true,"href":"https:\/\/kaminameister.ee\/en\/wp-json\/wp\/v2\/product_cat?post=3284"},{"taxonomy":"product_tag","embeddable":true,"href":"https:\/\/kaminameister.ee\/en\/wp-json\/wp\/v2\/product_tag?post=3284"}],"curies":[{"name":"wp","href":"https:\/\/api.w.org\/{rel}","templated":true}]}}