{"id":3271,"date":"2024-06-28T12:58:04","date_gmt":"2024-06-28T09:58:04","guid":{"rendered":"http:\/\/kaminameister.ee\/?post_type=product&#038;p=3271"},"modified":"2025-06-20T15:47:15","modified_gmt":"2025-06-20T12:47:15","slug":"pliit-verona-xxl-lanordica-extraflame","status":"publish","type":"product","link":"https:\/\/kaminameister.ee\/en\/tooted\/pliidid\/puukuttepliidid\/pliit-verona-xxl-lanordica-extraflame\/","title":{"rendered":"pliit VERONA XXL (LaNordica Extraflame)"},"content":{"rendered":"<p><i>Energiaklass A+. l\u00f5\u00f5ri\u00fchenduse diam. 150mm,k\u00f6etav ruumala 200 m\u00b3 .Integreeritav v\u00f5i eraldiseisev pliit.<\/i><\/p>\n<p><i>kolde ava m\u00f5\u00f5t: 500&#215;160 mm, kolde m\u00f5\u00f5t: 568x215x240 mm, k\u00fcpsetusahju m\u00f5\u00f5t: 547 x275x450 mm\u00a0<\/i><\/p>\n<p><em>Tehniline joonis:\u00a0 <a href=\"http:\/\/kaminameister.ee\/wp-content\/uploads\/2024\/06\/verona-xxl.pdf\">Verona XXL<\/a> <a href=\"http:\/\/kaminameister.ee\/wp-content\/uploads\/2024\/06\/verona-xxl-petra.pdf\">Verona XXL Petra<\/a><\/em><\/p>\n","protected":false},"excerpt":{"rendered":"<p><em>Kaal: 175 kg, nominaalv\u00f5imsus: 7 kW, k\u00f5rgus: 970 mm, laius: 800 mm, s\u00fcgavus: 600 mm, kasutegur: 85.1%, suitsugaasi temperatuur: 207\u00b0C, CO: 0.084<\/em><\/p>\n<p><b><i>Verona XXL<\/i><\/b><i>\u00a0<\/i><b><i>antratsiitmust, 3 520\u20ac, inox 3 564\u20ac.<\/i><\/b><\/p>\n<p><em><strong>Verona XXL Petra, voolukiviga, hind 3 944\u20ac. <\/strong><i>Kaal 206 kg.<\/i><\/em><\/p>\n<p><i>Lisad :keraamiline pliidiplaat :\u00a0<b>365\u20ac <\/b>,k\u00fcljelt \u00fchendusega paneel : antratsiit :<\/i><b><i> 101 \u20ac.<\/i><\/b><\/p>\n","protected":false},"featured_media":3275,"comment_status":"open","ping_status":"closed","template":"","meta":{"_et_pb_use_builder":"","_et_pb_old_content":"","_et_gb_content_width":""},"product_brand":[146],"product_cat":[28,56],"product_tag":[],"class_list":{"0":"post-3271","1":"product","2":"type-product","3":"status-publish","4":"has-post-thumbnail","6":"product_brand-lanordica-extraflame","7":"product_cat-pliidid","8":"product_cat-puukuttepliidid","9":"pa_brand-lanordica-extraflame","11":"first","12":"instock","13":"shipping-taxable","14":"purchasable","15":"product-type-simple"},"_links":{"self":[{"href":"https:\/\/kaminameister.ee\/en\/wp-json\/wp\/v2\/product\/3271","targetHints":{"allow":["GET"]}}],"collection":[{"href":"https:\/\/kaminameister.ee\/en\/wp-json\/wp\/v2\/product"}],"about":[{"href":"https:\/\/kaminameister.ee\/en\/wp-json\/wp\/v2\/types\/product"}],"replies":[{"embeddable":true,"href":"https:\/\/kaminameister.ee\/en\/wp-json\/wp\/v2\/comments?post=3271"}],"wp:featuredmedia":[{"embeddable":true,"href":"https:\/\/kaminameister.ee\/en\/wp-json\/wp\/v2\/media\/3275"}],"wp:attachment":[{"href":"https:\/\/kaminameister.ee\/en\/wp-json\/wp\/v2\/media?parent=3271"}],"wp:term":[{"taxonomy":"product_brand","embeddable":true,"href":"https:\/\/kaminameister.ee\/en\/wp-json\/wp\/v2\/product_brand?post=3271"},{"taxonomy":"product_cat","embeddable":true,"href":"https:\/\/kaminameister.ee\/en\/wp-json\/wp\/v2\/product_cat?post=3271"},{"taxonomy":"product_tag","embeddable":true,"href":"https:\/\/kaminameister.ee\/en\/wp-json\/wp\/v2\/product_tag?post=3271"}],"curies":[{"name":"wp","href":"https:\/\/api.w.org\/{rel}","templated":true}]}}