{"id":3264,"date":"2024-06-28T12:46:40","date_gmt":"2024-06-28T09:46:40","guid":{"rendered":"http:\/\/kaminameister.ee\/?post_type=product&#038;p=3264"},"modified":"2025-06-20T15:48:08","modified_gmt":"2025-06-20T12:48:08","slug":"pliit-rosa-xxl-majolica-lanordica-extraflame","status":"publish","type":"product","link":"https:\/\/kaminameister.ee\/en\/tooted\/pliidid\/puukuttepliidid\/pliit-rosa-xxl-majolica-lanordica-extraflame\/","title":{"rendered":"pliit ROSA XXL majoolika(LaNordica Extraflame)"},"content":{"rendered":"<p><i>Korpuse v\u00e4rvitoon : valge ja bordoo majoolika.<\/i><\/p>\n<p><i>Energiaklass A+. l\u00f5\u00f5ri\u00fchenduse diam. 150mm,k\u00f6etav ruumala 315 m\u00b3 .<\/i><\/p>\n<p><i>kolde ava m\u00f5\u00f5t: 225&#215;210 mm, kolde m\u00f5\u00f5t: 296x306x460 mm, k\u00fcpsetusahju m\u00f5\u00f5t: 436 x418x430 mm<\/i><\/p>\n<p><em>Tehniline joonis: <a href=\"http:\/\/kaminameister.ee\/wp-content\/uploads\/2024\/06\/rosa-xxl-5.0-ja-majoolika.pdf\">Rosa XXL 5.0 ja majoolika<\/a><\/em><\/p>\n","protected":false},"excerpt":{"rendered":"<p><em>Kaal: 253 kg, nominaalv\u00f5imsus: 8.5 kW, k\u00f5rgus: 861 mm, laius: 1074 mm, s\u00fcgavus: 669 mm, kasutegur: 87.3%, suitsugaasi temperatuur: 188.5\u00b0C, CO: 0.034<\/em><\/p>\n<p><strong><em>Hind: 3 245\u20ac<\/em><\/strong><\/p>\n","protected":false},"featured_media":3258,"comment_status":"open","ping_status":"closed","template":"","meta":{"_et_pb_use_builder":"","_et_pb_old_content":"","_et_gb_content_width":""},"product_brand":[146],"product_cat":[28,56],"product_tag":[],"class_list":{"0":"post-3264","1":"product","2":"type-product","3":"status-publish","4":"has-post-thumbnail","6":"product_brand-lanordica-extraflame","7":"product_cat-pliidid","8":"product_cat-puukuttepliidid","9":"pa_brand-lanordica-extraflame","11":"first","12":"instock","13":"shipping-taxable","14":"purchasable","15":"product-type-simple"},"_links":{"self":[{"href":"https:\/\/kaminameister.ee\/en\/wp-json\/wp\/v2\/product\/3264","targetHints":{"allow":["GET"]}}],"collection":[{"href":"https:\/\/kaminameister.ee\/en\/wp-json\/wp\/v2\/product"}],"about":[{"href":"https:\/\/kaminameister.ee\/en\/wp-json\/wp\/v2\/types\/product"}],"replies":[{"embeddable":true,"href":"https:\/\/kaminameister.ee\/en\/wp-json\/wp\/v2\/comments?post=3264"}],"wp:featuredmedia":[{"embeddable":true,"href":"https:\/\/kaminameister.ee\/en\/wp-json\/wp\/v2\/media\/3258"}],"wp:attachment":[{"href":"https:\/\/kaminameister.ee\/en\/wp-json\/wp\/v2\/media?parent=3264"}],"wp:term":[{"taxonomy":"product_brand","embeddable":true,"href":"https:\/\/kaminameister.ee\/en\/wp-json\/wp\/v2\/product_brand?post=3264"},{"taxonomy":"product_cat","embeddable":true,"href":"https:\/\/kaminameister.ee\/en\/wp-json\/wp\/v2\/product_cat?post=3264"},{"taxonomy":"product_tag","embeddable":true,"href":"https:\/\/kaminameister.ee\/en\/wp-json\/wp\/v2\/product_tag?post=3264"}],"curies":[{"name":"wp","href":"https:\/\/api.w.org\/{rel}","templated":true}]}}