{"id":3230,"date":"2024-06-27T14:49:14","date_gmt":"2024-06-27T11:49:14","guid":{"rendered":"http:\/\/kaminameister.ee\/?post_type=product&#038;p=3230"},"modified":"2025-06-20T15:52:12","modified_gmt":"2025-06-20T12:52:12","slug":"pliit-rosa-reverse-2-0lanordica-extraflame","status":"publish","type":"product","link":"https:\/\/kaminameister.ee\/en\/tooted\/pliidid\/puukuttepliidid\/pliit-rosa-reverse-2-0lanordica-extraflame\/","title":{"rendered":"pliit ROSA REVERSE 2.0(LaNordica Extraflame)"},"content":{"rendered":"<p><i>Energiaklass A+.Klaasustega, malmkoldega, majoolika\u00a0\u00a0<\/i><i>v\u00e4rv: liberty bordoo, pergamena<\/i><\/p>\n<p><b><i>\u00dchendus korstnaga paremal (ja taga), kolle paremal, praeahi vasakul !<\/i><\/b><\/p>\n<p><i>k\u00f6etav ruumala 235 m\u00b3\u00a0<\/i><b><i>.<\/i><\/b><\/p>\n<p><i>Kolde ava m\u00f5\u00f5dud:349 x 235\u00a0mm Kolde m\u00f5\u00f5dud:374 x 290 x 320\u00a0mm,praeahju m\u00f5\u00f5dud: 245 x 300 x 384 mm.<\/i><\/p>\n<p><i>\u00a0Tehniline joonis: <a href=\"http:\/\/kaminameister.ee\/wp-content\/uploads\/2024\/06\/rosa-reverse-2.0.pdf\">Rosa Reverse 2.0<\/a><\/i><\/p>\n","protected":false},"excerpt":{"rendered":"<p><em>Kaal: 183 kg,nominaalv\u00f5imsus: 8.1 kW, k\u00f5rgus: 851 mm, laius: 1030 mm, s\u00fcgavus: 650 mm, kasutegur: 86.5%, suitsugaasi temperatuur: 189\u00b0C, CO: 0.05<\/em><\/p>\n<p><strong><em>Hind: 2 695\u20ac<\/em><\/strong><\/p>\n","protected":false},"featured_media":3237,"comment_status":"open","ping_status":"closed","template":"","meta":{"_et_pb_use_builder":"","_et_pb_old_content":"","_et_gb_content_width":""},"product_brand":[146],"product_cat":[28,56],"product_tag":[],"class_list":{"0":"post-3230","1":"product","2":"type-product","3":"status-publish","4":"has-post-thumbnail","6":"product_brand-lanordica-extraflame","7":"product_cat-pliidid","8":"product_cat-puukuttepliidid","9":"pa_brand-lanordica-extraflame","11":"first","12":"instock","13":"shipping-taxable","14":"purchasable","15":"product-type-simple"},"_links":{"self":[{"href":"https:\/\/kaminameister.ee\/en\/wp-json\/wp\/v2\/product\/3230","targetHints":{"allow":["GET"]}}],"collection":[{"href":"https:\/\/kaminameister.ee\/en\/wp-json\/wp\/v2\/product"}],"about":[{"href":"https:\/\/kaminameister.ee\/en\/wp-json\/wp\/v2\/types\/product"}],"replies":[{"embeddable":true,"href":"https:\/\/kaminameister.ee\/en\/wp-json\/wp\/v2\/comments?post=3230"}],"wp:featuredmedia":[{"embeddable":true,"href":"https:\/\/kaminameister.ee\/en\/wp-json\/wp\/v2\/media\/3237"}],"wp:attachment":[{"href":"https:\/\/kaminameister.ee\/en\/wp-json\/wp\/v2\/media?parent=3230"}],"wp:term":[{"taxonomy":"product_brand","embeddable":true,"href":"https:\/\/kaminameister.ee\/en\/wp-json\/wp\/v2\/product_brand?post=3230"},{"taxonomy":"product_cat","embeddable":true,"href":"https:\/\/kaminameister.ee\/en\/wp-json\/wp\/v2\/product_cat?post=3230"},{"taxonomy":"product_tag","embeddable":true,"href":"https:\/\/kaminameister.ee\/en\/wp-json\/wp\/v2\/product_tag?post=3230"}],"curies":[{"name":"wp","href":"https:\/\/api.w.org\/{rel}","templated":true}]}}