{"id":3156,"date":"2024-06-27T12:07:59","date_gmt":"2024-06-27T09:07:59","guid":{"rendered":"http:\/\/kaminameister.ee\/?post_type=product&#038;p=3156"},"modified":"2025-05-21T16:23:32","modified_gmt":"2025-05-21T13:23:32","slug":"pliit-deva-ii-100-hergom","status":"publish","type":"product","link":"https:\/\/kaminameister.ee\/en\/tooted\/pliidid\/puukuttepliidid\/pliit-deva-ii-100-hergom\/","title":{"rendered":"pliit DEVA II 100 (Hergom)"},"content":{"rendered":"<p><i>Pliidi korpus\u00a0 \u00a0creme,keraamilise pliidiplaadiga.<\/i><i>Pliidiplaadi raam ja kulbiraud RST, k\u00fcpsetusahi RST.\u00a0<\/i><i>L\u00f5\u00f5ri\u00fchendus\u00a0\u00d8 150mm,\u00a0<\/i><\/p>\n<p><em>Tehniline joonis: <a href=\"http:\/\/kaminameister.ee\/wp-content\/uploads\/2024\/06\/deva-ii-100-ja-ii-75-tehniline.pdf\">Deva II 100 ja II 75 tehniline<\/a><\/em><\/p>\n","protected":false},"excerpt":{"rendered":"<p><em>Kaal: 220 kg, nominaalv\u00f5imsus: 8-11 kW, k\u00f5rgus: 850 mm, laius: 1015 mm, s\u00fcgavus: 690 mm, kasutegur: 80%<\/em><\/p>\n<p><b><i>Mudeli tootmine l\u00f5petatud, tule, tutvu n\u00e4idisega !<\/i><\/b><\/p>\n<p><strong><em>Hind: 3 886\u20ac<\/em><\/strong><\/p>\n","protected":false},"featured_media":3165,"comment_status":"open","ping_status":"closed","template":"","meta":{"_et_pb_use_builder":"","_et_pb_old_content":"","_et_gb_content_width":""},"product_brand":[144],"product_cat":[28,56],"product_tag":[],"class_list":{"0":"post-3156","1":"product","2":"type-product","3":"status-publish","4":"has-post-thumbnail","6":"product_brand-hergom","7":"product_cat-pliidid","8":"product_cat-puukuttepliidid","9":"pa_brand-hergom","11":"first","12":"instock","13":"shipping-taxable","14":"purchasable","15":"product-type-simple"},"_links":{"self":[{"href":"https:\/\/kaminameister.ee\/en\/wp-json\/wp\/v2\/product\/3156","targetHints":{"allow":["GET"]}}],"collection":[{"href":"https:\/\/kaminameister.ee\/en\/wp-json\/wp\/v2\/product"}],"about":[{"href":"https:\/\/kaminameister.ee\/en\/wp-json\/wp\/v2\/types\/product"}],"replies":[{"embeddable":true,"href":"https:\/\/kaminameister.ee\/en\/wp-json\/wp\/v2\/comments?post=3156"}],"wp:featuredmedia":[{"embeddable":true,"href":"https:\/\/kaminameister.ee\/en\/wp-json\/wp\/v2\/media\/3165"}],"wp:attachment":[{"href":"https:\/\/kaminameister.ee\/en\/wp-json\/wp\/v2\/media?parent=3156"}],"wp:term":[{"taxonomy":"product_brand","embeddable":true,"href":"https:\/\/kaminameister.ee\/en\/wp-json\/wp\/v2\/product_brand?post=3156"},{"taxonomy":"product_cat","embeddable":true,"href":"https:\/\/kaminameister.ee\/en\/wp-json\/wp\/v2\/product_cat?post=3156"},{"taxonomy":"product_tag","embeddable":true,"href":"https:\/\/kaminameister.ee\/en\/wp-json\/wp\/v2\/product_tag?post=3156"}],"curies":[{"name":"wp","href":"https:\/\/api.w.org\/{rel}","templated":true}]}}