{"id":3146,"date":"2024-06-27T11:55:45","date_gmt":"2024-06-27T08:55:45","guid":{"rendered":"http:\/\/kaminameister.ee\/?post_type=product&#038;p=3146"},"modified":"2025-06-30T14:01:17","modified_gmt":"2025-06-30T11:01:17","slug":"l-07-90-ch-hergom","status":"publish","type":"product","link":"https:\/\/kaminameister.ee\/en\/tooted\/pliidid\/puukuttepliidid\/l-07-90-ch-hergom\/","title":{"rendered":"pliit L- 07\/90 CH (Hergom)"},"content":{"rendered":"<p><i>Pliit klaasusteta,kroomist v\u00f5i messingist lisadega. L\u00f5\u00f5ri\u00fchendus: \u00d8 150mm Kolde m\u00f5\u00f5dud: L 300 x H290 x S400 mm.\u00a0Praeahju m\u00f5\u00f5dud L 350 x H385 x S425 mm<\/i><\/p>\n<p><em>Tooteleht:\u00a0 <a href=\"http:\/\/kaminameister.ee\/wp-content\/uploads\/2024\/06\/l07_90ch.pdf\">L07_90CH<\/a><\/em><\/p>\n","protected":false},"excerpt":{"rendered":"<p><em>Kaal: 195 kg, nominaalv\u00f5imsus: 8-11 kW, k\u00f5rgus: 848 mm, laius: 922 mm, s\u00fcgavus: 613 mm, kasutegur: 80%, suitsugaasi temperatuur: 195\u00b0C, CO: 0.11%<\/em><\/p>\n<p><i>L &#8211; 07\/90 CH, malmplaadiga, Kulbiraud ja kaunistused ustel on messingist.\u00a0<\/i><b><i>hind: 3 597 \u20ac,<\/i><\/b><i>kroomist<\/i><b><i> :3 700\u20ac<\/i><\/b><\/p>\n<p><i>L &#8211; 07\/90 CH, keraamilise pliidiplaadiga,\u00a0 Kulbiraud ja kaunistused ustel on messingist, malmplaadiga klaasi all<\/i><b><i> hind: 4 123\u20ac\u00a0<\/i><\/b><\/p>\n<p><i>L &#8211; 07\/90 CH, keraamilise pliidiplaadiga, kulbiraud ja kaunistused ustel on kroomist ,\u00a0 pliidiplaadi kattega\u00a0<b>hind: 4 212 EUR<\/b><\/i><\/p>\n","protected":false},"featured_media":3153,"comment_status":"open","ping_status":"closed","template":"","meta":{"_et_pb_use_builder":"","_et_pb_old_content":"","_et_gb_content_width":""},"product_brand":[144],"product_cat":[28,56],"product_tag":[],"class_list":{"0":"post-3146","1":"product","2":"type-product","3":"status-publish","4":"has-post-thumbnail","6":"product_brand-hergom","7":"product_cat-pliidid","8":"product_cat-puukuttepliidid","9":"pa_brand-hergom","11":"first","12":"instock","13":"shipping-taxable","14":"purchasable","15":"product-type-simple"},"_links":{"self":[{"href":"https:\/\/kaminameister.ee\/en\/wp-json\/wp\/v2\/product\/3146","targetHints":{"allow":["GET"]}}],"collection":[{"href":"https:\/\/kaminameister.ee\/en\/wp-json\/wp\/v2\/product"}],"about":[{"href":"https:\/\/kaminameister.ee\/en\/wp-json\/wp\/v2\/types\/product"}],"replies":[{"embeddable":true,"href":"https:\/\/kaminameister.ee\/en\/wp-json\/wp\/v2\/comments?post=3146"}],"wp:featuredmedia":[{"embeddable":true,"href":"https:\/\/kaminameister.ee\/en\/wp-json\/wp\/v2\/media\/3153"}],"wp:attachment":[{"href":"https:\/\/kaminameister.ee\/en\/wp-json\/wp\/v2\/media?parent=3146"}],"wp:term":[{"taxonomy":"product_brand","embeddable":true,"href":"https:\/\/kaminameister.ee\/en\/wp-json\/wp\/v2\/product_brand?post=3146"},{"taxonomy":"product_cat","embeddable":true,"href":"https:\/\/kaminameister.ee\/en\/wp-json\/wp\/v2\/product_cat?post=3146"},{"taxonomy":"product_tag","embeddable":true,"href":"https:\/\/kaminameister.ee\/en\/wp-json\/wp\/v2\/product_tag?post=3146"}],"curies":[{"name":"wp","href":"https:\/\/api.w.org\/{rel}","templated":true}]}}