{"id":3139,"date":"2024-06-27T11:38:01","date_gmt":"2024-06-27T08:38:01","guid":{"rendered":"http:\/\/kaminameister.ee\/?post_type=product&#038;p=3139"},"modified":"2025-06-30T14:00:01","modified_gmt":"2025-06-30T11:00:01","slug":"pliit-pas-100-sehergom","status":"publish","type":"product","link":"https:\/\/kaminameister.ee\/en\/tooted\/pliidid\/puukuttepliidid\/pliit-pas-100-sehergom\/","title":{"rendered":"pliit PAS 100 SE(Hergom)"},"content":{"rendered":"<p><i>Kolde m\u00f5\u00f5dud: L 300 x H290 x S400 mm.\u00a0Praeahju m\u00f5\u00f5dud L 350 x H385 x S425 mm<\/i><\/p>\n<p><em>Tooteleht:\u00a0 <a href=\"http:\/\/kaminameister.ee\/wp-content\/uploads\/2024\/06\/pas-100-cc.pdf\">Pas 100 CC<\/a><\/em><\/p>\n","protected":false},"excerpt":{"rendered":"<p><em>Kaal: 276 kg, v\u00f5imsus: 8-11 kW, k\u00f5rgus: 849 mm, laius: 1022 mm, s\u00fcgavus: 615 mm, kasutegur: 80%, suitsugaasi temperatuur 195\u00b0C, CO: 0.05%<\/em><\/p>\n<p><i><b>Pliit PAS 100 SE ,\u00a0<\/b>malmplaadiga, tagant\u00fchendusega,malmplaadiga klaasi all, hind:<\/i><b><i> 3 798\u20ac<\/i><\/b><\/p>\n<p><b><i>Pliit PAS 100 II SE<\/i><\/b><i>\u00a0malmplaadiga,pealt\/tagant\u00fchendusega:\u00a0<b>3 944\u20ac<\/b><\/i><\/p>\n<p><b><i>Pliit PAS 100 SE,<\/i><\/b><i>\u00a0keraamilise plaadiga, tagant\u00fchendusega,malmplaadiga klaasi all,\u00a0hind:\u00a0<\/i><b><i>4 468\u20ac<\/i><\/b><\/p>\n","protected":false},"featured_media":3143,"comment_status":"open","ping_status":"closed","template":"","meta":{"_et_pb_use_builder":"","_et_pb_old_content":"","_et_gb_content_width":""},"product_brand":[144],"product_cat":[28,56],"product_tag":[],"class_list":{"0":"post-3139","1":"product","2":"type-product","3":"status-publish","4":"has-post-thumbnail","6":"product_brand-hergom","7":"product_cat-pliidid","8":"product_cat-puukuttepliidid","9":"pa_brand-hergom","11":"first","12":"instock","13":"shipping-taxable","14":"purchasable","15":"product-type-simple"},"_links":{"self":[{"href":"https:\/\/kaminameister.ee\/en\/wp-json\/wp\/v2\/product\/3139","targetHints":{"allow":["GET"]}}],"collection":[{"href":"https:\/\/kaminameister.ee\/en\/wp-json\/wp\/v2\/product"}],"about":[{"href":"https:\/\/kaminameister.ee\/en\/wp-json\/wp\/v2\/types\/product"}],"replies":[{"embeddable":true,"href":"https:\/\/kaminameister.ee\/en\/wp-json\/wp\/v2\/comments?post=3139"}],"wp:featuredmedia":[{"embeddable":true,"href":"https:\/\/kaminameister.ee\/en\/wp-json\/wp\/v2\/media\/3143"}],"wp:attachment":[{"href":"https:\/\/kaminameister.ee\/en\/wp-json\/wp\/v2\/media?parent=3139"}],"wp:term":[{"taxonomy":"product_brand","embeddable":true,"href":"https:\/\/kaminameister.ee\/en\/wp-json\/wp\/v2\/product_brand?post=3139"},{"taxonomy":"product_cat","embeddable":true,"href":"https:\/\/kaminameister.ee\/en\/wp-json\/wp\/v2\/product_cat?post=3139"},{"taxonomy":"product_tag","embeddable":true,"href":"https:\/\/kaminameister.ee\/en\/wp-json\/wp\/v2\/product_tag?post=3139"}],"curies":[{"name":"wp","href":"https:\/\/api.w.org\/{rel}","templated":true}]}}