{"id":3132,"date":"2024-06-27T11:31:50","date_gmt":"2024-06-27T08:31:50","guid":{"rendered":"http:\/\/kaminameister.ee\/?post_type=product&#038;p=3132"},"modified":"2025-06-30T14:03:02","modified_gmt":"2025-06-30T11:03:02","slug":"pliit-pas-90-se-hergom","status":"publish","type":"product","link":"https:\/\/kaminameister.ee\/en\/tooted\/pliidid\/puukuttepliidid\/pliit-pas-90-se-hergom\/","title":{"rendered":"pliit PAS 90 SE (Hergom)"},"content":{"rendered":"<p><em>Pliidi korpuse v\u00e4rvitoon must.\u00a0 \u00a0<\/em><i>Kolde m\u00f5\u00f5dud: L 300 x H290 x S400 mm. Praeahju m\u00f5\u00f5dud L 350 x H385 x S425 mm.<\/i><\/p>\n<p><em>Tooteleht:\u00a0 <a href=\"http:\/\/kaminameister.ee\/wp-content\/uploads\/2024\/06\/pas-90.pdf\">Pas 90<\/a><\/em><\/p>\n","protected":false},"excerpt":{"rendered":"<p><em>Kaal: 235 kg, v\u00f5imsus: 8-11 kW, k\u00f5rgus: 848 mm, laius: 922 mm, s\u00fcgavus: 613 mm, kasutegur: 80%, suitsugaasi temperatuur 195\u00b0C, CO: 0.05%<\/em><\/p>\n<p><i><b>Pliit PAS 90 SE<\/b>, malmplaadiga, tagant\u00fchendusega, hind:\u00a0<b>3 353\u20ac<\/b><\/i><\/p>\n<p><i><b>Pliit PAS 90 SE,\u00a0<\/b>keraamilise\u00a0 plaadiga, tagant\u00fchendusega, hind:\u00a0<\/i><b><i>3 944\u20ac<\/i><\/b><\/p>\n<p>&nbsp;<\/p>\n","protected":false},"featured_media":3136,"comment_status":"open","ping_status":"closed","template":"","meta":{"_et_pb_use_builder":"","_et_pb_old_content":"","_et_gb_content_width":""},"product_brand":[144],"product_cat":[28,56],"product_tag":[],"class_list":{"0":"post-3132","1":"product","2":"type-product","3":"status-publish","4":"has-post-thumbnail","6":"product_brand-hergom","7":"product_cat-pliidid","8":"product_cat-puukuttepliidid","9":"pa_brand-hergom","11":"first","12":"instock","13":"shipping-taxable","14":"purchasable","15":"product-type-simple"},"_links":{"self":[{"href":"https:\/\/kaminameister.ee\/en\/wp-json\/wp\/v2\/product\/3132","targetHints":{"allow":["GET"]}}],"collection":[{"href":"https:\/\/kaminameister.ee\/en\/wp-json\/wp\/v2\/product"}],"about":[{"href":"https:\/\/kaminameister.ee\/en\/wp-json\/wp\/v2\/types\/product"}],"replies":[{"embeddable":true,"href":"https:\/\/kaminameister.ee\/en\/wp-json\/wp\/v2\/comments?post=3132"}],"wp:featuredmedia":[{"embeddable":true,"href":"https:\/\/kaminameister.ee\/en\/wp-json\/wp\/v2\/media\/3136"}],"wp:attachment":[{"href":"https:\/\/kaminameister.ee\/en\/wp-json\/wp\/v2\/media?parent=3132"}],"wp:term":[{"taxonomy":"product_brand","embeddable":true,"href":"https:\/\/kaminameister.ee\/en\/wp-json\/wp\/v2\/product_brand?post=3132"},{"taxonomy":"product_cat","embeddable":true,"href":"https:\/\/kaminameister.ee\/en\/wp-json\/wp\/v2\/product_cat?post=3132"},{"taxonomy":"product_tag","embeddable":true,"href":"https:\/\/kaminameister.ee\/en\/wp-json\/wp\/v2\/product_tag?post=3132"}],"curies":[{"name":"wp","href":"https:\/\/api.w.org\/{rel}","templated":true}]}}