{"id":3125,"date":"2024-06-26T17:14:47","date_gmt":"2024-06-26T14:14:47","guid":{"rendered":"http:\/\/kaminameister.ee\/?post_type=product&#038;p=3125"},"modified":"2025-06-30T14:05:12","modified_gmt":"2025-06-30T11:05:12","slug":"pliit-saja-8-100hergom","status":"publish","type":"product","link":"https:\/\/kaminameister.ee\/en\/tooted\/pliidid\/puukuttepliidid\/pliit-saja-8-100hergom\/","title":{"rendered":"pliit SAJA 8\/100(Hergom)"},"content":{"rendered":"<p><i>Saja 8, kulbiraud ja kaunistused ustel on kroomist .L\u00f5\u00f5ri\u00fchendus: \u00d8 150mm<\/i><\/p>\n<p><i>Kolde m\u00f5\u00f5dud: L 300 x H290 x S400 mm.\u00a0Praeahju m\u00f5\u00f5dud L 350 x H385 x S425 mm<\/i><\/p>\n<p><em>Tooteleht:\u00a0 <a href=\"http:\/\/kaminameister.ee\/wp-content\/uploads\/2024\/06\/saja-8_100.pdf\">Saja 8_100<\/a><\/em><\/p>\n","protected":false},"excerpt":{"rendered":"<p><em>Kaal: 240 kg, nominaalv\u00f5imsus: 8-11 kW, k\u00f5rgus: 849 mm, laius: 1022 mm, s\u00fcgavus: 615 mm, kasutegur: 80%, suitsugaasi temperatuur: 195\u00b0C, CO: 0.05%<\/em><\/p>\n<p><b><i>Mudel SAJA 8\/100 SE,malmplaadiga,hind 3 534\u20ac<\/i><\/b><\/p>\n<p><b><i>Mudel SAJA 8\/100 SE,keraamilise plaadiga,malmkattega klaasi all,hind 4 062\u20ac<\/i><\/b><\/p>\n","protected":false},"featured_media":3129,"comment_status":"open","ping_status":"closed","template":"","meta":{"_et_pb_use_builder":"","_et_pb_old_content":"","_et_gb_content_width":""},"product_brand":[144],"product_cat":[28,56],"product_tag":[],"class_list":{"0":"post-3125","1":"product","2":"type-product","3":"status-publish","4":"has-post-thumbnail","6":"product_brand-hergom","7":"product_cat-pliidid","8":"product_cat-puukuttepliidid","9":"pa_brand-hergom","11":"first","12":"instock","13":"shipping-taxable","14":"purchasable","15":"product-type-simple"},"_links":{"self":[{"href":"https:\/\/kaminameister.ee\/en\/wp-json\/wp\/v2\/product\/3125","targetHints":{"allow":["GET"]}}],"collection":[{"href":"https:\/\/kaminameister.ee\/en\/wp-json\/wp\/v2\/product"}],"about":[{"href":"https:\/\/kaminameister.ee\/en\/wp-json\/wp\/v2\/types\/product"}],"replies":[{"embeddable":true,"href":"https:\/\/kaminameister.ee\/en\/wp-json\/wp\/v2\/comments?post=3125"}],"wp:featuredmedia":[{"embeddable":true,"href":"https:\/\/kaminameister.ee\/en\/wp-json\/wp\/v2\/media\/3129"}],"wp:attachment":[{"href":"https:\/\/kaminameister.ee\/en\/wp-json\/wp\/v2\/media?parent=3125"}],"wp:term":[{"taxonomy":"product_brand","embeddable":true,"href":"https:\/\/kaminameister.ee\/en\/wp-json\/wp\/v2\/product_brand?post=3125"},{"taxonomy":"product_cat","embeddable":true,"href":"https:\/\/kaminameister.ee\/en\/wp-json\/wp\/v2\/product_cat?post=3125"},{"taxonomy":"product_tag","embeddable":true,"href":"https:\/\/kaminameister.ee\/en\/wp-json\/wp\/v2\/product_tag?post=3125"}],"curies":[{"name":"wp","href":"https:\/\/api.w.org\/{rel}","templated":true}]}}