{"id":3118,"date":"2024-06-26T17:04:13","date_gmt":"2024-06-26T14:04:13","guid":{"rendered":"http:\/\/kaminameister.ee\/?post_type=product&#038;p=3118"},"modified":"2025-06-30T14:04:14","modified_gmt":"2025-06-30T11:04:14","slug":"pliit-saja-7-90-sehergom","status":"publish","type":"product","link":"https:\/\/kaminameister.ee\/en\/tooted\/pliidid\/puukuttepliidid\/pliit-saja-7-90-sehergom\/","title":{"rendered":"pliit SAJA 7\/90 SE(Hergom)"},"content":{"rendered":"<p><i>Saja 7, kulbiraud ja kaunistused ustel on kroomist.L\u00f5\u00f5ri\u00fchendus: \u00d8 150mm<\/i><\/p>\n<p><i>Kolde m\u00f5\u00f5dud: L 300 x H290 x S400 mm.<br \/>\nPraeahju m\u00f5\u00f5dud L 350 x H385 x S425 mm.<\/i><\/p>\n<p><em>Tooteleht: <a href=\"http:\/\/kaminameister.ee\/wp-content\/uploads\/2024\/06\/saja-7_90-tooteleht.pdf\">Saja 7_90 tooteleht<\/a><\/em><\/p>\n","protected":false},"excerpt":{"rendered":"<p><em>Kaal: 225 kg, nominaalv\u00f5imsus: 8-11 kW, k\u00f5rgus: 848 mm, laius: 911 mm, s\u00fcgavus: 613 mm, kasutegur: 80, suitsugaasi temperatuur: 195\u00b0C, CO: 0.05<\/em><\/p>\n<p><b><i>Mudel SAJA 7,\/90 SE malmplaadiga,kroomosadega, hind 3 182\u20ac<\/i><\/b><\/p>\n<p><b><i>Mudel SAJA 7\/90\u00a0 SE,keraamilise plaadiga,kroomosadega, malmkattega klaasi all, hind 3 721\u20ac<\/i><\/b><\/p>\n","protected":false},"featured_media":3122,"comment_status":"open","ping_status":"closed","template":"","meta":{"_et_pb_use_builder":"","_et_pb_old_content":"","_et_gb_content_width":""},"product_brand":[144],"product_cat":[28,56],"product_tag":[],"class_list":{"0":"post-3118","1":"product","2":"type-product","3":"status-publish","4":"has-post-thumbnail","6":"product_brand-hergom","7":"product_cat-pliidid","8":"product_cat-puukuttepliidid","9":"pa_brand-hergom","11":"first","12":"instock","13":"shipping-taxable","14":"purchasable","15":"product-type-simple"},"_links":{"self":[{"href":"https:\/\/kaminameister.ee\/en\/wp-json\/wp\/v2\/product\/3118","targetHints":{"allow":["GET"]}}],"collection":[{"href":"https:\/\/kaminameister.ee\/en\/wp-json\/wp\/v2\/product"}],"about":[{"href":"https:\/\/kaminameister.ee\/en\/wp-json\/wp\/v2\/types\/product"}],"replies":[{"embeddable":true,"href":"https:\/\/kaminameister.ee\/en\/wp-json\/wp\/v2\/comments?post=3118"}],"wp:featuredmedia":[{"embeddable":true,"href":"https:\/\/kaminameister.ee\/en\/wp-json\/wp\/v2\/media\/3122"}],"wp:attachment":[{"href":"https:\/\/kaminameister.ee\/en\/wp-json\/wp\/v2\/media?parent=3118"}],"wp:term":[{"taxonomy":"product_brand","embeddable":true,"href":"https:\/\/kaminameister.ee\/en\/wp-json\/wp\/v2\/product_brand?post=3118"},{"taxonomy":"product_cat","embeddable":true,"href":"https:\/\/kaminameister.ee\/en\/wp-json\/wp\/v2\/product_cat?post=3118"},{"taxonomy":"product_tag","embeddable":true,"href":"https:\/\/kaminameister.ee\/en\/wp-json\/wp\/v2\/product_tag?post=3118"}],"curies":[{"name":"wp","href":"https:\/\/api.w.org\/{rel}","templated":true}]}}