{"id":3087,"date":"2024-06-26T15:44:20","date_gmt":"2024-06-26T12:44:20","guid":{"rendered":"http:\/\/kaminameister.ee\/?post_type=product&#038;p=3087"},"modified":"2025-06-30T13:56:35","modified_gmt":"2025-06-30T10:56:35","slug":"pliit-deva-ii-100-se-ja-100-se-islahergom","status":"publish","type":"product","link":"https:\/\/kaminameister.ee\/en\/tooted\/pliidid\/puukuttepliidid\/pliit-deva-ii-100-se-ja-100-se-islahergom\/","title":{"rendered":"pliit DEVA II 100 SE ja 100 SE Isla(Hergom)"},"content":{"rendered":"<p><i>Pliidi korpusel v\u00e4rvitoon: must. <\/i><i>Pliidiplaadi raam ja kulbiraud RST. K\u00fcpsetusahi RST.\u00a0<\/i><i>L\u00f5\u00f5ri\u00fchendus \u00d8 150mm,Praeahju m\u00f5\u00f5dud\u00a0 L\u00a0 450 x H385 x S425 mm, kolde m\u00f5\u00f5dud L 300 x H 290 x s 400 mm<\/i><\/p>\n<p><em>Tooteleht Deva II 100: <a href=\"http:\/\/kaminameister.ee\/wp-content\/uploads\/2024\/06\/deva-100-tooteleht.pdf\">Deva 100 tooteleht<\/a><\/em><\/p>\n<p><em>Tooteleht Deva 100 Isla<\/em>: <a href=\"http:\/\/kaminameister.ee\/wp-content\/uploads\/2024\/06\/deva-100-isla.pdf\">Deva 100 Isla<\/a><\/p>\n","protected":false},"excerpt":{"rendered":"<p><em>Kaal: 250 kg, v\u00f5imsus: 8-11 kW, k\u00f5rgus: 849 mm, laius: 1022 mm, s\u00fcgavus: 624 mm, suitsugaasi temperatuur 195\u00b0C<\/em><\/p>\n<p><b><i>Deva 100 SE<\/i><\/b><i>,malmplaadiga,hind<b> 4 236\u20ac<\/b>\u00a0,keraamilise pliidiplaadiga, hind:\u00a0<b>4 984 \u20ac<\/b>.\u00a0 \u00a0 Pliidi m\u00f5\u00f5dud: laius 1022,k\u00f5rgus 849, s\u00fcgavus 624 mm.<\/i><\/p>\n<p><b><i>Deva 100 SE Isla<\/i><\/b><i> keraamilise pliidiplaadiga, hind: <strong>5<\/strong><b> 100 \u20ac <\/b>.\u00a0 \u00a0 \u00a0Pliidi m\u00f5\u00f5dud: laius 1022,k\u00f5rgus 750,s\u00fcgavus 663 mm<\/i><\/p>\n","protected":false},"featured_media":3094,"comment_status":"open","ping_status":"closed","template":"","meta":{"_et_pb_use_builder":"","_et_pb_old_content":"","_et_gb_content_width":""},"product_brand":[144],"product_cat":[28,56],"product_tag":[],"class_list":{"0":"post-3087","1":"product","2":"type-product","3":"status-publish","4":"has-post-thumbnail","6":"product_brand-hergom","7":"product_cat-pliidid","8":"product_cat-puukuttepliidid","9":"pa_brand-hergom","11":"first","12":"instock","13":"shipping-taxable","14":"purchasable","15":"product-type-simple"},"_links":{"self":[{"href":"https:\/\/kaminameister.ee\/en\/wp-json\/wp\/v2\/product\/3087","targetHints":{"allow":["GET"]}}],"collection":[{"href":"https:\/\/kaminameister.ee\/en\/wp-json\/wp\/v2\/product"}],"about":[{"href":"https:\/\/kaminameister.ee\/en\/wp-json\/wp\/v2\/types\/product"}],"replies":[{"embeddable":true,"href":"https:\/\/kaminameister.ee\/en\/wp-json\/wp\/v2\/comments?post=3087"}],"wp:featuredmedia":[{"embeddable":true,"href":"https:\/\/kaminameister.ee\/en\/wp-json\/wp\/v2\/media\/3094"}],"wp:attachment":[{"href":"https:\/\/kaminameister.ee\/en\/wp-json\/wp\/v2\/media?parent=3087"}],"wp:term":[{"taxonomy":"product_brand","embeddable":true,"href":"https:\/\/kaminameister.ee\/en\/wp-json\/wp\/v2\/product_brand?post=3087"},{"taxonomy":"product_cat","embeddable":true,"href":"https:\/\/kaminameister.ee\/en\/wp-json\/wp\/v2\/product_cat?post=3087"},{"taxonomy":"product_tag","embeddable":true,"href":"https:\/\/kaminameister.ee\/en\/wp-json\/wp\/v2\/product_tag?post=3087"}],"curies":[{"name":"wp","href":"https:\/\/api.w.org\/{rel}","templated":true}]}}