{"id":2995,"date":"2024-06-26T12:40:35","date_gmt":"2024-06-26T09:40:35","guid":{"rendered":"http:\/\/kaminameister.ee\/?post_type=product&#038;p=2995"},"modified":"2025-05-21T16:19:53","modified_gmt":"2025-05-21T13:19:53","slug":"glasuurkamin-sissy-l-a-salvestav-sergio-leoni-mcz","status":"publish","type":"product","link":"https:\/\/kaminameister.ee\/en\/tooted\/ahjud-kaminahjud\/glasuurahjud\/glasuurkamin-sissy-l-a-salvestav-sergio-leoni-mcz\/","title":{"rendered":"glasuurkamin SISSY L\/A salvestav (Sergio Leoni, MCZ)"},"content":{"rendered":"<p><i>Lihtsa disainiga glasuurkamin. Mudelil on soojust salvestavad sisekivid, mis kindlustavad 12 tunnise soojuse \u00fche k\u00fcttekorraga.\u00a0\u00a0<\/i><i><br \/>\n<\/i><\/p>\n<p><em>Tehniline joonis:<\/em> \u00a0\u00a0 <a href=\"http:\/\/kaminameister.ee\/wp-content\/uploads\/2024\/06\/sissy-moodud.pdf\">Sissy m\u00f5\u00f5dud<\/a><\/p>\n","protected":false},"excerpt":{"rendered":"<p><em>Kaal: 217 kg, nominaalv\u00f5imsus: 9 kW, k\u00f5rgus: 1240 mm, laius: 710 mm, s\u00fcgavus: 520 mm, kasutegur: 80.8%, suitsugaasi temperatuur: 212\u00b0C<\/em><\/p>\n<p><em><strong>Hind: 5 745\u20ac\u00a0 \u00a0 \u00a0<\/strong><\/em><\/p>\n<p><i>\u00a0<\/i><\/p>\n<p>&nbsp;<\/p>\n","protected":false},"featured_media":3000,"comment_status":"open","ping_status":"closed","template":"","meta":{"_et_pb_use_builder":"","_et_pb_old_content":"","_et_gb_content_width":""},"product_brand":[152],"product_cat":[78,24],"product_tag":[],"class_list":{"0":"post-2995","1":"product","2":"type-product","3":"status-publish","4":"has-post-thumbnail","6":"product_brand-sergio-leoni","7":"product_cat-glasuurahjud","8":"product_cat-kaminad","9":"pa_brand-sergio-leoni","11":"first","12":"instock","13":"shipping-taxable","14":"purchasable","15":"product-type-simple"},"_links":{"self":[{"href":"https:\/\/kaminameister.ee\/en\/wp-json\/wp\/v2\/product\/2995","targetHints":{"allow":["GET"]}}],"collection":[{"href":"https:\/\/kaminameister.ee\/en\/wp-json\/wp\/v2\/product"}],"about":[{"href":"https:\/\/kaminameister.ee\/en\/wp-json\/wp\/v2\/types\/product"}],"replies":[{"embeddable":true,"href":"https:\/\/kaminameister.ee\/en\/wp-json\/wp\/v2\/comments?post=2995"}],"wp:featuredmedia":[{"embeddable":true,"href":"https:\/\/kaminameister.ee\/en\/wp-json\/wp\/v2\/media\/3000"}],"wp:attachment":[{"href":"https:\/\/kaminameister.ee\/en\/wp-json\/wp\/v2\/media?parent=2995"}],"wp:term":[{"taxonomy":"product_brand","embeddable":true,"href":"https:\/\/kaminameister.ee\/en\/wp-json\/wp\/v2\/product_brand?post=2995"},{"taxonomy":"product_cat","embeddable":true,"href":"https:\/\/kaminameister.ee\/en\/wp-json\/wp\/v2\/product_cat?post=2995"},{"taxonomy":"product_tag","embeddable":true,"href":"https:\/\/kaminameister.ee\/en\/wp-json\/wp\/v2\/product_tag?post=2995"}],"curies":[{"name":"wp","href":"https:\/\/api.w.org\/{rel}","templated":true}]}}