{"id":2985,"date":"2024-06-26T12:29:58","date_gmt":"2024-06-26T09:29:58","guid":{"rendered":"http:\/\/kaminameister.ee\/?post_type=product&#038;p=2985"},"modified":"2026-02-12T11:28:13","modified_gmt":"2026-02-12T09:28:13","slug":"glasuurahi-avantigabriel-kakelugnar","status":"publish","type":"product","link":"https:\/\/kaminameister.ee\/en\/tooted\/ahjud-kaminahjud\/glasuurahjud\/glasuurahi-avantigabriel-kakelugnar\/","title":{"rendered":"glasuurahi AVANTI(Gabriel Kakelugnar)"},"content":{"rendered":"<p><i>Kaasaegne Rootsi ahi, kus moderne disain annab palju v\u00f5imalusi. Ideaalne valik kaasaegsesse h\u00e4sti isoleeritud v\u00f5i passiivmajja. Suitsutoru d.150 mm.<br \/>\nAhju hinnas ahjus\u00fcdamik, mattkroomraam, liistud.<\/i><\/p>\n<p><i>Soojussalvestusv\u00f5ime<br \/>\n2,9h &#8211; 100%<br \/>\n8 h &#8211; 50%<br \/>\n17,2h &#8211; 25%<\/i><\/p>\n<p><i>Lisadena: \u00fclak\u00f5rgendus 1 431\u20ac, esiplekk 542\u20ac,, kroomosade asendus messingiga: 309, lisauksed mattkroom v\u00f5i messing: 552\u20ac.Graniidist simsid alates 411\u20ac<\/i><\/p>\n<p><i>\u00a0<\/i><i>Eritoon :tellimisel.<\/i><\/p>\n<p><em>Tooteleht:\u00a0 <a href=\"http:\/\/kaminameister.ee\/wp-content\/uploads\/2024\/06\/avanti-tooteleht.pdf\">Avanti tooteleht<\/a><\/em><\/p>\n","protected":false},"excerpt":{"rendered":"<p><em>Kaal: 1400 kg, nominaalv\u00f5imsus: 4.5 kW, k\u00f5rgus: 2430 mm, laius: 960 mm, s\u00fcgavus: 600 mm, kasutegur: 92,4%, suitsugaasi temperatuur: 120\/170\u00b0C, CO: 0.1<\/em><\/p>\n<p><i>Mudel: valge\/valge,graniit Black Impala v\u00f5i hall paekivi,H= 2430 mm,\u00a0<\/i><b><i>hind: 17 859 \u20ac<\/i><\/b><\/p>\n<p><i>Mudel: must\/must,graniit Black Impala v\u00f5i hall paekivi,H= 2430 mm,\u00a0<b>hind: 19 074 \u20ac<\/b><\/i><\/p>\n<p><em>Hind paigalduseta!<\/em><\/p>\n","protected":false},"featured_media":2989,"comment_status":"open","ping_status":"closed","template":"","meta":{"_et_pb_use_builder":"","_et_pb_old_content":"","_et_gb_content_width":""},"product_brand":[142],"product_cat":[108,78],"product_tag":[],"class_list":{"0":"post-2985","1":"product","2":"type-product","3":"status-publish","4":"has-post-thumbnail","6":"product_brand-gabriel-kakelugnar","7":"product_cat-ahjud-kaminahjud","8":"product_cat-glasuurahjud","9":"pa_brand-gabriel","11":"first","12":"instock","13":"shipping-taxable","14":"purchasable","15":"product-type-simple"},"_links":{"self":[{"href":"https:\/\/kaminameister.ee\/en\/wp-json\/wp\/v2\/product\/2985","targetHints":{"allow":["GET"]}}],"collection":[{"href":"https:\/\/kaminameister.ee\/en\/wp-json\/wp\/v2\/product"}],"about":[{"href":"https:\/\/kaminameister.ee\/en\/wp-json\/wp\/v2\/types\/product"}],"replies":[{"embeddable":true,"href":"https:\/\/kaminameister.ee\/en\/wp-json\/wp\/v2\/comments?post=2985"}],"wp:featuredmedia":[{"embeddable":true,"href":"https:\/\/kaminameister.ee\/en\/wp-json\/wp\/v2\/media\/2989"}],"wp:attachment":[{"href":"https:\/\/kaminameister.ee\/en\/wp-json\/wp\/v2\/media?parent=2985"}],"wp:term":[{"taxonomy":"product_brand","embeddable":true,"href":"https:\/\/kaminameister.ee\/en\/wp-json\/wp\/v2\/product_brand?post=2985"},{"taxonomy":"product_cat","embeddable":true,"href":"https:\/\/kaminameister.ee\/en\/wp-json\/wp\/v2\/product_cat?post=2985"},{"taxonomy":"product_tag","embeddable":true,"href":"https:\/\/kaminameister.ee\/en\/wp-json\/wp\/v2\/product_tag?post=2985"}],"curies":[{"name":"wp","href":"https:\/\/api.w.org\/{rel}","templated":true}]}}