{"id":2961,"date":"2024-06-26T11:37:10","date_gmt":"2024-06-26T08:37:10","guid":{"rendered":"http:\/\/kaminameister.ee\/?post_type=product&#038;p=2961"},"modified":"2026-02-12T11:31:32","modified_gmt":"2026-02-12T09:31:32","slug":"glasuurahi-studio-gabriel-kakelugnar","status":"publish","type":"product","link":"https:\/\/kaminameister.ee\/en\/tooted\/ahjud-kaminahjud\/glasuurahjud\/glasuurahi-studio-gabriel-kakelugnar\/","title":{"rendered":"glasuurahi STUDIO (Gabriel Kakelugnar)"},"content":{"rendered":"<p><i>Ahi Studio harmoneerub kaasaegse arhitektuuriga. Ahjud on saadaval laias v\u00e4rvivalikus, kus glasuuri viimistlus on l\u00e4ikiv v\u00f5i matt. Uus ja atraktiivne disain muudab selle mudeli populaarseks kaasaegses kodus. P\u00f5lemis\u00f5hu v\u00f5ib tuua \u00f5uest, kui maja on h\u00e4sti soojustatud ja on sundventilatsioon. Studio, nagu ka teised Gabriel ahjud, on 5-kanaliga, mis kiirgavad soojust veel kuni 24 tundi peale k\u00fctmise l\u00f5petamist.Studio mudelite standardv\u00e4rvitoonid: must ja valge.<\/i><\/p>\n<p><i>Soojussalvestusv\u00f5ime<br \/>\n2,9h &#8211; 100%<br \/>\n8 h &#8211; 50%<br \/>\n17,2h &#8211; 25%<\/i><\/p>\n<p><i>Suitsutoru d.150 mm.<\/i><\/p>\n<p><strong><em>NB! Juhul, kui ahju tagaosa j\u00e4\u00e4b n\u00e4htavaks,tuleb \u00fcmmargustel ahjudel tellida lisaks t\u00e4isringplaadid, hind: 1 926\u20ac.\u00a0<\/em><\/strong><\/p>\n<p><i>Lisadena: \u00fclak\u00f5rgendus 1 431\u20ac, esiplekk 542\u20ac, kroomosade asendus messingiga: 309, lisauksed mattkroom v\u00f5i messing: 552\u20ac.Eritooni potiribad: 486\u20ac<\/i><\/p>\n<p><i>\u00a0<\/i><i>Eritoon :tellimisel.<\/i><\/p>\n<p><em>Tooteleht:\u00a0 <a href=\"http:\/\/kaminameister.ee\/wp-content\/uploads\/2024\/06\/studio-tooteleht.pdf\">Studio tooteleht<\/a><\/em><\/p>\n","protected":false},"excerpt":{"rendered":"<p><em>Kaal: 1300 kg, nominaalv\u00f5imsus: 4.5 kW, k\u00f5rgus: 2350 mm, diameeter: 720 mm, kasutegur: 92,4%, suitsugaasi temperatuur: 120\/170\u00b0C, CO: 0.1<\/em><\/p>\n<p><b><i>Hind alates\u00a0 valge 15 689 \u20ac , <\/i><\/b>\u00a0<strong><em>must: 17 241\u20ac<\/em><\/strong><\/p>\n<p><em>Hind paigalduseta.<\/em><\/p>\n","protected":false},"featured_media":2965,"comment_status":"open","ping_status":"closed","template":"","meta":{"_et_pb_use_builder":"","_et_pb_old_content":"","_et_gb_content_width":""},"product_brand":[142],"product_cat":[108,78],"product_tag":[],"class_list":{"0":"post-2961","1":"product","2":"type-product","3":"status-publish","4":"has-post-thumbnail","6":"product_brand-gabriel-kakelugnar","7":"product_cat-ahjud-kaminahjud","8":"product_cat-glasuurahjud","9":"pa_brand-gabriel","11":"first","12":"instock","13":"shipping-taxable","14":"purchasable","15":"product-type-simple"},"_links":{"self":[{"href":"https:\/\/kaminameister.ee\/en\/wp-json\/wp\/v2\/product\/2961","targetHints":{"allow":["GET"]}}],"collection":[{"href":"https:\/\/kaminameister.ee\/en\/wp-json\/wp\/v2\/product"}],"about":[{"href":"https:\/\/kaminameister.ee\/en\/wp-json\/wp\/v2\/types\/product"}],"replies":[{"embeddable":true,"href":"https:\/\/kaminameister.ee\/en\/wp-json\/wp\/v2\/comments?post=2961"}],"wp:featuredmedia":[{"embeddable":true,"href":"https:\/\/kaminameister.ee\/en\/wp-json\/wp\/v2\/media\/2965"}],"wp:attachment":[{"href":"https:\/\/kaminameister.ee\/en\/wp-json\/wp\/v2\/media?parent=2961"}],"wp:term":[{"taxonomy":"product_brand","embeddable":true,"href":"https:\/\/kaminameister.ee\/en\/wp-json\/wp\/v2\/product_brand?post=2961"},{"taxonomy":"product_cat","embeddable":true,"href":"https:\/\/kaminameister.ee\/en\/wp-json\/wp\/v2\/product_cat?post=2961"},{"taxonomy":"product_tag","embeddable":true,"href":"https:\/\/kaminameister.ee\/en\/wp-json\/wp\/v2\/product_tag?post=2961"}],"curies":[{"name":"wp","href":"https:\/\/api.w.org\/{rel}","templated":true}]}}