{"id":2947,"date":"2024-06-25T17:27:38","date_gmt":"2024-06-25T14:27:38","guid":{"rendered":"http:\/\/kaminameister.ee\/?post_type=product&#038;p=2947"},"modified":"2026-02-12T11:35:51","modified_gmt":"2026-02-12T09:35:51","slug":"glasuurahi-gabriel-gabriel-kakelugnar","status":"publish","type":"product","link":"https:\/\/kaminameister.ee\/en\/tooted\/ahjud-kaminahjud\/glasuurahjud\/glasuurahi-gabriel-gabriel-kakelugnar\/","title":{"rendered":"glasuurahi GABRIEL (Gabriel Kakelugnar)"},"content":{"rendered":"<p><i>Mudeli krooniga sobitatud profiilid annavad ahjule unikaalse v\u00e4limuse.\u00a0<\/i><i>Mudeli k\u00f5rgus ca 2300 mm (Kohandatav erinevatele laek\u00f5rgustele)\u00a0 <\/i><i>ahju diameeter (p\u00f5hi): 770mm<\/i><\/p>\n<p><i>l\u00f5\u00f5ri\u00fchendus: pealt v\u00f5i tagant\u00fchendus.Suitsutoru d.150 mm.<\/i><\/p>\n<p><i>Soojussalvestusv\u00f5ime<br \/>\n2,9h &#8211; 100%<br \/>\n8 h &#8211; 50%<br \/>\n17,2h &#8211; 25%<\/i><\/p>\n<p>&nbsp;<\/p>\n<p><strong><em>NB! Juhul, kui ahju tagaosa j\u00e4\u00e4b n\u00e4htavaks,tuleb \u00fcmmargustel ahjudel tellida lisaks t\u00e4isringplaadid, hind: 1 926\u20ac.\u00a0<\/em><\/strong><\/p>\n<p><i>Lisadena: alumine k\u00f5rgendus: 542\u20ac, \u00fclak\u00f5rgendus 1 431\u20ac, esiplekk 542\u20ac, tagurpidi karniis: 711\u20ac, messingosade asendus harjatud kroomiga: 617\u20ac.Friisi ja krooni dekoor(standardmotiiv\/rida), hind: 1 029\u20ac ,t\u00e4isringdekoor friisil: 1 328\u20ac<\/i><\/p>\n<p><i>s<\/i><i>imsi dekoor(standardmotiiv\/rida), hind: 1 328\u20ac, simsi dekoor t\u00e4isring: 1 627\u20ac,k<\/i><i>ogu ahju dekoor : tellimisel!\u00a0 <\/i><i>Eritoon ning eridekoor:tellimisel.<\/i><\/p>\n<p><em>Tooteleht:\u00a0\u00a0<\/em><a href=\"http:\/\/kaminameister.ee\/wp-content\/uploads\/2024\/06\/gabriel-tooteleht.pdf\"> Gabriel tooteleht<\/a><\/p>\n","protected":false},"excerpt":{"rendered":"<p><em>Kaal: 1300 kg, nominaalv\u00f5imsus: 4.5 kW, k\u00f5rgus: 2300 mm,diameeter: 770 mm, kasutegur: 92,4%, suitsugaasi temperatuur: 120\/170\u00b0C, CO: 0.1<\/em><\/p>\n<p><strong><em>Hind 15 689\u20ac.<\/em><\/strong><\/p>\n<p><em>Hind paigalduseta.<\/em><\/p>\n","protected":false},"featured_media":2951,"comment_status":"open","ping_status":"closed","template":"","meta":{"_et_pb_use_builder":"","_et_pb_old_content":"","_et_gb_content_width":""},"product_brand":[142],"product_cat":[108,78],"product_tag":[],"class_list":{"0":"post-2947","1":"product","2":"type-product","3":"status-publish","4":"has-post-thumbnail","6":"product_brand-gabriel-kakelugnar","7":"product_cat-ahjud-kaminahjud","8":"product_cat-glasuurahjud","9":"pa_brand-gabriel","11":"first","12":"instock","13":"shipping-taxable","14":"purchasable","15":"product-type-simple"},"_links":{"self":[{"href":"https:\/\/kaminameister.ee\/en\/wp-json\/wp\/v2\/product\/2947","targetHints":{"allow":["GET"]}}],"collection":[{"href":"https:\/\/kaminameister.ee\/en\/wp-json\/wp\/v2\/product"}],"about":[{"href":"https:\/\/kaminameister.ee\/en\/wp-json\/wp\/v2\/types\/product"}],"replies":[{"embeddable":true,"href":"https:\/\/kaminameister.ee\/en\/wp-json\/wp\/v2\/comments?post=2947"}],"wp:featuredmedia":[{"embeddable":true,"href":"https:\/\/kaminameister.ee\/en\/wp-json\/wp\/v2\/media\/2951"}],"wp:attachment":[{"href":"https:\/\/kaminameister.ee\/en\/wp-json\/wp\/v2\/media?parent=2947"}],"wp:term":[{"taxonomy":"product_brand","embeddable":true,"href":"https:\/\/kaminameister.ee\/en\/wp-json\/wp\/v2\/product_brand?post=2947"},{"taxonomy":"product_cat","embeddable":true,"href":"https:\/\/kaminameister.ee\/en\/wp-json\/wp\/v2\/product_cat?post=2947"},{"taxonomy":"product_tag","embeddable":true,"href":"https:\/\/kaminameister.ee\/en\/wp-json\/wp\/v2\/product_tag?post=2947"}],"curies":[{"name":"wp","href":"https:\/\/api.w.org\/{rel}","templated":true}]}}