{"id":2880,"date":"2024-06-25T15:23:53","date_gmt":"2024-06-25T12:23:53","guid":{"rendered":"http:\/\/kaminameister.ee\/?post_type=product&#038;p=2880"},"modified":"2026-02-12T11:48:28","modified_gmt":"2026-02-12T09:48:28","slug":"glasuurahi-kungalv-gabriel-kakelugnar","status":"publish","type":"product","link":"https:\/\/kaminameister.ee\/en\/tooted\/ahjud-kaminahjud\/glasuurahjud\/glasuurahi-kungalv-gabriel-kakelugnar\/","title":{"rendered":"glasuurahi KUNG\u00c4LV (Gabriel Kakelugnar)"},"content":{"rendered":"<p><i>Mudel Kung\u00e4lv on inspireeritud vanadest maamajadest. Ahju kroon on klassikaline, mis sobib k\u00f5rge laega ruumi.<br \/>\n<\/i><\/p>\n<p><i>Hind sisaldab ahjus\u00fcdamikku messinguste ja raamiga. Ahju p\u00f5hja m\u00f5\u00f5t: 960 x 600 mm. Ahju k\u00f5rgus:2300mm (Kohandatav erinevatele laek\u00f5rgusteleKodulehe pildil k\u00f5rgusele 2,68 m.).l\u00f5\u00f5ri\u00fchendus: pealt v\u00f5i tagant\u00fchendus.Suitsutoru d.150 mm.<br \/>\n<\/i><\/p>\n<p><i>Soojussalvestusv\u00f5ime<br \/>\n2,9h &#8211; 100%<br \/>\n8 h &#8211; 50%<br \/>\n17,2h &#8211; 25%<\/i><\/p>\n<p><i>Lisadena: alumine k\u00f5rgendus: 542\u20ac, \u00fclak\u00f5rgendus 1 431\u20ac, esiplekk 542\u20ac, messingosade asendus harjatud kroomiga: 617\u20ac.Friisi ja krooni dekoor(standardmotiiv\/rida), hind: 1 328\u20ac ,<\/i><\/p>\n<p><i>s<\/i><i>imsi dekoor(standardmotiiv\/rida), hind: 1 328\u20ac,k<\/i><i>ogu ahju dekoor : tellimisel!\u00a0 <\/i><i>Eritoon ning eridekoor:tellimisel.<\/i><\/p>\n<p><em>Tooteleht:<a href=\"http:\/\/kaminameister.ee\/wp-content\/uploads\/2024\/06\/kungalv-tooteleht.pdf\">Kung\u00e4lv tooteleht<\/a><\/em><\/p>\n","protected":false},"excerpt":{"rendered":"<p><em>Kaal: 1400 kg, nominaalv\u00f5imsus: 4.5 kW, k\u00f5rgus: 2350 mm, laius: 960 mm, s\u00fcgavus: 600 mm, kasutegur: 92,4%, suitsugaasi temperatuur: 120\/170\u00b0C, CO: 0.1<\/em><\/p>\n<p><strong><em>Hind : 14 680\u20ac<\/em><\/strong><\/p>\n<p><em>Hind paigalduseta.<\/em><\/p>\n","protected":false},"featured_media":2884,"comment_status":"open","ping_status":"closed","template":"","meta":{"_et_pb_use_builder":"","_et_pb_old_content":"","_et_gb_content_width":""},"product_brand":[142],"product_cat":[108,78],"product_tag":[],"class_list":{"0":"post-2880","1":"product","2":"type-product","3":"status-publish","4":"has-post-thumbnail","6":"product_brand-gabriel-kakelugnar","7":"product_cat-ahjud-kaminahjud","8":"product_cat-glasuurahjud","9":"pa_brand-gabriel","11":"first","12":"instock","13":"shipping-taxable","14":"purchasable","15":"product-type-simple"},"_links":{"self":[{"href":"https:\/\/kaminameister.ee\/en\/wp-json\/wp\/v2\/product\/2880","targetHints":{"allow":["GET"]}}],"collection":[{"href":"https:\/\/kaminameister.ee\/en\/wp-json\/wp\/v2\/product"}],"about":[{"href":"https:\/\/kaminameister.ee\/en\/wp-json\/wp\/v2\/types\/product"}],"replies":[{"embeddable":true,"href":"https:\/\/kaminameister.ee\/en\/wp-json\/wp\/v2\/comments?post=2880"}],"wp:featuredmedia":[{"embeddable":true,"href":"https:\/\/kaminameister.ee\/en\/wp-json\/wp\/v2\/media\/2884"}],"wp:attachment":[{"href":"https:\/\/kaminameister.ee\/en\/wp-json\/wp\/v2\/media?parent=2880"}],"wp:term":[{"taxonomy":"product_brand","embeddable":true,"href":"https:\/\/kaminameister.ee\/en\/wp-json\/wp\/v2\/product_brand?post=2880"},{"taxonomy":"product_cat","embeddable":true,"href":"https:\/\/kaminameister.ee\/en\/wp-json\/wp\/v2\/product_cat?post=2880"},{"taxonomy":"product_tag","embeddable":true,"href":"https:\/\/kaminameister.ee\/en\/wp-json\/wp\/v2\/product_tag?post=2880"}],"curies":[{"name":"wp","href":"https:\/\/api.w.org\/{rel}","templated":true}]}}